{"id":129476,"date":"2024-11-06T20:46:32","date_gmt":"2024-11-06T20:46:32","guid":{"rendered":"https:\/\/staging.nbg.eu\/product\/vortex-optics-defender-stmicro-red-dot\/"},"modified":"2025-01-07T10:55:27","modified_gmt":"2025-01-07T10:55:27","slug":"vortex-optics-defender-st-micro-red-dot","status":"publish","type":"product","link":"https:\/\/staging.nbg.eu\/no\/produkt\/vortex-optics-defender-st-micro-red-dot\/","title":{"rendered":"Vortex Optics &#8211; Defender-ST Micro Red Dot"},"content":{"rendered":"<h2>Vortex Optics &#8211; Defender-ST\u2122 Micro R\u00f8dpunktsikte<\/h2>\n<p>Vortex Optics Defender-ST\u2122 Micro R\u00f8dpunktsikte er designet for h\u00e5ndv\u00e5pen, hagler og som offset p\u00e5 karabiner, egnet for skyte\u00f8velser eller krevende tjenestebehov.<\/p>\n<h2>Hovedfunksjoner:<\/h2>\n<ul>\n<li>DeltaPoint\u00ae Pro monteringsfotavtrykk<\/li>\n<li>6 MOA r\u00f8dt punkt<\/li>\n<li>1x forst\u00f8rrelse med ubegrenset \u00f8yeavstand<\/li>\n<li>25 000 timers batterilevetid med CR2032-batteri<\/li>\n<li>Bevegelsesaktivert med 10 minutters automatisk avstengning<\/li>\n<li>ShockShield\u2122-teknologi for \u00f8kt holdbarhet<\/li>\n<li>Fast-Rack\u2122-tekstur for enkel sluttstykkeh\u00e5ndtering<\/li>\n<li>Toppmontert batteri for enkle bytter<\/li>\n<li>10 lysstyrkeinnstillinger, inkludert 2 nattsynkompatible alternativer<\/li>\n<\/ul>\n<h2>Optisk ytelse:<\/h2>\n<p>Defender-ST\u2122 har en stor, hardbelagt asf\u00e6risk linse for et forvrengningsfritt siktebilde. Med sin parallaksefrie design og opplyste midtpunkt, gir den rask m\u00e5linnhenting under ulike lysforhold.<\/p>\n<h2>Holdbarhet og konstruksjon:<\/h2>\n<p>Dette siktet er vanntett, t\u00e5kesikkert og st\u00f8tsikkert. 7075 aluminiumskroppen med ShockShield\u2122 polymerinnsats sikrer holdbarhet, mens den mattsvarte anodiserte overflaten gir korrosjonsbeskyttelse.<\/p>\n<h2>Allsidighet og brukervennlighet:<\/h2>\n<p>Med sin kompakte st\u00f8rrelse (1,8&#8243; lengde) og lette design (1,48 oz) passer Defender-ST\u2122 til ulike bruksomr\u00e5der. Det toppmonterte batteriet muliggj\u00f8r enkle bytter uten \u00e5 miste nullpunktet, og Fast-Rack\u2122-teksturen tillater sluttstykkeh\u00e5ndtering p\u00e5 alle overflater.<\/p>\n<p>Vortex Optics Defender-ST\u2122 Micro R\u00f8dpunktsikte er egnet for ulike skytescenarier.<\/p>\n","protected":false},"excerpt":{"rendered":"<p>Robust, n\u00f8yaktig mikro-r\u00f8dpunktsikte for h\u00e5ndv\u00e5pen, hagler og karabiner.<\/p>\n","protected":false},"featured_media":78389,"template":"","meta":{"_acf_changed":false},"product_brand":[11971],"product_cat":[13268,13267,13288,13321,13287],"product_tag":[],"class_list":{"0":"post-129476","1":"product","2":"type-product","3":"status-publish","4":"has-post-thumbnail","6":"product_brand-vortex","7":"product_cat-pistol","8":"product_cat-pistol-dots","9":"product_cat-red-dots","10":"product_cat-rodpunktsikter","11":"product_cat-sikting","13":"first","14":"outofstock","15":"taxable","16":"shipping-taxable","17":"purchasable","18":"product-type-simple"},"acf":[],"_links":{"self":[{"href":"https:\/\/staging.nbg.eu\/no\/wp-json\/wp\/v2\/product\/129476","targetHints":{"allow":["GET"]}}],"collection":[{"href":"https:\/\/staging.nbg.eu\/no\/wp-json\/wp\/v2\/product"}],"about":[{"href":"https:\/\/staging.nbg.eu\/no\/wp-json\/wp\/v2\/types\/product"}],"wp:featuredmedia":[{"embeddable":true,"href":"https:\/\/staging.nbg.eu\/no\/wp-json\/wp\/v2\/media\/78389"}],"wp:attachment":[{"href":"https:\/\/staging.nbg.eu\/no\/wp-json\/wp\/v2\/media?parent=129476"}],"wp:term":[{"taxonomy":"product_brand","embeddable":true,"href":"https:\/\/staging.nbg.eu\/no\/wp-json\/wp\/v2\/product_brand?post=129476"},{"taxonomy":"product_cat","embeddable":true,"href":"https:\/\/staging.nbg.eu\/no\/wp-json\/wp\/v2\/product_cat?post=129476"},{"taxonomy":"product_tag","embeddable":true,"href":"https:\/\/staging.nbg.eu\/no\/wp-json\/wp\/v2\/product_tag?post=129476"}],"curies":[{"name":"wp","href":"https:\/\/api.w.org\/{rel}","templated":true}]}}