{"id":106955,"date":"2024-11-06T20:20:45","date_gmt":"2024-12-30T10:04:05","guid":{"rendered":"https:\/\/staging.nbg.eu\/product\/vortex-optics-razor-hd-gen-ii4-5-27x56-ffp\/"},"modified":"2024-12-30T10:06:29","modified_gmt":"2024-12-30T10:06:29","slug":"vortex-optics-razor-hd-gen-ii-45-27x56-ffp","status":"publish","type":"product","link":"https:\/\/staging.nbg.eu\/no\/produkt\/vortex-optics-razor-hd-gen-ii-45-27x56-ffp\/","title":{"rendered":"Vortex Optics Razor HD Gen II 4.5-27&#215;56 FFP"},"content":{"rendered":"<div class=\"product-description\">\n<h2>Vortex Optics Razor\u00ae HD Gen II 4.5-27&#215;56 FFP<\/h2>\n<p>Vortex Optics Razor\u00ae HD Gen II 4.5-27&#215;56 FFP er et presisjonskikkert for lang rekkevidde, designet for ekstreme milj\u00f8er. Det er et valg for presisjonsskyttere.<\/p>\n<h2>Hovedfunksjoner:<\/h2>\n<ul>\n<li>4.5-27x zoomomr\u00e5de for allsidig sikting<\/li>\n<li>34mm enkeltstykke aluminiumsr\u00f8r for holdbarhet<\/li>\n<li>L-Tec justeringssystem for presise justeringer<\/li>\n<li>F\u00f8rste fokalplan-retikkel for konsistente subtensions<\/li>\n<li>EBR-7C (MRAD) retikkel for avstandsberegning og holdover<\/li>\n<\/ul>\n<h2>Optisk kvalitet:<\/h2>\n<p>Razor HD Gen II har APO (Apokromatisk) system med indekstilpassede linser, som korrigerer farge over hele det visuelle spekteret. HD-linseelementer og XR\u2122 Plus helflerlags-belagte optikk gir klarhet og lysoverf\u00f8ring. ArmorTek\u00ae-belegget beskytter ytre linser mot riper, olje og skitt.<\/p>\n<h2>Presisjonsteknikk:<\/h2>\n<p>Kikkerten har et presisjonsmaskinert erektorr\u00f8rsystem av flykvalitetsaluminium, med et fj\u00e6rsystem i rustfritt st\u00e5l. L-Tec+\u2122 Zero System forhindrer at h\u00f8ydejusteringen g\u00e5r under siktejusteringsomr\u00e5det, mens friksjonsreduksjonssystemet s\u00f8rger for holdbarhet og repeterbarhet.<\/p>\n<h2>Taktisk fordel:<\/h2>\n<p>Med 33 MRAD h\u00f8ydejustering og 14 MRAD sidejustering er dette kikkerten klar for lang rekkevidde. Den eksterne rotasjonsindikatoren gir rask visuell og taktil referanse for h\u00f8ydejusteringens posisjon. Mikrojusterbar nullinnstilling muliggj\u00f8r uendelige nullposisjoner mellom klikk for optimal n\u00f8yaktighet.<\/p>\n<h2>Dimensjoner og spesifikasjoner:<\/h2>\n<ul>\n<li>Forst\u00f8rrelse: 4.5-27x<\/li>\n<li>Objektivdiameter: 56 mm<\/li>\n<li>\u00d8yeavstand: 3.7&#8243;<\/li>\n<li>Synsfelt: 25.3&#8242; &#8211; 4.4&#8242; @ 100 yards<\/li>\n<li>R\u00f8rdiameter: 34 mm<\/li>\n<li>Lengde: 14.4&#8243;<\/li>\n<li>Vekt: 48.5 oz<\/li>\n<\/ul>\n<h2>EBR-7C (MRAD) Retikkel:<\/h2>\n<p>EBR-7C-retikkelen i f\u00f8rste fokalplan inneholder nyttig subtensionsdata for konkurranseskyting eller jakt p\u00e5 lang rekkevidde. Den har et vindtre i de nedre to kvadrantene for raske oppf\u00f8lgingsjusteringer for b\u00e5de vind og h\u00f8yde. 7C-varianten plasserer tall p\u00e5 de nedre stadia p\u00e5 utsiden av vindprikkene, noe som reduserer hindringer rundt den vertikale stadia.<\/p>\n<p>Vortex Optics Razor\u00ae HD Gen II 4.5-27&#215;56 FFP gir presisjon, holdbarhet og optisk kvalitet for konkurranseskyttere og jegere som skyter p\u00e5 lang rekkevidde.<\/p>\n<\/div>\n","protected":false},"excerpt":{"rendered":"<p>Presisjons langdistansekikkert med FFP-retikkel og L-Tec-t\u00e5rn for ekstrem n\u00f8yaktighet.<\/p>\n","protected":false},"featured_media":77880,"template":"","meta":{"_acf_changed":false},"product_brand":[11971],"product_cat":[13255,13287],"product_tag":[],"class_list":{"0":"post-106955","1":"product","2":"type-product","3":"status-publish","4":"has-post-thumbnail","6":"product_brand-vortex","7":"product_cat-forstorret-optikk","8":"product_cat-sikting","10":"first","11":"instock","12":"taxable","13":"shipping-taxable","14":"purchasable","15":"product-type-simple"},"acf":[],"_links":{"self":[{"href":"https:\/\/staging.nbg.eu\/no\/wp-json\/wp\/v2\/product\/106955","targetHints":{"allow":["GET"]}}],"collection":[{"href":"https:\/\/staging.nbg.eu\/no\/wp-json\/wp\/v2\/product"}],"about":[{"href":"https:\/\/staging.nbg.eu\/no\/wp-json\/wp\/v2\/types\/product"}],"wp:featuredmedia":[{"embeddable":true,"href":"https:\/\/staging.nbg.eu\/no\/wp-json\/wp\/v2\/media\/77880"}],"wp:attachment":[{"href":"https:\/\/staging.nbg.eu\/no\/wp-json\/wp\/v2\/media?parent=106955"}],"wp:term":[{"taxonomy":"product_brand","embeddable":true,"href":"https:\/\/staging.nbg.eu\/no\/wp-json\/wp\/v2\/product_brand?post=106955"},{"taxonomy":"product_cat","embeddable":true,"href":"https:\/\/staging.nbg.eu\/no\/wp-json\/wp\/v2\/product_cat?post=106955"},{"taxonomy":"product_tag","embeddable":true,"href":"https:\/\/staging.nbg.eu\/no\/wp-json\/wp\/v2\/product_tag?post=106955"}],"curies":[{"name":"wp","href":"https:\/\/api.w.org\/{rel}","templated":true}]}}