{"id":106815,"date":"2024-11-16T10:23:45","date_gmt":"2024-12-30T09:55:57","guid":{"rendered":"https:\/\/staging.nbg.eu\/product\/sai-optics-model-sai-6-1x-6x\/"},"modified":"2024-12-30T09:58:19","modified_gmt":"2024-12-30T09:58:19","slug":"sai-optics-model-sai-6-1x-6x","status":"publish","type":"product","link":"https:\/\/staging.nbg.eu\/no\/produkt\/sai-optics-model-sai-6-1x-6x\/","title":{"rendered":"SAI Optics Model SAI 6 &#8211; 1x-6x"},"content":{"rendered":"<h2>SAI Optics Model SAI 6 &#8211; 1x-6x<\/h2>\n<p>SAI 6-seriens optiske sikte tilbyr en robust l\u00f8sning for variable forst\u00f8rrelsesbehov. Den har et LED-belyst f\u00f8rste fokalplansikte som sikrer n\u00f8yaktig avstandsberegning og ballistisk kompensasjon ved alle forst\u00f8rrelser. Siktet og synsfeltet forbedrer effektiviteten p\u00e5 kort avstand.<\/p>\n<h2>Hovedfunksjoner:<\/h2>\n<ul>\n<li>Forst\u00f8rrelse: 1x-6x<\/li>\n<li>Robust r\u00f8rdesign for modul\u00e6r montering<\/li>\n<li>LED-belyst sikte med 10 innstillinger<\/li>\n<li>Tilgjengelige sikter: 5.56 BDC, 6.8 BDC, 7.62 BDC<\/li>\n<li>Vanntett: 2 timer @ 3 meter<\/li>\n<li>St\u00f8tsikker: 1000g&#8217;s @ 10,000 sykluser<\/li>\n<\/ul>\n<h2>Sikter:<\/h2>\n<ul>\n<li>5.56 BDC &#8211; Sikte<\/li>\n<li>6.8 BDC &#8211; Sikte<\/li>\n<li>7.62 BDC &#8211; Sikte<\/li>\n<\/ul>\n<h2>Spesifikasjoner:<\/h2>\n<ul>\n<li>Lengde: 256mm (10.07 tommer)<\/li>\n<li>Vekt: 510g (18.0 unser)<\/li>\n<li>R\u00f8rdiameter: 30mm<\/li>\n<li>Synsfelt @ 1x: 22 grader (38.8m @ 100m)<\/li>\n<li>\u00d8yeavstand: 90mm (3.54 tommer) nominell<\/li>\n<li>Batteritype: CR2032 3v litium<\/li>\n<\/ul>\n<h2>Standard tilbeh\u00f8r:<\/h2>\n<ul>\n<li>Tenebraex linsedeksler<\/li>\n<li>Tenebraex anti-refleksjonsenheter<\/li>\n<li>Justeringshette med snor<\/li>\n<li>Batterifjerningsskive<\/li>\n<\/ul>\n<p>SAI 6-serien er designet for optisk ytelse i robuste milj\u00f8er og er kompatibel med avanserte optiske siktesystemforbedringer som flippdeksler, laserfiltre og polarisatorer.<\/p>\n","protected":false},"excerpt":{"rendered":"<p>SAI 6\u2122: Robust 1x-6x LED-sikte med FFP-retikkel og bredt synsfelt.<\/p>\n","protected":false},"featured_media":79694,"template":"","meta":{"_acf_changed":false},"product_brand":[11713],"product_cat":[13255,13287],"product_tag":[],"class_list":{"0":"post-106815","1":"product","2":"type-product","3":"status-publish","4":"has-post-thumbnail","6":"product_brand-sai-optics","7":"product_cat-forstorret-optikk","8":"product_cat-sikting","10":"first","11":"instock","12":"taxable","13":"shipping-taxable","14":"purchasable","15":"product-type-variable","16":"wvs-archive-product-wrapper"},"acf":[],"_links":{"self":[{"href":"https:\/\/staging.nbg.eu\/no\/wp-json\/wp\/v2\/product\/106815","targetHints":{"allow":["GET"]}}],"collection":[{"href":"https:\/\/staging.nbg.eu\/no\/wp-json\/wp\/v2\/product"}],"about":[{"href":"https:\/\/staging.nbg.eu\/no\/wp-json\/wp\/v2\/types\/product"}],"wp:featuredmedia":[{"embeddable":true,"href":"https:\/\/staging.nbg.eu\/no\/wp-json\/wp\/v2\/media\/79694"}],"wp:attachment":[{"href":"https:\/\/staging.nbg.eu\/no\/wp-json\/wp\/v2\/media?parent=106815"}],"wp:term":[{"taxonomy":"product_brand","embeddable":true,"href":"https:\/\/staging.nbg.eu\/no\/wp-json\/wp\/v2\/product_brand?post=106815"},{"taxonomy":"product_cat","embeddable":true,"href":"https:\/\/staging.nbg.eu\/no\/wp-json\/wp\/v2\/product_cat?post=106815"},{"taxonomy":"product_tag","embeddable":true,"href":"https:\/\/staging.nbg.eu\/no\/wp-json\/wp\/v2\/product_tag?post=106815"}],"curies":[{"name":"wp","href":"https:\/\/api.w.org\/{rel}","templated":true}]}}