{"id":106637,"date":"2024-01-30T18:13:57","date_gmt":"2024-01-30T18:13:57","guid":{"rendered":"https:\/\/staging.nbg.eu\/product\/tangent-theta-tt735p-7-35x56mm-professional\/"},"modified":"2025-10-01T16:19:34","modified_gmt":"2025-10-01T13:19:34","slug":"tangent-theta-tt735p-7-35x56mm-professional","status":"publish","type":"product","link":"https:\/\/staging.nbg.eu\/no\/produkt\/tangent-theta-tt735p-7-35x56mm-professional\/","title":{"rendered":"Tangent Theta TT735P (7-35x56mm Professional)"},"content":{"rendered":"<div class=\"product-description\">\n<p>Tangent Theta ble grunnlagt i 2013 i Nova Scotia, Canada med m\u00e5l om \u00e5 produsere de beste riflekikkertene i verden. Kikkertene er h\u00e5ndmontert, individuelt testet og inspisert av et team best\u00e5ende av optiske designere, mekaniske ingeni\u00f8rer og langdistanseskyttere p\u00e5 internasjonalt niv\u00e5.<\/p>\n<h2>Tangent Theta TT735P 7-35x56mm Profesjonell Riflekikkert<\/h2>\n<p>Tangent Theta TT735P er en 7-35x56mm riflekikkert for profesjonelle skyttere. Dette instrumentet kombinerer avansert teknologi med holdbarhet for \u00e5 levere ytelse under krevende forhold.<\/p>\n<h2>Hovedfunksjoner:<\/h2>\n<ul>\n<li>7-35x forst\u00f8rrelse for m\u00e5lidentifikasjon p\u00e5 lange avstander<\/li>\n<li>56mm objektivlinse for lysinnsamling<\/li>\n<li>36mm hovedr\u00f8r for strukturell integritet og justeringsomr\u00e5de<\/li>\n<li>Parallaksejustering ned til 10 meter<\/li>\n<li>11 retikkelbelysningsinnstillinger<\/li>\n<li>Patentert TOOL-LESS RE-ZERO\u00ae funksjon for nullstilling (US Patent # 10,591,253)<\/li>\n<li>Ikke-oversettende knotter med h\u00f8ydejustering nullstopp<\/li>\n<li>Dobbel-turn h\u00f8ydejustering med omdreiningsindikator<\/li>\n<li>L\u00e5sbar hurtigjusterende dioptri<\/li>\n<\/ul>\n<h2>Kvalitet:<\/h2>\n<p>Bygget i Canada, TT735P er testet for \u00e5 t\u00e5le harde milj\u00f8forhold. Den har Type II anodisert matt overflate, 4-timers vanntett vurdering ved 10 meter, og 700g st\u00f8tsikker vurdering ved 10 000 sykluser.<\/p>\n<\/div>\n<h2>Retikler:<\/h2>\n<ol>\n<li data-line-height=\"xs\">Horus Tremor3 retikkel<\/li>\n<li data-line-height=\"xs\">JTAC<\/li>\n<li data-line-height=\"xs\">Gen 3 XR Fine<\/li>\n<\/ol>\n<div class=\"product-description\">\n<h2>Optikk:<\/h2>\n<p>Velg mellom tre retikkelalternativer: Horus Tremor3, JTAC eller Gen 3 XR Fine. TT735P har 90mm \u00f8yeavstand og synsfelt fra 5,41m ved 100m (7x) til 1,08m ved 100m (35x).<\/p>\n<h2>Justeringer:<\/h2>\n<p>0,1 mrad justeringsoppl\u00f8sning, 30 mrad totalt h\u00f8ydeomr\u00e5de og 14 mrad totalt sideomr\u00e5de. Sideparallaksejustering og l\u00e5sbar dioptri sikrer et klart bilde p\u00e5 alle avstander.<\/p>\n<p>Tangent Theta TT735P er designet for skyttere som krever h\u00f8y ytelse.<\/p>\n<\/div>\n","protected":false},"excerpt":{"rendered":"<p>Tangent Theta 7-35x56mm Professional er kikkertsikte du velger for skyting p\u00e5 ekstremt lange avstander.<\/p>\n","protected":false},"featured_media":81003,"template":"","meta":{"_acf_changed":false},"product_brand":[11894],"product_cat":[13255,13287],"product_tag":[],"class_list":{"0":"post-106637","1":"product","2":"type-product","3":"status-publish","4":"has-post-thumbnail","6":"product_brand-tangent-theta","7":"product_cat-forstorret-optikk","8":"product_cat-sikting","10":"first","11":"instock","12":"taxable","13":"shipping-taxable","14":"purchasable","15":"product-type-variable","16":"wvs-archive-product-wrapper"},"acf":[],"_links":{"self":[{"href":"https:\/\/staging.nbg.eu\/no\/wp-json\/wp\/v2\/product\/106637","targetHints":{"allow":["GET"]}}],"collection":[{"href":"https:\/\/staging.nbg.eu\/no\/wp-json\/wp\/v2\/product"}],"about":[{"href":"https:\/\/staging.nbg.eu\/no\/wp-json\/wp\/v2\/types\/product"}],"wp:featuredmedia":[{"embeddable":true,"href":"https:\/\/staging.nbg.eu\/no\/wp-json\/wp\/v2\/media\/81003"}],"wp:attachment":[{"href":"https:\/\/staging.nbg.eu\/no\/wp-json\/wp\/v2\/media?parent=106637"}],"wp:term":[{"taxonomy":"product_brand","embeddable":true,"href":"https:\/\/staging.nbg.eu\/no\/wp-json\/wp\/v2\/product_brand?post=106637"},{"taxonomy":"product_cat","embeddable":true,"href":"https:\/\/staging.nbg.eu\/no\/wp-json\/wp\/v2\/product_cat?post=106637"},{"taxonomy":"product_tag","embeddable":true,"href":"https:\/\/staging.nbg.eu\/no\/wp-json\/wp\/v2\/product_tag?post=106637"}],"curies":[{"name":"wp","href":"https:\/\/api.w.org\/{rel}","templated":true}]}}