{"id":106296,"date":"2024-11-17T08:06:47","date_gmt":"2024-12-30T09:21:18","guid":{"rendered":"https:\/\/staging.nbg.eu\/product\/tangent-theta-tt525p-5-25x56mm-professional\/"},"modified":"2024-12-30T09:23:41","modified_gmt":"2024-12-30T09:23:41","slug":"tangent-theta-tt525p-5-25x56mm-professional","status":"publish","type":"product","link":"https:\/\/staging.nbg.eu\/no\/produkt\/tangent-theta-tt525p-5-25x56mm-professional\/","title":{"rendered":"Tangent Theta TT525P (5-25x56mm Professional)"},"content":{"rendered":"<h2>Tangent Theta TT525P 5-25x56mm Profesjonelt Rifleteleskop<\/h2>\n<p>Tangent Theta TT525P er et presisjonssikteinstrument for lang rekkevidde designet for profesjonelle skyttere. Bygget i Canada, kombinerer dette rifleteleskopet holdbarhet, mekanisk presisjon og optisk kvalitet.<\/p>\n<h2>Hovedfunksjoner:<\/h2>\n<ul>\n<li>56mm objektivlinse for lysinnsamling<\/li>\n<li>34mm hovedr\u00f8r for \u00f8kt justeringsomr\u00e5de<\/li>\n<li>5-25x forst\u00f8rrelsesomr\u00e5de<\/li>\n<li>Elleve retikkelbelysningsinnstillinger<\/li>\n<li>Sideparallaksejustering fra 50m til uendelig<\/li>\n<li>Patentert TOOL-LESS RE-ZERO\u00ae funksjon (US Patent # 10,591,253)<\/li>\n<li>Ikke-oversettende knapper med h\u00f8ydejustering nullstopp<\/li>\n<li>Dobbeltdreiende h\u00f8ydejustering med omdreiningsindikator<\/li>\n<li>L\u00e5sbar hurtigjusterende diopter (-3 til +2,5)<\/li>\n<\/ul>\n<h2>Retikler:<\/h2>\n<ul>\n<li>Gen 2 XR retikkel<\/li>\n<li>MoA-ER<\/li>\n<li>Gen 3 XR retikkel<\/li>\n<li>Gen 2 MoA-ER<\/li>\n<li>Gen 3 XR Fine retikkel<\/li>\n<li>Horus H59 retikkel<\/li>\n<li>Horus Tremor3 retikkel<\/li>\n<li>JTAC retikkel<\/li>\n<li>Gen 2 XR retikkel, AIF<\/li>\n<li>Gen 3 XR retikkel, AIF<\/li>\n<li>Gen 3 XR Fine retikkel, AIF<\/li>\n<li>JTAC retikkel, AIF<\/li>\n<li>Horus Tremor3 retikkel, AIF<\/li>\n<\/ul>\n<h2>Presisjon:<\/h2>\n<p>TT525P har et totalt justeringsomr\u00e5de p\u00e5 30 mrad (103 MoA) for h\u00f8yde og \u00b110 mrad (\u00b134 MoA) for vindavdrift. Med en 0,1 mrad eller 1\/4 MoA justeringsoppl\u00f8sning.<\/p>\n<h2>Optikk:<\/h2>\n<p>\u00d8yeavstand p\u00e5 90mm og synsfelt fra 7,6m ved 100m (5x) til 1,6m ved 100m (25x). 56mm objektivlinse sikrer lysoverf\u00f8ring.<\/p>\n<h2>Holdbarhet:<\/h2>\n<p>TT525P er vanntett til 10 meter i 4 timer og st\u00f8tsikker til 700g&#8217;s ved 10 000 sykluser. Type II anodisert matt overflate gir beskyttelse.<\/p>\n<h2>Retikkelalternativer:<\/h2>\n<p>Velg mellom Gen 2XR, MoA, Gen 3XR, H-59, Tremor3, JTAC, Gen 3 XR Fine og GEN2 MOA-ER.<\/p>\n<h2>Ytterligere spesifikasjoner:<\/h2>\n<ul>\n<li>Lengde: 425mm<\/li>\n<li>Vekt: 1150g<\/li>\n<li>Objektivdiameter: 65mm<\/li>\n<li>Belysning: LED-drevet med 11 innstillinger<\/li>\n<li>Batteri: DL2032 3v litium<\/li>\n<\/ul>\n<p>Tangent Theta TT525P leveres med Tenebraex linsedeksler og ARD.<\/p>\n","protected":false},"excerpt":{"rendered":"<p>Profesjonelt 5-25x56mm riflekikkert. Robust, presis, med overlegen optikk.<\/p>\n","protected":false},"featured_media":100881,"template":"","meta":{"_acf_changed":false},"product_brand":[11894],"product_cat":[13255,13287],"product_tag":[],"class_list":{"0":"post-106296","1":"product","2":"type-product","3":"status-publish","4":"has-post-thumbnail","6":"product_brand-tangent-theta","7":"product_cat-forstorret-optikk","8":"product_cat-sikting","10":"first","11":"instock","12":"taxable","13":"shipping-taxable","14":"purchasable","15":"product-type-variable","16":"wvs-archive-product-wrapper"},"acf":[],"_links":{"self":[{"href":"https:\/\/staging.nbg.eu\/no\/wp-json\/wp\/v2\/product\/106296","targetHints":{"allow":["GET"]}}],"collection":[{"href":"https:\/\/staging.nbg.eu\/no\/wp-json\/wp\/v2\/product"}],"about":[{"href":"https:\/\/staging.nbg.eu\/no\/wp-json\/wp\/v2\/types\/product"}],"wp:featuredmedia":[{"embeddable":true,"href":"https:\/\/staging.nbg.eu\/no\/wp-json\/wp\/v2\/media\/100881"}],"wp:attachment":[{"href":"https:\/\/staging.nbg.eu\/no\/wp-json\/wp\/v2\/media?parent=106296"}],"wp:term":[{"taxonomy":"product_brand","embeddable":true,"href":"https:\/\/staging.nbg.eu\/no\/wp-json\/wp\/v2\/product_brand?post=106296"},{"taxonomy":"product_cat","embeddable":true,"href":"https:\/\/staging.nbg.eu\/no\/wp-json\/wp\/v2\/product_cat?post=106296"},{"taxonomy":"product_tag","embeddable":true,"href":"https:\/\/staging.nbg.eu\/no\/wp-json\/wp\/v2\/product_tag?post=106296"}],"curies":[{"name":"wp","href":"https:\/\/api.w.org\/{rel}","templated":true}]}}