{"id":56613,"date":"2024-02-20T20:12:58","date_gmt":"2024-09-13T13:32:05","guid":{"rendered":"https:\/\/staging.nbg.eu\/product\/geissele-super-precision-scope-mount-30mm-for-ar-15-vortex-1-6\/"},"modified":"2024-09-13T13:32:53","modified_gmt":"2024-09-13T13:32:53","slug":"geissele-super-precision-richtkijkerhouder-30mm-voor-ar-15-vortex-1-6","status":"publish","type":"product","link":"https:\/\/staging.nbg.eu\/nl\/product\/geissele-super-precision-richtkijkerhouder-30mm-voor-ar-15-vortex-1-6\/","title":{"rendered":"Geissele Super Precision Richtkijkerhouder 30mm, voor AR-15 (Vortex 1-6)"},"content":{"rendered":"<div class=\"description-text\">\n<div class=\"exerpt\">\n<p>Deze AR-15 richtkijkerbevestiging maakt deel uit van de Geissele SOPMOD Certified Serie. Het bevat Geissele-producten die momenteel in gebruik zijn bij militaire en antiterrorisme-eenheden binnen het U.S. Special Operations Command (USSOCOM). SOPMOD is een USSOCOM-programma dat speciale eenheden in staat stelt hun wapens aan te passen aan individuele voorkeuren en missievereisten. Het programma is een goedgekeurd accessoiresysteem voor de M4A1 karabijn, FN SCAR Mk 16\/17 en andere wapens gebruikt door USSOCOM. Elk Geissele-item in de SOPMOD-serie heeft strenge tests en certificering door USSOCOM ondergaan. Deze richtkijkerbevestigingen zijn gemachineerd uit \u00e9\u00e9n 2 kg blok vliegtuigkwaliteit 7075-T6 biljetaluminium.<\/p>\n<p>De individueel genummerde richtkijkerdoppen zijn in lijn geboord met het lichaam en in \u00e9\u00e9n bewerking gemaakt, wat de best mogelijke pasvorm met het lichaam van de richtkijker cre\u00ebert. Geissele-bevestigingen worden op hun plaats vergrendeld met het klassieke, bewezen moer-en-klem systeem, dat 635 kg klemkracht per moer levert. Dit systeem biedt tot 3 keer meer klemkracht dan een hendelsysteem, terwijl precisiemachinaal bewerkte afschuifnokken helpen de richtkijker tijdens de terugslag op zijn plaats te houden op de ontvanger. Het bevestigingsoppervlak beslaat 8 picatinny-secties.<\/p>\n<h2 style=\"text-align: center\"><strong>&#8212; SPECIFICATIES &#8212;<\/strong><\/h2>\n<table border=\"1\">\n<tbody>\n<tr>\n<td><strong>MATERIAAL: <\/strong><\/td>\n<td> 7075-T6<\/td>\n<\/tr>\n<tr>\n<td><strong>KLEUR: <\/strong><\/td>\n<td> Zwart<\/td>\n<\/tr>\n<tr>\n<td><strong>AFWERKING: <\/strong><\/td>\n<td> Type-3 Hardcoat Anodiseren<\/td>\n<\/tr>\n<tr>\n<td><strong>GEWICHT: <\/strong><\/td>\n<td> 201 gram<\/td>\n<\/tr>\n<tr>\n<td><strong>RINGMAAT: <\/strong><\/td>\n<td> 30mm<\/td>\n<\/tr>\n<\/tbody>\n<\/table>\n<\/div>\n<\/div>\n","protected":false},"excerpt":{"rendered":"<p><strong>Onderdeel van de Geissele SOPMOD Gecertificeerde Serie<\/strong><\/p>\n","protected":false},"featured_media":56614,"template":"","meta":{"_acf_changed":false},"product_brand":[11379],"product_cat":[12451],"product_tag":[],"class_list":{"0":"post-56613","1":"product","2":"type-product","3":"status-publish","4":"has-post-thumbnail","6":"product_brand-geissele","7":"product_cat-geweer","9":"first","10":"instock","11":"taxable","12":"shipping-taxable","13":"product-type-variable","14":"wvs-archive-product-wrapper"},"acf":[],"_links":{"self":[{"href":"https:\/\/staging.nbg.eu\/nl\/wp-json\/wp\/v2\/product\/56613","targetHints":{"allow":["GET"]}}],"collection":[{"href":"https:\/\/staging.nbg.eu\/nl\/wp-json\/wp\/v2\/product"}],"about":[{"href":"https:\/\/staging.nbg.eu\/nl\/wp-json\/wp\/v2\/types\/product"}],"wp:featuredmedia":[{"embeddable":true,"href":"https:\/\/staging.nbg.eu\/nl\/wp-json\/wp\/v2\/media\/56614"}],"wp:attachment":[{"href":"https:\/\/staging.nbg.eu\/nl\/wp-json\/wp\/v2\/media?parent=56613"}],"wp:term":[{"taxonomy":"product_brand","embeddable":true,"href":"https:\/\/staging.nbg.eu\/nl\/wp-json\/wp\/v2\/product_brand?post=56613"},{"taxonomy":"product_cat","embeddable":true,"href":"https:\/\/staging.nbg.eu\/nl\/wp-json\/wp\/v2\/product_cat?post=56613"},{"taxonomy":"product_tag","embeddable":true,"href":"https:\/\/staging.nbg.eu\/nl\/wp-json\/wp\/v2\/product_tag?post=56613"}],"curies":[{"name":"wp","href":"https:\/\/api.w.org\/{rel}","templated":true}]}}