{"id":44705,"date":"2024-08-18T09:36:21","date_gmt":"2024-08-18T09:36:21","guid":{"rendered":"https:\/\/staging.nbg.eu\/product\/ced-deluxe-quick-patch-tape-gun\/"},"modified":"2024-09-10T09:15:53","modified_gmt":"2024-09-10T09:15:53","slug":"ced-deluxe-quick-patch-tape-pistool","status":"publish","type":"product","link":"https:\/\/staging.nbg.eu\/nl\/product\/ced-deluxe-quick-patch-tape-pistool\/","title":{"rendered":"Ced Deluxe Quick Patch Tape Pistool"},"content":{"rendered":"<p>Ontdek het CED Deluxe Quick Patch Tape Pistool: De ultieme oplossing voor het repareren van doelgaten!<\/p>\n<ul>\n<li>Sneller en eenvoudiger dan handmatig repareren<\/li>\n<li>Geschikt voor de meeste standaard patches<\/li>\n<li>Eenvoudige knijp-en-loslaat bediening<\/li>\n<li>Gemakkelijk te richten, te gebruiken en te herladen<\/li>\n<li>Verhoogt effici\u00ebntie en bespaart tijd<\/li>\n<li>Leuk en moeiteloos in gebruik<\/li>\n<\/ul>\n<p>Verbeter je schietoefeningen met het CED Deluxe Tape Pistool &#8211; het alles-in-\u00e9\u00e9n gereedschap voor snel en effici\u00ebnt repareren!<\/p>\n","protected":false},"excerpt":{"rendered":"<p>Effici\u00ebnt doelwit-reparatiegereedschap. Gemakkelijk te gebruiken, te laden en te richten. Leuk!<\/p>\n","protected":false},"featured_media":27509,"template":"","meta":{"_acf_changed":false},"product_brand":[11269],"product_cat":[12449,12424,12416],"product_tag":[],"class_list":{"0":"post-44705","1":"product","2":"type-product","3":"status-publish","4":"has-post-thumbnail","6":"product_brand-doublealpha","7":"product_cat-doelen","8":"product_cat-papieren-doelwitten","9":"product_cat-patches-patchguns","11":"first","12":"instock","13":"taxable","14":"shipping-taxable","15":"purchasable","16":"product-type-simple"},"acf":[],"_links":{"self":[{"href":"https:\/\/staging.nbg.eu\/nl\/wp-json\/wp\/v2\/product\/44705","targetHints":{"allow":["GET"]}}],"collection":[{"href":"https:\/\/staging.nbg.eu\/nl\/wp-json\/wp\/v2\/product"}],"about":[{"href":"https:\/\/staging.nbg.eu\/nl\/wp-json\/wp\/v2\/types\/product"}],"wp:featuredmedia":[{"embeddable":true,"href":"https:\/\/staging.nbg.eu\/nl\/wp-json\/wp\/v2\/media\/27509"}],"wp:attachment":[{"href":"https:\/\/staging.nbg.eu\/nl\/wp-json\/wp\/v2\/media?parent=44705"}],"wp:term":[{"taxonomy":"product_brand","embeddable":true,"href":"https:\/\/staging.nbg.eu\/nl\/wp-json\/wp\/v2\/product_brand?post=44705"},{"taxonomy":"product_cat","embeddable":true,"href":"https:\/\/staging.nbg.eu\/nl\/wp-json\/wp\/v2\/product_cat?post=44705"},{"taxonomy":"product_tag","embeddable":true,"href":"https:\/\/staging.nbg.eu\/nl\/wp-json\/wp\/v2\/product_tag?post=44705"}],"curies":[{"name":"wp","href":"https:\/\/api.w.org\/{rel}","templated":true}]}}