{"id":83671,"date":"2024-11-27T16:38:30","date_gmt":"2024-12-17T12:42:45","guid":{"rendered":"https:\/\/staging.nbg.eu\/product\/super-precision-t1-mount-absolute-co-witness-ddc\/"},"modified":"2024-12-17T12:44:38","modified_gmt":"2024-12-17T12:44:38","slug":"super-precision-t1-mount-absolute-co-witness-ddc","status":"publish","type":"product","link":"https:\/\/staging.nbg.eu\/mt\/product\/super-precision-t1-mount-absolute-co-witness-ddc\/","title":{"rendered":"Super Precision T1 Mount &#8211; Absolute Co-Witness &#8211; DDC"},"content":{"rendered":"<div class=\"product-description\">\n<h2>Mount ta&#8217; Pre\u010bi\u017cjoni T1 &#8211; Co-Witness Assolut &#8211; DDC<\/h2>\n<p>Mount g\u0127all-Aimpoint T1 jew optics simili ta&#8217; dot a\u0127mar. Mag\u0127mul minn bi\u010b\u010ba wa\u0127da ta&#8217; aluminju 7075-T6 b&#8217;sa\u0127\u0127tu.<\/p>\n<ul>\n<li>G\u0127oli ta&#8217; co-witness assolut<\/li>\n<li>Finitura DDC (Kulur \u0126amrija tad-De\u017cert) tat-tip 3 anodizzata iebsa<\/li>\n<li>Metodu ta&#8217; rbit b&#8217;nut u bolt a\u0121\u0121ornat, li jipprovdi 1,400 libbra ta&#8217; forza ta&#8217; klampjar<\/li>\n<li>3 shear lugs g\u0127all-massima ri\u0121idit\u00e0 u ritorn g\u0127a\u017c-\u017cero<\/li>\n<li>Disinn \u0127afif ta&#8217; 2 oz biss<\/li>\n<\/ul>\n<p>Soluzzjoni ta&#8217; mounting minn Geissele.<\/p>\n<\/div>\n","protected":false},"excerpt":{"rendered":"<p>Immuntar ta&#8217; ottika T1 bi pre\u010bi\u017cjoni, ko-xhud assolut, finitura DDC, sigur \u0127afna<\/p>\n","protected":false},"featured_media":82843,"template":"","meta":{"_acf_changed":false},"product_brand":[11394],"product_cat":[796],"product_tag":[],"class_list":{"0":"post-83671","1":"product","2":"type-product","3":"status-publish","4":"has-post-thumbnail","6":"product_brand-geissele","7":"product_cat-aiming-mt","9":"first","10":"instock","11":"taxable","12":"shipping-taxable","13":"product-type-simple"},"acf":[],"_links":{"self":[{"href":"https:\/\/staging.nbg.eu\/mt\/wp-json\/wp\/v2\/product\/83671","targetHints":{"allow":["GET"]}}],"collection":[{"href":"https:\/\/staging.nbg.eu\/mt\/wp-json\/wp\/v2\/product"}],"about":[{"href":"https:\/\/staging.nbg.eu\/mt\/wp-json\/wp\/v2\/types\/product"}],"wp:featuredmedia":[{"embeddable":true,"href":"https:\/\/staging.nbg.eu\/mt\/wp-json\/wp\/v2\/media\/82843"}],"wp:attachment":[{"href":"https:\/\/staging.nbg.eu\/mt\/wp-json\/wp\/v2\/media?parent=83671"}],"wp:term":[{"taxonomy":"product_brand","embeddable":true,"href":"https:\/\/staging.nbg.eu\/mt\/wp-json\/wp\/v2\/product_brand?post=83671"},{"taxonomy":"product_cat","embeddable":true,"href":"https:\/\/staging.nbg.eu\/mt\/wp-json\/wp\/v2\/product_cat?post=83671"},{"taxonomy":"product_tag","embeddable":true,"href":"https:\/\/staging.nbg.eu\/mt\/wp-json\/wp\/v2\/product_tag?post=83671"}],"curies":[{"name":"wp","href":"https:\/\/api.w.org\/{rel}","templated":true}]}}