{"id":83649,"date":"2024-11-02T06:43:16","date_gmt":"2024-11-02T06:43:16","guid":{"rendered":"https:\/\/staging.nbg.eu\/product\/sons-of-liberty-gun-works-ar-15-buffer-h3\/"},"modified":"2024-12-17T13:05:47","modified_gmt":"2024-12-17T13:05:47","slug":"sons-of-liberty-gun-works-ar-15-buffer-h3","status":"publish","type":"product","link":"https:\/\/staging.nbg.eu\/mt\/product\/sons-of-liberty-gun-works-ar-15-buffer-h3\/","title":{"rendered":"Sons of Liberty Gun Works &#8211; AR 15 Buffer H3"},"content":{"rendered":"<div class=\"product-description\">\n<h2>Sons of Liberty Gun Works &#8211; AR 15 Buffer H3<\/h2>\n<p>Il-buffer SOLGW H3 huwa parti ta&#8217; sostituzzjoni g\u0127all-AR-15. Din il-parti hija manifatturata b&#8217;tolleranzi pre\u010bi\u017ci biex ti\u017cgura l-funzjonalit\u00e0 tal-arma tan-nar.<\/p>\n<ul>\n<li>Kompatibbli ma&#8217; kull mudell ta&#8217; AR-15<\/li>\n<li>Pi\u017c: 5.4 oz<\/li>\n<li>Dimensjonijiet: 1 pulzier<\/li>\n<li>Stampat b&#8217;mod \u010bar g\u0127al identifikazzjoni fa\u010bli tal-pi\u017c<\/li>\n<\/ul>\n<p>Il-buffer SOLGW H3 huwa ddisinjat biex inaqqas ir-recoil u jtejjeb i\u010b-\u010biklu tal-arma. Dan jista&#8217; jg\u0127in biex i\u017comm l-affidabilit\u00e0 u l-operazzjoni bla xkiel tal-AR-15.<\/p>\n<p>Sons of Liberty Gun Works joffri dan il-buffer g\u0127all-AR-15.<\/p>\n<\/div>\n","protected":false},"excerpt":{"rendered":"<p>Buffer H3 AR-15 ta&#8217; Sons of Liberty: Pre\u010bi\u017c, b&#8217;sa\u0127\u0127tu, pi\u017c ta&#8217; 5.4 uqiji.<\/p>\n","protected":false},"featured_media":76328,"template":"","meta":{"_acf_changed":false},"product_brand":[],"product_cat":[643],"product_tag":[],"class_list":{"0":"post-83649","1":"product","2":"type-product","3":"status-publish","4":"has-post-thumbnail","6":"product_cat-rifle-parts-mt","8":"first","9":"outofstock","10":"taxable","11":"shipping-taxable","12":"purchasable","13":"product-type-simple"},"acf":[],"_links":{"self":[{"href":"https:\/\/staging.nbg.eu\/mt\/wp-json\/wp\/v2\/product\/83649","targetHints":{"allow":["GET"]}}],"collection":[{"href":"https:\/\/staging.nbg.eu\/mt\/wp-json\/wp\/v2\/product"}],"about":[{"href":"https:\/\/staging.nbg.eu\/mt\/wp-json\/wp\/v2\/types\/product"}],"wp:featuredmedia":[{"embeddable":true,"href":"https:\/\/staging.nbg.eu\/mt\/wp-json\/wp\/v2\/media\/76328"}],"wp:attachment":[{"href":"https:\/\/staging.nbg.eu\/mt\/wp-json\/wp\/v2\/media?parent=83649"}],"wp:term":[{"taxonomy":"product_brand","embeddable":true,"href":"https:\/\/staging.nbg.eu\/mt\/wp-json\/wp\/v2\/product_brand?post=83649"},{"taxonomy":"product_cat","embeddable":true,"href":"https:\/\/staging.nbg.eu\/mt\/wp-json\/wp\/v2\/product_cat?post=83649"},{"taxonomy":"product_tag","embeddable":true,"href":"https:\/\/staging.nbg.eu\/mt\/wp-json\/wp\/v2\/product_tag?post=83649"}],"curies":[{"name":"wp","href":"https:\/\/api.w.org\/{rel}","templated":true}]}}