{"id":83583,"date":"2024-11-01T14:01:14","date_gmt":"2024-12-17T12:12:39","guid":{"rendered":"https:\/\/staging.nbg.eu\/product\/sons-of-liberty-gun-works-ar-15-buffer-h2\/"},"modified":"2024-12-17T12:58:44","modified_gmt":"2024-12-17T12:58:44","slug":"sons-of-liberty-gun-works-ar-15-buffer-h2","status":"publish","type":"product","link":"https:\/\/staging.nbg.eu\/mt\/product\/sons-of-liberty-gun-works-ar-15-buffer-h2\/","title":{"rendered":"Sons of Liberty Gun Works &#8211; AR 15 Buffer H2"},"content":{"rendered":"<div class=\"product-description\">\n<h2>Sons of Liberty Gun Works &#8211; AR 15 Buffer H2<\/h2>\n<p>Il-buffer H2 minn Sons of Liberty Gun Works (SOLGW) g\u0127all-AR-15. Din il-parti ta&#8217; sostituzzjoni hija ma\u0127suba biex ti\u017cgura l-funzjonalit\u00e0 tal-arma tan-nar tieg\u0127ek.<\/p>\n<ul>\n<li>Kompatibbli ma&#8217; kull mudell ta&#8217; AR-15<\/li>\n<li>Manifatturat skont tolleranzi pre\u010bi\u017ci<\/li>\n<li>Ittimbrat g\u0127all-identifikazzjoni fa\u010bli tal-pi\u017c<\/li>\n<li>Pi\u017c: 4.6 oz<\/li>\n<li>Dimensjonijiet: 1 pulzier<\/li>\n<\/ul>\n<p>Dan il-buffer H2 jg\u0127in biex i\u017comm l-affidabilit\u00e0 u l-operazzjoni bla xkiel tal-AR-15 tieg\u0127ek. Huwa komponent essenzjali li jipprovdi prestazzjoni konsistenti.<\/p>\n<\/div>\n","protected":false},"excerpt":{"rendered":"<p>Buffer H2 SOLGW AR-15: Mag\u0127mul bi pre\u010bi\u017cjoni ta&#8217; 4.6oz g\u0127al funzjoni ming\u0127ajr xkiel u affidabbli<\/p>\n","protected":false},"featured_media":76281,"template":"","meta":{"_acf_changed":false},"product_brand":[],"product_cat":[643],"product_tag":[],"class_list":{"0":"post-83583","1":"product","2":"type-product","3":"status-publish","4":"has-post-thumbnail","6":"product_cat-rifle-parts-mt","8":"first","9":"instock","10":"taxable","11":"shipping-taxable","12":"purchasable","13":"product-type-simple"},"acf":[],"_links":{"self":[{"href":"https:\/\/staging.nbg.eu\/mt\/wp-json\/wp\/v2\/product\/83583","targetHints":{"allow":["GET"]}}],"collection":[{"href":"https:\/\/staging.nbg.eu\/mt\/wp-json\/wp\/v2\/product"}],"about":[{"href":"https:\/\/staging.nbg.eu\/mt\/wp-json\/wp\/v2\/types\/product"}],"wp:featuredmedia":[{"embeddable":true,"href":"https:\/\/staging.nbg.eu\/mt\/wp-json\/wp\/v2\/media\/76281"}],"wp:attachment":[{"href":"https:\/\/staging.nbg.eu\/mt\/wp-json\/wp\/v2\/media?parent=83583"}],"wp:term":[{"taxonomy":"product_brand","embeddable":true,"href":"https:\/\/staging.nbg.eu\/mt\/wp-json\/wp\/v2\/product_brand?post=83583"},{"taxonomy":"product_cat","embeddable":true,"href":"https:\/\/staging.nbg.eu\/mt\/wp-json\/wp\/v2\/product_cat?post=83583"},{"taxonomy":"product_tag","embeddable":true,"href":"https:\/\/staging.nbg.eu\/mt\/wp-json\/wp\/v2\/product_tag?post=83583"}],"curies":[{"name":"wp","href":"https:\/\/api.w.org\/{rel}","templated":true}]}}