{"id":83539,"date":"2024-11-27T07:42:23","date_gmt":"2024-11-27T07:42:23","guid":{"rendered":"https:\/\/staging.nbg.eu\/product\/geissele-30-round-6mm-arc-magazine-black\/"},"modified":"2024-12-17T11:54:53","modified_gmt":"2024-12-17T11:54:53","slug":"geissele-magazine-30-rawnd-6mm-arc-iswed","status":"publish","type":"product","link":"https:\/\/staging.nbg.eu\/mt\/product\/geissele-magazine-30-rawnd-6mm-arc-iswed\/","title":{"rendered":"Geissele Magazine 30 rawnd 6mm ARC &#8211; Iswed"},"content":{"rendered":"<h2>Geissele 30 Round 6mm ARC Magazine \u2013 Iswed<\/h2>\n<p>Il-magazin Geissele 6mm ARC. Dan il-magazin mag\u0127mul fl-Istati Uniti huwa mfassal spe\u010bifikament g\u0127all-iskrata\u010b 6mm ARC, ji\u017cgura alimentazzjoni u prestazzjoni konsistenti.<\/p>\n<h3>Karatteristi\u010bi Ewlenin:<\/h3>\n<ul>\n<li>Kapa\u010bit\u00e0 ta&#8217; 30 tir<\/li>\n<li>Kostruzzjoni ta&#8217; bi\u010b\u010ba wa\u0127da mtejba<\/li>\n<li>Iwweldjat bil-laser g\u0127al sa\u0127\u0127a a\u0127jar<\/li>\n<li>Korp tal-azzar inossidabbli 410 b&#8217;kisi nitride iswed<\/li>\n<li>Follower kontra t-tg\u0127awwi\u0121 g\u0127al operazzjoni bla xkiel<\/li>\n<li>Disinn re\u017cistenti g\u0127all-korru\u017cjoni<\/li>\n<li>Molla kwadra tal-azzar inossidabbli<\/li>\n<li>Tul totali: 8.1 pulzieri<\/li>\n<\/ul>\n<p>Dan il-magazin jikkombina in\u0121inerija avvanzata ma&#8217; materjali ta&#8217; kwalit\u00e0 g\u0127olja. Magazin tal-Geissele g\u0127all-isparar ta&#8217; 6mm ARC.<\/p>\n","protected":false},"excerpt":{"rendered":"<p>Kaxxa tal-munizzjon ta&#8217; 30 tir ta&#8217; 6mm ARC re\u017cistenti. Azzar inossidabbli, follower kontra t-tg\u0127awwi\u0121.<\/p>\n","protected":false},"featured_media":81895,"template":"","meta":{"_acf_changed":false},"product_brand":[11394],"product_cat":[642,2772],"product_tag":[],"class_list":{"0":"post-83539","1":"product","2":"type-product","3":"status-publish","4":"has-post-thumbnail","6":"product_brand-geissele","7":"product_cat-rifle-mt","8":"product_cat-rifle-magazines-mt","10":"first","11":"instock","12":"taxable","13":"shipping-taxable","14":"product-type-simple"},"acf":[],"_links":{"self":[{"href":"https:\/\/staging.nbg.eu\/mt\/wp-json\/wp\/v2\/product\/83539","targetHints":{"allow":["GET"]}}],"collection":[{"href":"https:\/\/staging.nbg.eu\/mt\/wp-json\/wp\/v2\/product"}],"about":[{"href":"https:\/\/staging.nbg.eu\/mt\/wp-json\/wp\/v2\/types\/product"}],"wp:featuredmedia":[{"embeddable":true,"href":"https:\/\/staging.nbg.eu\/mt\/wp-json\/wp\/v2\/media\/81895"}],"wp:attachment":[{"href":"https:\/\/staging.nbg.eu\/mt\/wp-json\/wp\/v2\/media?parent=83539"}],"wp:term":[{"taxonomy":"product_brand","embeddable":true,"href":"https:\/\/staging.nbg.eu\/mt\/wp-json\/wp\/v2\/product_brand?post=83539"},{"taxonomy":"product_cat","embeddable":true,"href":"https:\/\/staging.nbg.eu\/mt\/wp-json\/wp\/v2\/product_cat?post=83539"},{"taxonomy":"product_tag","embeddable":true,"href":"https:\/\/staging.nbg.eu\/mt\/wp-json\/wp\/v2\/product_tag?post=83539"}],"curies":[{"name":"wp","href":"https:\/\/api.w.org\/{rel}","templated":true}]}}