{"id":83451,"date":"2024-11-16T09:53:46","date_gmt":"2024-12-16T10:51:26","guid":{"rendered":"https:\/\/staging.nbg.eu\/product\/elcan-specterdr-1x-4x\/"},"modified":"2024-12-16T10:53:43","modified_gmt":"2024-12-16T10:53:43","slug":"elcan-specterdr-1x4x","status":"publish","type":"product","link":"https:\/\/staging.nbg.eu\/mt\/product\/elcan-specterdr-1x4x\/","title":{"rendered":"ELCAN SpecterDR 1x\/4x"},"content":{"rendered":"<h2>ELCAN SpecterDR 1x\/4x Vi\u017cjoni Ottika b&#8217;Rwol Doppju<\/h2>\n<p>ELCAN SpecterDR 1x\/4x \u0121did tal-2024 &#8211; vi\u017cjoni ottika tal-kumbattiment b&#8217;\u017cew\u0121 kamp vi\u017civ.<\/p>\n<h2>Karatteristi\u010bi Ewlenin:<\/h2>\n<ul>\n<li>Linji Picatinny integrati<\/li>\n<li>Lievi ta&#8217; tkabbir ambidestri<\/li>\n<li>G\u0127ata tal-batterija mtejba<\/li>\n<li>Finituri CERAKOTE\u00ae fi Iswed jew Kannella Skur \u010aatt (FDE)<\/li>\n<li>Bdil istantanju bejn vi\u017cjoni mkabbra 4x u vi\u017cjoni CQB 1x<\/li>\n<li>Mog\u0127dija ottika ottimizzata u solliev tal-g\u0127ajn identiku fi\u017c-\u017cew\u0121 modi<\/li>\n<li>Crosshair illuminat jew punt a\u0127mar \u010bentrali<\/li>\n<li>Kamp vi\u017civ l-akbar fil-mod 1x<\/li>\n<li>Imma\u0121ni \u010bara fil-mod 4x<\/li>\n<\/ul>\n<h2>Reti\u010belli:<\/h2>\n<ul>\n<li>5.56 (CX5395)<\/li>\n<li>7.62 (CX5396)<\/li>\n<\/ul>\n<h2>Spe\u010bifikazzjonijiet Tekni\u010bi:<\/h2>\n<ul>\n<li>Tkabbir: 4x \/ 1x<\/li>\n<li>Dimensjonijiet: 153mm x 68mm x 72mm (nominali)<\/li>\n<li>Pi\u017c: 655g (nominali)<\/li>\n<li>Reti\u010bella: Crosshair ballistiku b&#8217;\u0127xuna doppja b&#8217;punt a\u0127mar li jista&#8217; jintg\u0127a\u017cel mill-utent<\/li>\n<li>Kamp Vi\u017civ: 26\u00b0 @ 1x, 6.5\u00b0 @ 4x<\/li>\n<li>Solliev tal-G\u0127ajn: 70mm<\/li>\n<li>Batterija: CR2032 (3v Lithium)<\/li>\n<li>\u0126ajja tal-Batterija: Sa 1730 sieg\u0127a<\/li>\n<li>Firxa ta&#8217; A\u0121\u0121ustament: 120 minuta ta&#8217; angolu<\/li>\n<\/ul>\n<h2>Vi\u017cjoni Reflex Mikro XOPTEK\u2122 Opzjonali<\/h2>\n<p>\u017bid mal-SpecterDR 1-4 tieg\u0127ek il-Vi\u017cjoni Reflex Mikro XOPTEK\u2122, apparat ta&#8217; mira rapida \u0127afif ideali g\u0127al miri fil-qrib sa distanza medja.<\/p>\n<p>L-ELCAN SpecterDR 1x\/4x huwa ddisinjat biex jifla\u0127 g\u0127all-u\u017cu professjonali modern, u joffri soluzzjoni wa\u0127da g\u0127al inga\u0121\u0121amenti ta&#8217; Distanza Medja u CQB. Din il-vi\u017cjoni ottika toffri versatilit\u00e0 u pre\u010bi\u017cjoni g\u0127al u\u017cu professjonali.<\/p>\n","protected":false},"excerpt":{"rendered":"<p>ELCAN SpecterDR 1x\/4x: Mira b&#8217;\u017cew\u0121 rwoli b&#8217;tibdil istantanju tal-ingrandiment.<\/p>\n","protected":false},"featured_media":79345,"template":"","meta":{"_acf_changed":false},"product_brand":[11296],"product_cat":[796,2720],"product_tag":[],"class_list":{"0":"post-83451","1":"product","2":"type-product","3":"status-publish","4":"has-post-thumbnail","6":"product_brand-elcan","7":"product_cat-aiming-mt","8":"product_cat-magnified-optics-mt","10":"first","11":"instock","12":"taxable","13":"shipping-taxable","14":"purchasable","15":"product-type-variable","16":"wvs-archive-product-wrapper"},"acf":[],"_links":{"self":[{"href":"https:\/\/staging.nbg.eu\/mt\/wp-json\/wp\/v2\/product\/83451","targetHints":{"allow":["GET"]}}],"collection":[{"href":"https:\/\/staging.nbg.eu\/mt\/wp-json\/wp\/v2\/product"}],"about":[{"href":"https:\/\/staging.nbg.eu\/mt\/wp-json\/wp\/v2\/types\/product"}],"wp:featuredmedia":[{"embeddable":true,"href":"https:\/\/staging.nbg.eu\/mt\/wp-json\/wp\/v2\/media\/79345"}],"wp:attachment":[{"href":"https:\/\/staging.nbg.eu\/mt\/wp-json\/wp\/v2\/media?parent=83451"}],"wp:term":[{"taxonomy":"product_brand","embeddable":true,"href":"https:\/\/staging.nbg.eu\/mt\/wp-json\/wp\/v2\/product_brand?post=83451"},{"taxonomy":"product_cat","embeddable":true,"href":"https:\/\/staging.nbg.eu\/mt\/wp-json\/wp\/v2\/product_cat?post=83451"},{"taxonomy":"product_tag","embeddable":true,"href":"https:\/\/staging.nbg.eu\/mt\/wp-json\/wp\/v2\/product_tag?post=83451"}],"curies":[{"name":"wp","href":"https:\/\/api.w.org\/{rel}","templated":true}]}}