{"id":83381,"date":"2024-11-01T13:52:15","date_gmt":"2024-11-01T13:52:15","guid":{"rendered":"https:\/\/staging.nbg.eu\/product\/daa-target-bag-classic-ipsc-target\/"},"modified":"2024-12-16T09:55:55","modified_gmt":"2024-12-16T09:55:55","slug":"daa-borza-ghall-miri-mira-klassika-ipsc","status":"publish","type":"product","link":"https:\/\/staging.nbg.eu\/mt\/product\/daa-borza-ghall-miri-mira-klassika-ipsc\/","title":{"rendered":"DAA Borza ghall-Miri, mira Klassika (IPSC)"},"content":{"rendered":"<h2>Bor\u017ca tat-Targets DAA, Klassika (IPSC)<\/h2>\n<p>Il-Bor\u017ca tat-Targets DAA g\u0127andha dawn il-karatteristi\u010bi:<\/p>\n<ul>\n<li>Mag\u0127mula minn tessut D6000<\/li>\n<li>Il-kompartiment prin\u010bipali j\u017comm aktar minn 20 target IPSC Klassiku tad-daqs s\u0127i\u0127<\/li>\n<li>Tliet bwiet esterni:\n<ul>\n<li>But g\u0127all-Applikatur Speed Patcher<\/li>\n<li>But g\u0127at-Tacker<\/li>\n<li>But g\u0127al u\u017cu \u0121enerali g\u0127at-tejp, tacks, u g\u0127odda<\/li>\n<\/ul>\n<\/li>\n<li>\u017bew\u0121 \u010bineg a\u0121\u0121ustabbli g\u0127all-gan\u010bijiet tal-metall tat-targets<\/li>\n<li>\u010ainga tal-ispalla u manku mbuttat<\/li>\n<\/ul>\n<p>Torganizza t-tag\u0127mir kollu relatat mat-targets f&#8217;bor\u017ca wa\u0127da. I\u017c\u017comm idejk \u0127ielsa g\u0127all-boro\u017c tal-poligon u l-munizzjon.<\/p>\n","protected":false},"excerpt":{"rendered":"<p>Bor\u017ca tal-Miri DAA: Organizza u \u0121orr il-miri IPSC b&#8217;mod fa\u010bli.<\/p>\n","protected":false},"featured_media":76234,"template":"","meta":{"_acf_changed":false},"product_brand":[11279],"product_cat":[565,1253],"product_tag":[],"class_list":{"0":"post-83381","1":"product","2":"type-product","3":"status-publish","4":"has-post-thumbnail","6":"product_brand-doublealpha","7":"product_cat-gear-mt","8":"product_cat-rangebags-mt","10":"first","11":"outofstock","12":"taxable","13":"shipping-taxable","14":"purchasable","15":"product-type-simple"},"acf":[],"_links":{"self":[{"href":"https:\/\/staging.nbg.eu\/mt\/wp-json\/wp\/v2\/product\/83381","targetHints":{"allow":["GET"]}}],"collection":[{"href":"https:\/\/staging.nbg.eu\/mt\/wp-json\/wp\/v2\/product"}],"about":[{"href":"https:\/\/staging.nbg.eu\/mt\/wp-json\/wp\/v2\/types\/product"}],"wp:featuredmedia":[{"embeddable":true,"href":"https:\/\/staging.nbg.eu\/mt\/wp-json\/wp\/v2\/media\/76234"}],"wp:attachment":[{"href":"https:\/\/staging.nbg.eu\/mt\/wp-json\/wp\/v2\/media?parent=83381"}],"wp:term":[{"taxonomy":"product_brand","embeddable":true,"href":"https:\/\/staging.nbg.eu\/mt\/wp-json\/wp\/v2\/product_brand?post=83381"},{"taxonomy":"product_cat","embeddable":true,"href":"https:\/\/staging.nbg.eu\/mt\/wp-json\/wp\/v2\/product_cat?post=83381"},{"taxonomy":"product_tag","embeddable":true,"href":"https:\/\/staging.nbg.eu\/mt\/wp-json\/wp\/v2\/product_tag?post=83381"}],"curies":[{"name":"wp","href":"https:\/\/api.w.org\/{rel}","templated":true}]}}