{"id":75439,"date":"2024-10-30T18:55:52","date_gmt":"2024-11-01T09:41:00","guid":{"rendered":"https:\/\/staging.nbg.eu\/product\/rhh-201-iwb-magazine\/"},"modified":"2024-11-01T09:46:06","modified_gmt":"2024-11-01T09:46:06","slug":"rhh-201-iwb-magazine","status":"publish","type":"product","link":"https:\/\/staging.nbg.eu\/mt\/product\/rhh-201-iwb-magazine\/","title":{"rendered":"Rhh .201 IWB Magazine"},"content":{"rendered":"<div class=\"product-description\">\n<h2>Rhh .201 IWB \u0126olster tal-Magazine<\/h2>\n<p>Il-\u0127olster tal-magazine Rhh .201 IWB g\u0127al \u0121ewwa l-qadd. Dan il-\u0127olster jinkludi:<\/p>\n<ul>\n<li>Kostruzzjoni ta&#8217; kydex ippressat g\u0127al qies pre\u010bi\u017c<\/li>\n<li>Truf maqtug\u0127in bl-idejn<\/li>\n<li>Qabda a\u0121\u0121ustabbli g\u0127al \u017camma personalizzata<\/li>\n<li>Disinn li jiffa\u010bilita t-tindif<\/li>\n<li>Materjal kydex ta&#8217; 2mm \u0127xuna u durabbli<\/li>\n<li>G\u0127a\u017cliet versatili ta&#8217; lbies madwar il-qadd<\/li>\n<li>Adattat g\u0127all-u\u017cu matul is-sena kollha, spe\u010bjalment fis-sajf<\/li>\n<li>Disponibbli bi klipps tal-azzar f&#8217;daqsijiet ta&#8217; 40mm u 45mm<\/li>\n<li>Protezzjoni kontra l-g\u0127araq fakultattiva<\/li>\n<\/ul>\n<p>Iddisinjat biex inaqqas il-vi\u017cibilit\u00e0 ta\u0127t il-\u0127wejje\u0121. Adattat g\u0127al utenti tal-lemin fil-po\u017cizzjoni tad-9 o&#8217;clock.<\/p>\n<\/div>\n","protected":false},"excerpt":{"rendered":"<p>\u0126oloq tal-munizzjon IWB irqiq u mo\u0127bi b&#8217;qabda a\u0121\u0121ustabbli u protezzjoni kontra l-g\u0127araq.<\/p>\n","protected":false},"featured_media":74450,"template":"","meta":{"_acf_changed":false},"product_brand":[11637],"product_cat":[1025,1211],"product_tag":[],"class_list":{"0":"post-75439","1":"product","2":"type-product","3":"status-publish","4":"has-post-thumbnail","6":"product_brand-rh-holsters","7":"product_cat-holster-mt","8":"product_cat-magazine-holders-mt","9":"pa_belt-size-40mm-mt","10":"pa_model-glock-17-22-31-mt","11":"pa_model-glock-19-23-32-mt","12":"pa_model-glock-26-27-mt","13":"pa_strong-hand-right-mt","15":"first","16":"instock","17":"taxable","18":"shipping-taxable","19":"purchasable","20":"product-type-variable","21":"wvs-archive-product-wrapper"},"acf":[],"_links":{"self":[{"href":"https:\/\/staging.nbg.eu\/mt\/wp-json\/wp\/v2\/product\/75439","targetHints":{"allow":["GET"]}}],"collection":[{"href":"https:\/\/staging.nbg.eu\/mt\/wp-json\/wp\/v2\/product"}],"about":[{"href":"https:\/\/staging.nbg.eu\/mt\/wp-json\/wp\/v2\/types\/product"}],"wp:featuredmedia":[{"embeddable":true,"href":"https:\/\/staging.nbg.eu\/mt\/wp-json\/wp\/v2\/media\/74450"}],"wp:attachment":[{"href":"https:\/\/staging.nbg.eu\/mt\/wp-json\/wp\/v2\/media?parent=75439"}],"wp:term":[{"taxonomy":"product_brand","embeddable":true,"href":"https:\/\/staging.nbg.eu\/mt\/wp-json\/wp\/v2\/product_brand?post=75439"},{"taxonomy":"product_cat","embeddable":true,"href":"https:\/\/staging.nbg.eu\/mt\/wp-json\/wp\/v2\/product_cat?post=75439"},{"taxonomy":"product_tag","embeddable":true,"href":"https:\/\/staging.nbg.eu\/mt\/wp-json\/wp\/v2\/product_tag?post=75439"}],"curies":[{"name":"wp","href":"https:\/\/api.w.org\/{rel}","templated":true}]}}