{"id":75312,"date":"2024-10-30T20:55:00","date_gmt":"2024-11-01T09:05:09","guid":{"rendered":"https:\/\/staging.nbg.eu\/product\/daa-hard-case-xl-505\/"},"modified":"2024-11-01T09:06:52","modified_gmt":"2024-11-01T09:06:52","slug":"daa-kaxxa-iebsa-xl-505","status":"publish","type":"product","link":"https:\/\/staging.nbg.eu\/mt\/product\/daa-kaxxa-iebsa-xl-505\/","title":{"rendered":"DAA Kaxxa Iebsa XL-505"},"content":{"rendered":"<div class=\"product-description\">\n<h2>DAA Hard Case XL-505<\/h2>\n<p>Il-DAA Hard Case XL-505 \u010bertifikat IP67 joffri protezzjoni g\u0127all-o\u0121\u0121etti tieg\u0127ek. Adattat g\u0127all-armi tan-nar, tag\u0127mir tal-fotografija, tag\u0127mir tal-ba\u0127ar, u aktar, din il-kaxxa hija mibnija biex tifla\u0127 g\u0127al kundizzjonijiet \u0127orox.<\/p>\n<ul>\n<li>Disinn re\u017cistenti g\u0127all-ilma u t-trab<\/li>\n<li>Kostruzzjoni re\u017cistenti g\u0127all-impatt<\/li>\n<li>Valv awtomatiku g\u0127ar-rilaxx tal-pressjoni<\/li>\n<li>Erba&#8217; firrolli li jinfet\u0127u fa\u010bilment<\/li>\n<li>Manku b&#8217;qabda ratba u toqob g\u0127al \u017cew\u0121 katnazzi<\/li>\n<li>Sistema ta&#8217; interlocking li tista&#8217; titpo\u0121\u0121a fuq xulxin<\/li>\n<li>Fowm intern li jista&#8217; ji\u0121i personalizzat<\/li>\n<\/ul>\n<p>Disponibbli fl-Iswed jew Oran\u0121jo, l-XL-505 g\u0127andu qisien esterni ta&#8217; 555 x 428 x 211 mm u ji\u017cen 4.1kg. Din il-kaxxa hija soluzzjoni g\u0127all-protezzjoni tat-tag\u0127mir tieg\u0127ek f&#8217;kull ambjent.<\/p>\n<\/div>\n","protected":false},"excerpt":{"rendered":"<p>Kaxxa b&#8217;sa\u0127\u0127itha u re\u017cistenti g\u0127all-ilma g\u0127at-tag\u0127mir prezzju\u017c. B&#8217;fowm li jista&#8217; ji\u0121i adattat fl-intern.<\/p>\n","protected":false},"featured_media":74707,"template":"","meta":{"_acf_changed":false},"product_brand":[11279],"product_cat":[565],"product_tag":[],"class_list":{"0":"post-75312","1":"product","2":"type-product","3":"status-publish","4":"has-post-thumbnail","6":"product_brand-doublealpha","7":"product_cat-gear-mt","9":"first","10":"instock","11":"taxable","12":"shipping-taxable","13":"purchasable","14":"product-type-simple"},"acf":[],"_links":{"self":[{"href":"https:\/\/staging.nbg.eu\/mt\/wp-json\/wp\/v2\/product\/75312","targetHints":{"allow":["GET"]}}],"collection":[{"href":"https:\/\/staging.nbg.eu\/mt\/wp-json\/wp\/v2\/product"}],"about":[{"href":"https:\/\/staging.nbg.eu\/mt\/wp-json\/wp\/v2\/types\/product"}],"wp:featuredmedia":[{"embeddable":true,"href":"https:\/\/staging.nbg.eu\/mt\/wp-json\/wp\/v2\/media\/74707"}],"wp:attachment":[{"href":"https:\/\/staging.nbg.eu\/mt\/wp-json\/wp\/v2\/media?parent=75312"}],"wp:term":[{"taxonomy":"product_brand","embeddable":true,"href":"https:\/\/staging.nbg.eu\/mt\/wp-json\/wp\/v2\/product_brand?post=75312"},{"taxonomy":"product_cat","embeddable":true,"href":"https:\/\/staging.nbg.eu\/mt\/wp-json\/wp\/v2\/product_cat?post=75312"},{"taxonomy":"product_tag","embeddable":true,"href":"https:\/\/staging.nbg.eu\/mt\/wp-json\/wp\/v2\/product_tag?post=75312"}],"curies":[{"name":"wp","href":"https:\/\/api.w.org\/{rel}","templated":true}]}}