{"id":74929,"date":"2024-10-21T09:31:15","date_gmt":"2024-10-31T11:15:50","guid":{"rendered":"https:\/\/staging.nbg.eu\/product\/grips-kmr-s-dotmatrix-ergo-silver\/"},"modified":"2024-10-31T11:17:25","modified_gmt":"2024-10-31T11:17:25","slug":"grips-kmr-s-dotmatrix-ergo-fidda","status":"publish","type":"product","link":"https:\/\/staging.nbg.eu\/mt\/product\/grips-kmr-s-dotmatrix-ergo-fidda\/","title":{"rendered":"GRIPS KMR S DotMatrix &#8211; Ergo Fidda"},"content":{"rendered":"<h2>GRIPS KMR S DotMatrix &#8211; Ergo Silver<\/h2>\n<p>Grips g\u0127all-pistola KMR S-02. Mag\u0127mula minn duralumin anodizzat, dawn il-grips ta&#8217; daqs twil g\u0127andhom disinn ergonomiku u disinn ta&#8217; ballun tal-golf g\u0127al grip a\u0127jar.<\/p>\n<ul>\n<li>Kompatibbli biss ma&#8217; frame KMR S-02 (wisa&#8217; ta&#8217; 26mm)<\/li>\n<li>Mag\u0127mula minn duralumin anodizzat<\/li>\n<li>Disinn ergonomiku<\/li>\n<li>Disinn ta&#8217; ballun tal-golf g\u0127al grip a\u0127jar<\/li>\n<li>Finitura fidda bil-logo KMR<\/li>\n<li>Jinkludi viti torx g\u0127all-installazzjoni<\/li>\n<\/ul>\n<p>Grips mag\u0127mula apposta g\u0127all-pistola KMR S-02 .22 LR. Mhux kompatibbli ma&#8217; daqsijiet ta&#8217; frame W-02 jew L-02.<\/p>\n<dl class=\"data-sheet\">\n<dt class=\"name\">G\u0127al Armi KMR<\/dt>\n<dd class=\"value\">KMR S-01 LANCE (OR)<br \/>\nKMR S-02 SA 2023<\/dd>\n<dt class=\"name\">G\u0127a\u017cla skont Armi CZ<\/dt>\n<dd class=\"value\">CZ SHADOW 1<br \/>\nCZ SHADOW 2<br \/>\nCZ SHADOW 2 (OR)<br \/>\nCZ SP-01<\/dd>\n<\/dl>\n","protected":false},"excerpt":{"rendered":"<p>Mankotti ergonomi\u010bi tal-fidda g\u0127all-pistoli KMR S-02.<br \/>\n0611-03001-0102<\/p>\n","protected":false},"featured_media":73851,"template":"","meta":{"_acf_changed":false},"product_brand":[11500],"product_cat":[918],"product_tag":[],"class_list":{"0":"post-74929","1":"product","2":"type-product","3":"status-publish","4":"has-post-thumbnail","6":"product_brand-kmr-precision","7":"product_cat-kmr-parts-mt","9":"first","10":"instock","11":"taxable","12":"shipping-taxable","13":"purchasable","14":"product-type-simple"},"acf":[],"_links":{"self":[{"href":"https:\/\/staging.nbg.eu\/mt\/wp-json\/wp\/v2\/product\/74929","targetHints":{"allow":["GET"]}}],"collection":[{"href":"https:\/\/staging.nbg.eu\/mt\/wp-json\/wp\/v2\/product"}],"about":[{"href":"https:\/\/staging.nbg.eu\/mt\/wp-json\/wp\/v2\/types\/product"}],"wp:featuredmedia":[{"embeddable":true,"href":"https:\/\/staging.nbg.eu\/mt\/wp-json\/wp\/v2\/media\/73851"}],"wp:attachment":[{"href":"https:\/\/staging.nbg.eu\/mt\/wp-json\/wp\/v2\/media?parent=74929"}],"wp:term":[{"taxonomy":"product_brand","embeddable":true,"href":"https:\/\/staging.nbg.eu\/mt\/wp-json\/wp\/v2\/product_brand?post=74929"},{"taxonomy":"product_cat","embeddable":true,"href":"https:\/\/staging.nbg.eu\/mt\/wp-json\/wp\/v2\/product_cat?post=74929"},{"taxonomy":"product_tag","embeddable":true,"href":"https:\/\/staging.nbg.eu\/mt\/wp-json\/wp\/v2\/product_tag?post=74929"}],"curies":[{"name":"wp","href":"https:\/\/api.w.org\/{rel}","templated":true}]}}