{"id":74819,"date":"2024-10-21T09:29:53","date_gmt":"2024-10-31T10:55:33","guid":{"rendered":"https:\/\/staging.nbg.eu\/product\/grips-kmr-s-dotmatrix-black\/"},"modified":"2024-10-31T10:57:08","modified_gmt":"2024-10-31T10:57:08","slug":"grips-kmr-s-dotmatrix-iswed","status":"publish","type":"product","link":"https:\/\/staging.nbg.eu\/mt\/product\/grips-kmr-s-dotmatrix-iswed\/","title":{"rendered":"GRIPS KMR S DotMatrix &#8211; Iswed"},"content":{"rendered":"<div class=\"product-description\">\n<h2>GRIPS KMR S DotMatrix &#8211; Iswed<\/h2>\n<p>GRIPS KMR S DotMatrix fl-iswed. Dawn il-grips joffru teksura, li ti\u017cgura qabda soda. Tajbin g\u0127at-titjib tal-pistola e\u017cistenti jew g\u0127ad-disinn ta&#8217; arma tan-nar g\u0127all-kompetizzjoni.<\/p>\n<h3>Karatteristi\u010bi Ewlenin:<\/h3>\n<ul>\n<li>Daqs twil g\u0127al qabda ottimali<\/li>\n<li>Mag\u0127mulin minn duralumin anodizzat<\/li>\n<li>Disinn ta&#8217; ballun tal-golf g\u0127al teksura<\/li>\n<li>Iddisinjati g\u0127all-u\u017cu ming\u0127ajr gwida tal-maga\u017cin<\/li>\n<li>Jinkludu viti torx g\u0127all-installazzjoni<\/li>\n<li>Fihom il-logo KMR<\/li>\n<\/ul>\n<p>Kompatibbli biss ma&#8217; mudelli KMR S-02 bi frejm tal-aluminju wiesa&#8217; 26mm. Mhux adatti g\u0127al daqsijiet ta&#8217; frejm W-02 jew L-02. G\u0127all-pistola KMR S-02 .22 LR.<\/p>\n<\/div>\n<dl class=\"data-sheet\">\n<dt class=\"name\">G\u0127al Armi KMR<\/dt>\n<dd class=\"value\">KMR S-01 LANCE (OR)<br \/>\nKMR S-02 SA 2023<\/dd>\n<dt class=\"name\">G\u0127a\u017cla skont l-Armi CZ<\/dt>\n<dd class=\"value\">CZ SHADOW 1<br \/>\nCZ SHADOW 2<br \/>\nCZ SHADOW 2 (OR)<br \/>\nCZ SP-01<\/dd>\n<\/dl>\n","protected":false},"excerpt":{"rendered":"<p>Mqabad tal-pistola mag\u0127mula minn duralumin anodizzat li jservu fit-tul. Texture aggressiva.<\/p>\n<p>0611-02801-0101<\/p>\n","protected":false},"featured_media":73827,"template":"","meta":{"_acf_changed":false},"product_brand":[11500],"product_cat":[918],"product_tag":[],"class_list":{"0":"post-74819","1":"product","2":"type-product","3":"status-publish","4":"has-post-thumbnail","6":"product_brand-kmr-precision","7":"product_cat-kmr-parts-mt","9":"first","10":"instock","11":"taxable","12":"shipping-taxable","13":"purchasable","14":"product-type-simple"},"acf":[],"_links":{"self":[{"href":"https:\/\/staging.nbg.eu\/mt\/wp-json\/wp\/v2\/product\/74819","targetHints":{"allow":["GET"]}}],"collection":[{"href":"https:\/\/staging.nbg.eu\/mt\/wp-json\/wp\/v2\/product"}],"about":[{"href":"https:\/\/staging.nbg.eu\/mt\/wp-json\/wp\/v2\/types\/product"}],"wp:featuredmedia":[{"embeddable":true,"href":"https:\/\/staging.nbg.eu\/mt\/wp-json\/wp\/v2\/media\/73827"}],"wp:attachment":[{"href":"https:\/\/staging.nbg.eu\/mt\/wp-json\/wp\/v2\/media?parent=74819"}],"wp:term":[{"taxonomy":"product_brand","embeddable":true,"href":"https:\/\/staging.nbg.eu\/mt\/wp-json\/wp\/v2\/product_brand?post=74819"},{"taxonomy":"product_cat","embeddable":true,"href":"https:\/\/staging.nbg.eu\/mt\/wp-json\/wp\/v2\/product_cat?post=74819"},{"taxonomy":"product_tag","embeddable":true,"href":"https:\/\/staging.nbg.eu\/mt\/wp-json\/wp\/v2\/product_tag?post=74819"}],"curies":[{"name":"wp","href":"https:\/\/api.w.org\/{rel}","templated":true}]}}