{"id":74371,"date":"2024-10-19T08:43:18","date_gmt":"2024-10-19T08:43:18","guid":{"rendered":"https:\/\/staging.nbg.eu\/product\/sg-timer-go\/"},"modified":"2025-10-01T15:13:33","modified_gmt":"2025-10-01T12:13:33","slug":"sg-timer-go","status":"publish","type":"product","link":"https:\/\/staging.nbg.eu\/mt\/product\/sg-timer-go\/","title":{"rendered":"SG Timer Go"},"content":{"rendered":"<h2>SG Timer Go: Prezz Baxx, Karatteristi\u010bi Massimi<\/h2>\n<p>L-SG Timer Go g\u0127andu teknolo\u0121ija avvanzata f&#8217;apparat kompatt u fa\u010bli biex tu\u017ca. B&#8217;sensor intelli\u0121enti u algoritmi ta&#8217; rikonoxximent b\u0127al ta&#8217; qablu, dan it-timer huwa mfassal biex itejjeb l-esperjenza tal-isparar tieg\u0127ek.<\/p>\n<h2>Karatteristi\u010bi Ewlenin:<\/h2>\n<ul>\n<li>Konnettivit\u00e0 Bluetooth<\/li>\n<li>Kompatibbilt\u00e0 mal-app tad-drills g\u0127al karatteristi\u010bi avvanzati<\/li>\n<li>Detezzjoni ta&#8217; sparar xott b&#8217;feedback tal-prestazzjoni<\/li>\n<li>Filtrazzjoni tal-eku g\u0127al detezzjoni pre\u010bi\u017ca tal-isparar<\/li>\n<li>Memorja inkorporata g\u0127al 1,000,000 sparatura<\/li>\n<li>\u0126inijiet PAR li jistg\u0127u ji\u0121u personalizzati<\/li>\n<li>Sensittivit\u00e0 a\u0121\u0121ustabbli g\u0127all-kalibri kollha<\/li>\n<li>Kontroll tal-volum varjabbli (5-100)<\/li>\n<li>Modalit\u00e0 &#8220;spy&#8221; g\u0127as-sinkronizzazzjoni ma&#8217; timers o\u0127ra<\/li>\n<\/ul>\n<h2>Disinn Fa\u010bli g\u0127all-Utent:<\/h2>\n<ul>\n<li>Display immuntat fuq nett g\u0127al vi\u017cjoni fa\u010bli<\/li>\n<li>Interface sempli\u010bi b&#8217;\u017cew\u0121 buttuni<\/li>\n<li>Klipp ta\u010b-\u010binturin li jin\u0127all malajr g\u0127al immuntar sigur<\/li>\n<li>Klipp tal-but g\u0127al g\u0127a\u017cliet versatili ta&#8217; \u0121arr<\/li>\n<\/ul>\n<h2>Prestazzjoni fit-Tul:<\/h2>\n<p>B&#8217;sa 80 sieg\u0127a ta&#8217; u\u017cu kontinwu b&#8217;\u010bar\u0121 wie\u0127ed u port USB-C konvenjenti, l-SG Timer Go huwa lest g\u0127all-u\u017cu kuljum, il-\u0121urnata kollha.<\/p>\n<p>Esperjenza t-ta\u0127lita perfetta ta&#8217; sempli\u010bit\u00e0 u karatteristi\u010bi avvanzati bl-SG Timer Go &#8211; il-kompanjun a\u0127\u0127ari tieg\u0127ek g\u0127all-isparar.<\/p>\n","protected":false},"excerpt":{"rendered":"<p>Arlo\u0121\u0121 tal-\u0127in intelli\u0121enti u kompatt b&#8217;Bluetooth, karatteristi\u010bi avvanzati, u \u0127ajja tal-batterija twila.<\/p>\n","protected":false},"featured_media":73223,"template":"","meta":{"_acf_changed":false},"product_brand":[11808],"product_cat":[565,2435],"product_tag":[],"class_list":{"0":"post-74371","1":"product","2":"type-product","3":"status-publish","4":"has-post-thumbnail","6":"product_brand-shooters-global","7":"product_cat-gear-mt","8":"product_cat-shot-timers-mt","10":"first","11":"outofstock","12":"taxable","13":"shipping-taxable","14":"purchasable","15":"product-type-simple"},"acf":[],"_links":{"self":[{"href":"https:\/\/staging.nbg.eu\/mt\/wp-json\/wp\/v2\/product\/74371","targetHints":{"allow":["GET"]}}],"collection":[{"href":"https:\/\/staging.nbg.eu\/mt\/wp-json\/wp\/v2\/product"}],"about":[{"href":"https:\/\/staging.nbg.eu\/mt\/wp-json\/wp\/v2\/types\/product"}],"wp:featuredmedia":[{"embeddable":true,"href":"https:\/\/staging.nbg.eu\/mt\/wp-json\/wp\/v2\/media\/73223"}],"wp:attachment":[{"href":"https:\/\/staging.nbg.eu\/mt\/wp-json\/wp\/v2\/media?parent=74371"}],"wp:term":[{"taxonomy":"product_brand","embeddable":true,"href":"https:\/\/staging.nbg.eu\/mt\/wp-json\/wp\/v2\/product_brand?post=74371"},{"taxonomy":"product_cat","embeddable":true,"href":"https:\/\/staging.nbg.eu\/mt\/wp-json\/wp\/v2\/product_cat?post=74371"},{"taxonomy":"product_tag","embeddable":true,"href":"https:\/\/staging.nbg.eu\/mt\/wp-json\/wp\/v2\/product_tag?post=74371"}],"curies":[{"name":"wp","href":"https:\/\/api.w.org\/{rel}","templated":true}]}}