{"id":74349,"date":"2024-10-19T08:24:33","date_gmt":"2024-10-30T09:32:01","guid":{"rendered":"https:\/\/staging.nbg.eu\/product\/sg-timer-2\/"},"modified":"2024-10-30T09:33:59","modified_gmt":"2024-10-30T09:33:59","slug":"sg-timer-2","status":"publish","type":"product","link":"https:\/\/staging.nbg.eu\/mt\/product\/sg-timer-2\/","title":{"rendered":"SG Timer 2"},"content":{"rendered":"<div class=\"product-description\">\n<h2>SG Timer 2: Kronometru tal-Isparar g\u0127al Sparaturi Serji<\/h2>\n<p>Dan huwa l-SG Timer 2, kronometru tal-isparar avvanzat u versatili. Bil-karatteristi\u010bi u d-disinn tieg\u0127u, huwa g\u0127odda g\u0127at-ta\u0127ri\u0121 individwali u sessjonijiet ta&#8217; gruppi kbar.<\/p>\n<h2>Karatteristi\u010bi Ewlenin:<\/h2>\n<ul>\n<li><strong>\u0126oss G\u0127oli:<\/strong> Amplifikatur Akustiku li jag\u0127mlu l-iktar kronometru tal-isparar b&#8217;\u0127oss g\u0127oli.<\/li>\n<li><strong>Immuntar Sigur u Versatili:<\/strong> U-Grip \u0121did b&#8217;kalamiti aktar b&#8217;sa\u0127\u0127ithom u \u0127ardwer ta&#8217; po\u017cizzjonament g\u0127al stabbilt\u00e0 a\u0127jar.<\/li>\n<li><strong>Konnettivit\u00e0 Avvanzata:<\/strong> NFC u Bluetooth 5.4 g\u0127al konnessjoni fa\u010bli mal-ismartphone u firxa akbar 5 darbiet.<\/li>\n<li><strong>Detezzjoni tal-Isparar Superjuri:<\/strong> Sensur sensittiv \u0127afna li jaqbad sparaturi minn AEG u CO2 sa kwalunkwe kalibru ta&#8217; arma tan-nar, inklu\u017c dawk issoppressati.<\/li>\n<li><strong>Settings Personalizzabbli:<\/strong> Sensittivit\u00e0 a\u0121\u0121ustabbli u filtrazzjoni tal-eku g\u0127al rikonoxximent pre\u010bi\u017c tal-isparar.<\/li>\n<li><strong>Memorja Kbira:<\/strong> \u0126a\u017cna inkorporata sa 1,000,000 sparatura bi statistika dettaljata.<\/li>\n<li><strong>Funzjoni PAR:<\/strong> Ippjana sessjonijiet ta&#8217; ta\u0127ri\u0121 u o\u0127loq e\u017cer\u010bizzji minn qabel.<\/li>\n<li><strong>Modalit\u00e0 Spija:<\/strong> Issinkronizza ma&#8217; kwalunkwe kronometru tal-isparar ie\u0127or g\u0127al ta\u0127ri\u0121 kollaborattiv.<\/li>\n<\/ul>\n<p>Jekk inti sparatur kompetittiv, istruttur tal-armi tan-nar, jew dilettant, l-SG Timer 2 joffri prestazzjoni u affidabilit\u00e0. Itejjeb it-ta\u0127ri\u0121 tieg\u0127ek b&#8217;dan il-kronometru tal-isparar avvanzat.<\/p>\n<\/div>\n","protected":false},"excerpt":{"rendered":"<p>Og\u0127la, aktar intelli\u0121enti, versatili. Qabda sigura, Bluetooth 5.4, sensur avvanzat.<\/p>\n","protected":false},"featured_media":73084,"template":"","meta":{"_acf_changed":false},"product_brand":[11808],"product_cat":[565,2435],"product_tag":[],"class_list":{"0":"post-74349","1":"product","2":"type-product","3":"status-publish","4":"has-post-thumbnail","6":"product_brand-shooters-global","7":"product_cat-gear-mt","8":"product_cat-shot-timers-mt","10":"first","11":"instock","12":"taxable","13":"shipping-taxable","14":"purchasable","15":"product-type-simple"},"acf":[],"_links":{"self":[{"href":"https:\/\/staging.nbg.eu\/mt\/wp-json\/wp\/v2\/product\/74349","targetHints":{"allow":["GET"]}}],"collection":[{"href":"https:\/\/staging.nbg.eu\/mt\/wp-json\/wp\/v2\/product"}],"about":[{"href":"https:\/\/staging.nbg.eu\/mt\/wp-json\/wp\/v2\/types\/product"}],"wp:featuredmedia":[{"embeddable":true,"href":"https:\/\/staging.nbg.eu\/mt\/wp-json\/wp\/v2\/media\/73084"}],"wp:attachment":[{"href":"https:\/\/staging.nbg.eu\/mt\/wp-json\/wp\/v2\/media?parent=74349"}],"wp:term":[{"taxonomy":"product_brand","embeddable":true,"href":"https:\/\/staging.nbg.eu\/mt\/wp-json\/wp\/v2\/product_brand?post=74349"},{"taxonomy":"product_cat","embeddable":true,"href":"https:\/\/staging.nbg.eu\/mt\/wp-json\/wp\/v2\/product_cat?post=74349"},{"taxonomy":"product_tag","embeddable":true,"href":"https:\/\/staging.nbg.eu\/mt\/wp-json\/wp\/v2\/product_tag?post=74349"}],"curies":[{"name":"wp","href":"https:\/\/api.w.org\/{rel}","templated":true}]}}