{"id":74326,"date":"2024-10-18T19:45:03","date_gmt":"2024-10-30T09:24:17","guid":{"rendered":"https:\/\/staging.nbg.eu\/product\/sordin-supreme-pro-x-led-gel\/"},"modified":"2024-10-30T09:25:52","modified_gmt":"2024-10-30T09:25:52","slug":"sordin-supreme-pro-x-led-gel","status":"publish","type":"product","link":"https:\/\/staging.nbg.eu\/mt\/product\/sordin-supreme-pro-x-led-gel\/","title":{"rendered":"Sordin Supreme Pro-X LED GEL"},"content":{"rendered":"<h2>Sordin Supreme Pro-X LED<\/h2>\n<p>Is-Sordin Supreme Pro-X LED huwa protettur tas-smig\u0127 elettroniku g\u0127all-ka\u010b\u010baturi u sparaturi. G\u0127andu sistema ta&#8217; \u0127oss SordinHEAR2 b&#8217;erba&#8217; profili tal-awdjo.<\/p>\n<h2>Karatteristi\u010bi Ewlenin:<\/h2>\n<ul>\n<li>Dawl LED inkorporat g\u0127al vi\u017cibilit\u00e0 a\u0127jar f&#8217;kundizzjonijiet ta&#8217; dlam<\/li>\n<li>\u010arieki tas-si\u0121illar GEL g\u0127al kumdit\u00e0<\/li>\n<li>Klassifikazzjoni kontra l-ilma IP67<\/li>\n<li>Disinn ta&#8217; kikkra kompatta<\/li>\n<li>Funzjoni dipendenti fuq il-livell g\u0127al g\u0127arfien tal-\u0127oss tal-ambjent<\/li>\n<li>\u0126ajja tal-batterija ta&#8217; 400 sieg\u0127a b&#8217;\u017cew\u0121 batteriji AAA<\/li>\n<li>Input AUX g\u0127al sorsi ta&#8217; awdjo esterni<\/li>\n<\/ul>\n<p>Is-Supreme Pro-X LED jamplifika l-\u0127sejjes dg\u0127ajfa u jillimita l-output g\u0127al 82 dB, biex ji\u017cgura s-sigurt\u00e0 tas-smig\u0127.<\/p>\n<p>G\u0127andu faxxa tar-ras tat-tessut kamufla\u0121\u0121, disinn \u0127afif (376g), u attenwazzjoni effi\u010bjenti anke meta tilbes in-nu\u010b\u010bali.<\/p>\n<p>NRR: 21 | SNR: 27 | H: 29 | M: 24 | L: 19<\/p>\n","protected":false},"excerpt":{"rendered":"<p>Protezzjoni tas-smig\u0127 elettronika b&#8217;dawl LED, 4 profili tal-awdjo, u si\u0121illi tal-\u0121ell.<\/p>\n","protected":false},"featured_media":72221,"template":"","meta":{"_acf_changed":false},"product_brand":[11849],"product_cat":[939,565],"product_tag":[],"class_list":{"0":"post-74326","1":"product","2":"type-product","3":"status-publish","4":"has-post-thumbnail","6":"product_brand-sordin","7":"product_cat-ear-protection-mt","8":"product_cat-gear-mt","10":"first","11":"instock","12":"taxable","13":"shipping-taxable","14":"purchasable","15":"product-type-simple"},"acf":[],"_links":{"self":[{"href":"https:\/\/staging.nbg.eu\/mt\/wp-json\/wp\/v2\/product\/74326","targetHints":{"allow":["GET"]}}],"collection":[{"href":"https:\/\/staging.nbg.eu\/mt\/wp-json\/wp\/v2\/product"}],"about":[{"href":"https:\/\/staging.nbg.eu\/mt\/wp-json\/wp\/v2\/types\/product"}],"wp:featuredmedia":[{"embeddable":true,"href":"https:\/\/staging.nbg.eu\/mt\/wp-json\/wp\/v2\/media\/72221"}],"wp:attachment":[{"href":"https:\/\/staging.nbg.eu\/mt\/wp-json\/wp\/v2\/media?parent=74326"}],"wp:term":[{"taxonomy":"product_brand","embeddable":true,"href":"https:\/\/staging.nbg.eu\/mt\/wp-json\/wp\/v2\/product_brand?post=74326"},{"taxonomy":"product_cat","embeddable":true,"href":"https:\/\/staging.nbg.eu\/mt\/wp-json\/wp\/v2\/product_cat?post=74326"},{"taxonomy":"product_tag","embeddable":true,"href":"https:\/\/staging.nbg.eu\/mt\/wp-json\/wp\/v2\/product_tag?post=74326"}],"curies":[{"name":"wp","href":"https:\/\/api.w.org\/{rel}","templated":true}]}}