{"id":74237,"date":"2024-10-18T20:39:12","date_gmt":"2024-10-18T20:39:12","guid":{"rendered":"https:\/\/staging.nbg.eu\/product\/kmr-gun-oil-20ml\/"},"modified":"2024-10-30T09:00:02","modified_gmt":"2024-10-30T09:00:02","slug":"zejt-ghall-armi-kmr-20ml","status":"publish","type":"product","link":"https:\/\/staging.nbg.eu\/mt\/product\/zejt-ghall-armi-kmr-20ml\/","title":{"rendered":"Zejt ghall-Armi KMR 20ML"},"content":{"rendered":"<div class=\"product-description\">\n<h2>\u017bEJT TAL-ARMI KMR 20ML<\/h2>\n<p>I\u017c-\u017cejt tal-armi KMR 20ML huwa prodott g\u0127all-manutenzjoni u l-protezzjoni tal-armi tan-nar. Dan i\u017c-\u017cejt sintetiku huwa ma\u0127sub biex inaqqas il-frizzjoni u l-u\u017cu, u ji\u017cgura li l-armi tan-nar ja\u0127dmu sew.<\/p>\n<ul>\n<li>Formula sintetika<\/li>\n<li>Inaqqas il-frizzjoni u l-u\u017cu<\/li>\n<li>Itawwal il-\u0127ajja tal-arma tan-nar<\/li>\n<li>Itejjeb il-prestazzjoni<\/li>\n<li>Adattat g\u0127at-tipi kollha ta&#8217; armi tan-nar<\/li>\n<\/ul>\n<p>I\u017c-\u017cejt tal-armi KMR ji\u0121i f&#8217;pakkett ta&#8217; 20ml, li jag\u0127mlu fa\u010bli biex jintu\u017ca u jin\u0121arr. Dan il-flixkun \u017cg\u0127ir ji\u017cgura li jkollok bi\u017c\u017cejjed \u017cejt g\u0127al manutenzjoni ta&#8217; malajr.<\/p>\n<p>I\u017c-\u017cejt tal-armi KMR 20ML jipprote\u0121i u j\u017comm l-armi tan-nar f&#8217;kundizzjoni tajba.<\/p>\n<\/div>\n","protected":false},"excerpt":{"rendered":"<p>\u017bejt sintetiku spe\u010bjali KMR g\u0127all-armi biex inaqqas il-frizzjoni u l-u\u017cu.<\/p>\n","protected":false},"featured_media":72875,"template":"","meta":{"_acf_changed":false},"product_brand":[11500],"product_cat":[1922,1434],"product_tag":[],"class_list":{"0":"post-74237","1":"product","2":"type-product","3":"status-publish","4":"has-post-thumbnail","6":"product_brand-kmr-precision","7":"product_cat-lubricants-mt","8":"product_cat-maintenance-mt","10":"first","11":"instock","12":"taxable","13":"shipping-taxable","14":"purchasable","15":"product-type-simple"},"acf":[],"_links":{"self":[{"href":"https:\/\/staging.nbg.eu\/mt\/wp-json\/wp\/v2\/product\/74237","targetHints":{"allow":["GET"]}}],"collection":[{"href":"https:\/\/staging.nbg.eu\/mt\/wp-json\/wp\/v2\/product"}],"about":[{"href":"https:\/\/staging.nbg.eu\/mt\/wp-json\/wp\/v2\/types\/product"}],"wp:featuredmedia":[{"embeddable":true,"href":"https:\/\/staging.nbg.eu\/mt\/wp-json\/wp\/v2\/media\/72875"}],"wp:attachment":[{"href":"https:\/\/staging.nbg.eu\/mt\/wp-json\/wp\/v2\/media?parent=74237"}],"wp:term":[{"taxonomy":"product_brand","embeddable":true,"href":"https:\/\/staging.nbg.eu\/mt\/wp-json\/wp\/v2\/product_brand?post=74237"},{"taxonomy":"product_cat","embeddable":true,"href":"https:\/\/staging.nbg.eu\/mt\/wp-json\/wp\/v2\/product_cat?post=74237"},{"taxonomy":"product_tag","embeddable":true,"href":"https:\/\/staging.nbg.eu\/mt\/wp-json\/wp\/v2\/product_tag?post=74237"}],"curies":[{"name":"wp","href":"https:\/\/api.w.org\/{rel}","templated":true}]}}