{"id":74171,"date":"2024-10-18T20:15:25","date_gmt":"2024-10-30T08:38:53","guid":{"rendered":"https:\/\/staging.nbg.eu\/product\/nitehog-sight-spot-hog-red-dot\/"},"modified":"2024-10-30T08:40:44","modified_gmt":"2024-10-30T08:40:44","slug":"nitehog-sight-spot-hog-red-dot","status":"publish","type":"product","link":"https:\/\/staging.nbg.eu\/mt\/product\/nitehog-sight-spot-hog-red-dot\/","title":{"rendered":"NiteHog Sight Spot Hog Red Dot"},"content":{"rendered":"<div class=\"product-description\">\n<h2>NiteHog Sight Spot Hog Red Dot<\/h2>\n<p>Dan huwa Red Dot Sight ta&#8217; Spot Hog. Huwa ottika 1x17x24 ming\u0127ajr parallax. G\u0127andu dot ta&#8217; 3MOA b&#8217;8 livelli ta&#8217; lumino\u017cit\u00e0 u 2 settings ta&#8217; night vision.<\/p>\n<ul>\n<li>Re\u017cistenti g\u0127ax-xokkijiet u l-ilma (IPX6)<\/li>\n<li>Kompatibbli ma&#8217; munizzjon 9mm, 45ACP, 12GA, u Lapua Magnum 338<\/li>\n<li>Disinn irqiq u baxx<\/li>\n<li>Jintefa awtomatikament wara 2 minuti ta&#8217; inattivit\u00e0<\/li>\n<li>\u0126ajja tal-batterija ta&#8217; 50,000 sieg\u0127a fuq is-setting l-aktar baxx (batterija CR2032, mhux inklu\u017ca)<\/li>\n<li>Mount Weaver g\u0127all-installazzjoni<\/li>\n<\/ul>\n<p>L-Spot Hog huwa kompatt u affidabbli.<\/p>\n<\/div>\n","protected":false},"excerpt":{"rendered":"<p>Vista ta&#8217; dot a\u0127mar 1x17x24 re\u017cistenti u ming\u0127ajr parallassi b&#8217;8 livelli ta&#8217; intensit\u00e0.<\/p>\n","protected":false},"featured_media":72547,"template":"","meta":{"_acf_changed":false},"product_brand":[11602],"product_cat":[796,798,1780],"product_tag":[],"class_list":{"0":"post-74171","1":"product","2":"type-product","3":"status-publish","4":"has-post-thumbnail","6":"product_brand-nitehog","7":"product_cat-aiming-mt","8":"product_cat-red-dots-mt","9":"product_cat-rifle-dots-mt","11":"first","12":"instock","13":"taxable","14":"shipping-taxable","15":"purchasable","16":"product-type-simple"},"acf":[],"_links":{"self":[{"href":"https:\/\/staging.nbg.eu\/mt\/wp-json\/wp\/v2\/product\/74171","targetHints":{"allow":["GET"]}}],"collection":[{"href":"https:\/\/staging.nbg.eu\/mt\/wp-json\/wp\/v2\/product"}],"about":[{"href":"https:\/\/staging.nbg.eu\/mt\/wp-json\/wp\/v2\/types\/product"}],"wp:featuredmedia":[{"embeddable":true,"href":"https:\/\/staging.nbg.eu\/mt\/wp-json\/wp\/v2\/media\/72547"}],"wp:attachment":[{"href":"https:\/\/staging.nbg.eu\/mt\/wp-json\/wp\/v2\/media?parent=74171"}],"wp:term":[{"taxonomy":"product_brand","embeddable":true,"href":"https:\/\/staging.nbg.eu\/mt\/wp-json\/wp\/v2\/product_brand?post=74171"},{"taxonomy":"product_cat","embeddable":true,"href":"https:\/\/staging.nbg.eu\/mt\/wp-json\/wp\/v2\/product_cat?post=74171"},{"taxonomy":"product_tag","embeddable":true,"href":"https:\/\/staging.nbg.eu\/mt\/wp-json\/wp\/v2\/product_tag?post=74171"}],"curies":[{"name":"wp","href":"https:\/\/api.w.org\/{rel}","templated":true}]}}