{"id":74149,"date":"2024-10-18T19:52:52","date_gmt":"2024-10-30T08:31:20","guid":{"rendered":"https:\/\/staging.nbg.eu\/product\/mag-release-button-kmr-black\/"},"modified":"2024-10-30T08:33:03","modified_gmt":"2024-10-30T08:33:03","slug":"buttuna-tal-helsien-tal-magazzjoni-kmr-iswed","status":"publish","type":"product","link":"https:\/\/staging.nbg.eu\/mt\/product\/buttuna-tal-helsien-tal-magazzjoni-kmr-iswed\/","title":{"rendered":"Buttuna tal-helsien tal-magazzjoni KMR, Iswed"},"content":{"rendered":"<dl class=\"data-sheet\">\n<dt class=\"name\">G\u0127all-Armi KMR<\/dt>\n<dd class=\"value\">KMR L-02 EMIQ<br \/>\nKMR L-02 EMIQ (OR)<br \/>\nKMR L-02 ORCA SA 2023<br \/>\nKMR L-02 SPECTRA MILL-2024<br \/>\nKMR L-02 SPECTRA SA 2023<br \/>\nKMR L-02 UMBRA MILL-2024<br \/>\nKMR L-02 UMBRA SA 2023<br \/>\nKMR S-01 LANCE (OR)<br \/>\nKMR S-02 SA 2023<br \/>\nKMR W-02 CUDA MILL-2024<br \/>\nKMR W-02 CUDA SA 2023<br \/>\nKMR W-02 UMBRA<br \/>\nKMR W-02 UMBRA (OR)<\/dd>\n<dt class=\"name\">G\u0127a\u017cla skont l-Armi CZ<\/dt>\n<dd class=\"value\">CZ SHADOW 2<br \/>\nCZ SHADOW 2 (OR)<\/dd>\n<\/dl>\n","protected":false},"excerpt":{"rendered":"<p>0180-00801-0101<\/p>\n<p>Nota: Dan huwa numru ta&#8217; referenza jew kodi\u010bi ta&#8217; prodott, u g\u0127alhekk ma jinbidilx meta ji\u0121i tradott g\u0127all-Malti.<\/p>\n","protected":false},"featured_media":72245,"template":"","meta":{"_acf_changed":false},"product_brand":[],"product_cat":[918],"product_tag":[],"class_list":{"0":"post-74149","1":"product","2":"type-product","3":"status-publish","4":"has-post-thumbnail","6":"product_cat-kmr-parts-mt","8":"first","9":"instock","10":"taxable","11":"shipping-taxable","12":"purchasable","13":"product-type-simple"},"acf":[],"_links":{"self":[{"href":"https:\/\/staging.nbg.eu\/mt\/wp-json\/wp\/v2\/product\/74149","targetHints":{"allow":["GET"]}}],"collection":[{"href":"https:\/\/staging.nbg.eu\/mt\/wp-json\/wp\/v2\/product"}],"about":[{"href":"https:\/\/staging.nbg.eu\/mt\/wp-json\/wp\/v2\/types\/product"}],"wp:featuredmedia":[{"embeddable":true,"href":"https:\/\/staging.nbg.eu\/mt\/wp-json\/wp\/v2\/media\/72245"}],"wp:attachment":[{"href":"https:\/\/staging.nbg.eu\/mt\/wp-json\/wp\/v2\/media?parent=74149"}],"wp:term":[{"taxonomy":"product_brand","embeddable":true,"href":"https:\/\/staging.nbg.eu\/mt\/wp-json\/wp\/v2\/product_brand?post=74149"},{"taxonomy":"product_cat","embeddable":true,"href":"https:\/\/staging.nbg.eu\/mt\/wp-json\/wp\/v2\/product_cat?post=74149"},{"taxonomy":"product_tag","embeddable":true,"href":"https:\/\/staging.nbg.eu\/mt\/wp-json\/wp\/v2\/product_tag?post=74149"}],"curies":[{"name":"wp","href":"https:\/\/api.w.org\/{rel}","templated":true}]}}