{"id":73989,"date":"2024-10-18T20:01:13","date_gmt":"2024-10-18T20:01:13","guid":{"rendered":"https:\/\/staging.nbg.eu\/product\/holosun-hs515cm-red-dot-sight\/"},"modified":"2024-10-25T14:24:37","modified_gmt":"2024-10-25T14:24:37","slug":"holosun-hs515cm-mira-red-dot","status":"publish","type":"product","link":"https:\/\/staging.nbg.eu\/mt\/product\/holosun-hs515cm-mira-red-dot\/","title":{"rendered":"Holosun HS515CM &#8211; Mira Red Dot"},"content":{"rendered":"<div class=\"product-description\">\n<h2>Holosun HS515CM &#8211; Mira ta&#8217; Punt A\u0127mar<\/h2>\n<p>Il-HS515CM huwa mira mikro ta&#8217; 20mm g\u0127al rifles u karabini. Mag\u0127mul minn aluminju 7075, jinkludi:<\/p>\n<ul>\n<li>G\u0127otjien tal-lenti \u010bari, li jistg\u0127u jitne\u0127\u0127ew\/jiddawru<\/li>\n<li>Mount QD lower 1\/3 co-witness (1.63&#8243;)<\/li>\n<li>Klassifikazzjoni IP68 kontra l-ilma u t-trab<\/li>\n<li>Teknolo\u0121ija Solar Failsafe<\/li>\n<li>Sistema Multi-Reticle b&#8217;LED A\u0127mar<\/li>\n<li>10 settings ta&#8217; dawl ta&#8217; nhar u 2 ta&#8217; vi\u017cjoni bil-lejl<\/li>\n<li>Teknolo\u0121ija Shake Awake<\/li>\n<li>\u0126ajja tal-batterija sa 50,000 sieg\u0127a<\/li>\n<li>Tibdil tal-batterija mill-\u0121enb ming\u0127ajr g\u0127odda<\/li>\n<\/ul>\n<p>Ma\u0127sub g\u0127al u\u017cu sportiv u professjonali, il-HS515CM joffri a\u0121\u0121ustamenti ta&#8217; 0.5 MOA u medda ta&#8217; vja\u0121\u0121ar ta&#8217; \u00b150 MOA. Huwa mibni biex jifla\u0127 temperaturi estremi u vibrazzjoni ta&#8217; 1000G.<\/p>\n<\/div>\n","protected":false},"excerpt":{"rendered":"<p>Vi\u017cjoni ta&#8217; dot a\u0127mar mikro ta&#8217; 20mm re\u017cistenti g\u0127all-u\u017cu fuq xkubetti, ta\u0127dem bl-ener\u0121ija solari, re\u017cistenti g\u0127all-ilma.<\/p>\n","protected":false},"featured_media":72408,"template":"","meta":{"_acf_changed":false},"product_brand":[11438],"product_cat":[796,798,1780],"product_tag":[],"class_list":{"0":"post-73989","1":"product","2":"type-product","3":"status-publish","4":"has-post-thumbnail","6":"product_brand-holosun","7":"product_cat-aiming-mt","8":"product_cat-red-dots-mt","9":"product_cat-rifle-dots-mt","11":"first","12":"instock","13":"taxable","14":"shipping-taxable","15":"purchasable","16":"product-type-simple"},"acf":[],"_links":{"self":[{"href":"https:\/\/staging.nbg.eu\/mt\/wp-json\/wp\/v2\/product\/73989","targetHints":{"allow":["GET"]}}],"collection":[{"href":"https:\/\/staging.nbg.eu\/mt\/wp-json\/wp\/v2\/product"}],"about":[{"href":"https:\/\/staging.nbg.eu\/mt\/wp-json\/wp\/v2\/types\/product"}],"wp:featuredmedia":[{"embeddable":true,"href":"https:\/\/staging.nbg.eu\/mt\/wp-json\/wp\/v2\/media\/72408"}],"wp:attachment":[{"href":"https:\/\/staging.nbg.eu\/mt\/wp-json\/wp\/v2\/media?parent=73989"}],"wp:term":[{"taxonomy":"product_brand","embeddable":true,"href":"https:\/\/staging.nbg.eu\/mt\/wp-json\/wp\/v2\/product_brand?post=73989"},{"taxonomy":"product_cat","embeddable":true,"href":"https:\/\/staging.nbg.eu\/mt\/wp-json\/wp\/v2\/product_cat?post=73989"},{"taxonomy":"product_tag","embeddable":true,"href":"https:\/\/staging.nbg.eu\/mt\/wp-json\/wp\/v2\/product_tag?post=73989"}],"curies":[{"name":"wp","href":"https:\/\/api.w.org\/{rel}","templated":true}]}}