{"id":73945,"date":"2024-08-16T18:08:29","date_gmt":"2024-08-16T18:08:29","guid":{"rendered":"https:\/\/staging.nbg.eu\/product\/calypso-mini-mini-applied-ballistics-compatible\/"},"modified":"2024-10-25T07:35:01","modified_gmt":"2024-10-25T07:35:01","slug":"calypso-mini-kompatibbli-ma-applied-ballistics-mini","status":"publish","type":"product","link":"https:\/\/staging.nbg.eu\/mt\/product\/calypso-mini-kompatibbli-ma-applied-ballistics-mini\/","title":{"rendered":"Calypso Mini &#8211; Kompatibbli ma Applied Ballistics Mini"},"content":{"rendered":"<h2>Calypso Mini &#8211; Mini Kompatibbli ma&#8217; Applied Ballistics<\/h2>\n<p>Il-Calypso Mini huwa anemometru u wind vane ultrasoniku \u017cg\u0127ir. Dan l-istrument, b&#8217;dijametru ta&#8217; 43mm, g\u0127andu karatteristi\u010bi avvanzati u disinn robust.<\/p>\n<h3>Karatteristi\u010bi Ewlenin:<\/h3>\n<ul>\n<li>Sensuri ultrasoni\u010bi g\u0127al kejl pre\u010bi\u017c tal-velo\u010bit\u00e0 u d-direzzjoni tar-ri\u0127<\/li>\n<li>Konnettivit\u00e0 Bluetooth 5.1 b&#8217;firxa sa 30m<\/li>\n<li>\u010aar\u0121jar wireless QI b&#8217;\u0127ajja tal-batterija ta&#8217; 150 sieg\u0127a<\/li>\n<li>Klassifikazzjoni ta&#8217; re\u017cistenza g\u0127all-ilma IPX8<\/li>\n<li>Kompatibbli ma&#8217; apparat Android, iOS, u Garmin<\/li>\n<li>Kamin femminili ta&#8217; 1\/4&#8243; g\u0127al twa\u0127\u0127il fa\u010bli fuq tripod<\/li>\n<li>\u0126afif b&#8217;pi\u017c ta&#8217; 78 gramma biss<\/li>\n<\/ul>\n<p>Il-Calypso Mini joffri kejl pre\u010bi\u017c tar-ri\u0127 b&#8217;firxa ta&#8217; velo\u010bit\u00e0 ta&#8217; 0.5-25 m\/s u pre\u010bi\u017cjoni ta&#8217; direzzjoni ta&#8217; \u00b11\u00b0. Id-disinn tieg\u0127u ming\u0127ajr partijiet li ji\u010b\u010baqalqu ji\u017cgura affidabbilt\u00e0 f&#8217;diversi kundizzjonijiet. Jista&#8217; ji\u0121i akkoppjat mal-App Anemotracker b&#8217;xejn g\u0127al re\u0121istrazzjoni tad-data u informazzjoni tar-ri\u0127 f&#8217;\u0127in reali.<\/p>\n<p>Il-Calypso Mini huwa soluzzjoni kompatta g\u0127all-kejl tar-ri\u0127 g\u0127al dawk interessati fil-ba\u0127ar, avventuri fuq barra, jew meteorolo\u0121isti professjonali.<\/p>\n","protected":false},"excerpt":{"rendered":"<p>Anemometru ultrasoniku kompatt bil-Bluetooth g\u0127al data pre\u010bi\u017ca tar-ri\u0127.<\/p>\n","protected":false},"featured_media":23276,"template":"","meta":{"_acf_changed":false},"product_brand":[11180],"product_cat":[1299,1300,496],"product_tag":[],"class_list":{"0":"post-73945","1":"product","2":"type-product","3":"status-publish","4":"has-post-thumbnail","6":"product_brand-calypso","7":"product_cat-tools-mt","8":"product_cat-weather-meters-mt","9":"product_cat-uncategorized-mt","11":"first","12":"instock","13":"taxable","14":"shipping-taxable","15":"purchasable","16":"product-type-simple"},"acf":[],"_links":{"self":[{"href":"https:\/\/staging.nbg.eu\/mt\/wp-json\/wp\/v2\/product\/73945","targetHints":{"allow":["GET"]}}],"collection":[{"href":"https:\/\/staging.nbg.eu\/mt\/wp-json\/wp\/v2\/product"}],"about":[{"href":"https:\/\/staging.nbg.eu\/mt\/wp-json\/wp\/v2\/types\/product"}],"wp:featuredmedia":[{"embeddable":true,"href":"https:\/\/staging.nbg.eu\/mt\/wp-json\/wp\/v2\/media\/23276"}],"wp:attachment":[{"href":"https:\/\/staging.nbg.eu\/mt\/wp-json\/wp\/v2\/media?parent=73945"}],"wp:term":[{"taxonomy":"product_brand","embeddable":true,"href":"https:\/\/staging.nbg.eu\/mt\/wp-json\/wp\/v2\/product_brand?post=73945"},{"taxonomy":"product_cat","embeddable":true,"href":"https:\/\/staging.nbg.eu\/mt\/wp-json\/wp\/v2\/product_cat?post=73945"},{"taxonomy":"product_tag","embeddable":true,"href":"https:\/\/staging.nbg.eu\/mt\/wp-json\/wp\/v2\/product_tag?post=73945"}],"curies":[{"name":"wp","href":"https:\/\/api.w.org\/{rel}","templated":true}]}}