{"id":73714,"date":"2024-10-16T19:57:17","date_gmt":"2024-10-21T08:17:52","guid":{"rendered":"https:\/\/staging.nbg.eu\/product\/casio-gbd-800-1ber\/"},"modified":"2024-10-21T08:19:40","modified_gmt":"2024-10-21T08:19:40","slug":"casio-gbd-800-1ber","status":"publish","type":"product","link":"https:\/\/staging.nbg.eu\/mt\/product\/casio-gbd-800-1ber\/","title":{"rendered":"Casio GBD-800-1BER"},"content":{"rendered":"<h2>Arlo\u0121\u0121 tal-Isports Casio GBD-800-1BER G-SQUAD<\/h2>\n<p>Il-Casio GBD-800-1BER huwa arlo\u0121\u0121 tal-isports G-SQUAD mag\u0127mul g\u0127all-atleti u g\u0127all-u\u017cu ta&#8217; kuljum. Dan l-arlo\u0121\u0121 iswed g\u0127andu:<\/p>\n<ul>\n<li>Display di\u0121itali b&#8217;\u0127afna segmenti g\u0127al qari a\u0127jar<\/li>\n<li>Konnettivit\u00e0 Bluetooth mal-app CASIO WATCHES<\/li>\n<li>A\u010b\u010belerometru bi 3 assi g\u0127al g\u0127add pre\u010bi\u017c tal-passi<\/li>\n<li>Multi-Timer b&#8217;sa 20 kombinazzjoni ta&#8217; timers<\/li>\n<li>Memorja ta&#8217; 200 lap g\u0127al re\u0121istrazzjoni dettaljata tal-e\u017cer\u010bizzju<\/li>\n<li>Dawl LED awtomatiku g\u0127al vi\u017cibilit\u00e0 f&#8217;dawl baxx<\/li>\n<li>Ilbies komdu b&#8217;\u010binturin a\u0121\u0121ustabbli u \u0121wiena\u0127 fuq wara<\/li>\n<\/ul>\n<p>Il-GBD-800-1BER g\u0127andu disinn, kostruzzjoni soda, u kapa\u010bitajiet avvanzati ta&#8217; monitora\u0121\u0121 tal-fitness. Dan l-arlo\u0121\u0121 G-SHOCK jg\u0127inek tibqa&#8217; mmotivat u ssegwi l-g\u0127anijiet tal-fitness tieg\u0127ek, kemm jekk tkun fil-gym jew fit-triq.<\/p>\n","protected":false},"excerpt":{"rendered":"<p>Arlo\u0121\u0121 sportiv eleganti G-SHOCK b&#8217;g\u0127addad tal-passi u konnettivit\u00e0 ma&#8217; app tat-telefown.<\/p>\n","protected":false},"featured_media":100957,"template":"","meta":{"_acf_changed":false},"product_brand":[11205],"product_cat":[1640],"product_tag":[],"class_list":{"0":"post-73714","1":"product","2":"type-product","3":"status-publish","4":"has-post-thumbnail","6":"product_brand-casio","7":"product_cat-edc-mt","9":"first","10":"instock","11":"taxable","12":"shipping-taxable","13":"purchasable","14":"product-type-simple"},"acf":[],"_links":{"self":[{"href":"https:\/\/staging.nbg.eu\/mt\/wp-json\/wp\/v2\/product\/73714","targetHints":{"allow":["GET"]}}],"collection":[{"href":"https:\/\/staging.nbg.eu\/mt\/wp-json\/wp\/v2\/product"}],"about":[{"href":"https:\/\/staging.nbg.eu\/mt\/wp-json\/wp\/v2\/types\/product"}],"wp:featuredmedia":[{"embeddable":true,"href":"https:\/\/staging.nbg.eu\/mt\/wp-json\/wp\/v2\/media\/100957"}],"wp:attachment":[{"href":"https:\/\/staging.nbg.eu\/mt\/wp-json\/wp\/v2\/media?parent=73714"}],"wp:term":[{"taxonomy":"product_brand","embeddable":true,"href":"https:\/\/staging.nbg.eu\/mt\/wp-json\/wp\/v2\/product_brand?post=73714"},{"taxonomy":"product_cat","embeddable":true,"href":"https:\/\/staging.nbg.eu\/mt\/wp-json\/wp\/v2\/product_cat?post=73714"},{"taxonomy":"product_tag","embeddable":true,"href":"https:\/\/staging.nbg.eu\/mt\/wp-json\/wp\/v2\/product_tag?post=73714"}],"curies":[{"name":"wp","href":"https:\/\/api.w.org\/{rel}","templated":true}]}}