{"id":69674,"date":"2023-11-22T18:07:20","date_gmt":"2024-09-20T13:16:00","guid":{"rendered":"https:\/\/staging.nbg.eu\/product\/kmr-w-02-umbra\/"},"modified":"2025-02-19T16:13:29","modified_gmt":"2025-02-19T16:13:29","slug":"kmr-w-02-umbra","status":"publish","type":"product","link":"https:\/\/staging.nbg.eu\/mt\/product\/kmr-w-02-umbra\/","title":{"rendered":"KMR W-02 UMBRA"},"content":{"rendered":"<div class=\"product-description\">\n<h2>KMR W-02 UMBRA: Divi\u017cjonijiet IDPA<\/h2>\n<p>Il-KMR W-02 UMBRA hija pistola kompatta ddisinjata g\u0127al tiratur li jfittex pre\u010bi\u017cjoni.<\/p>\n<h2>Karatteristi\u010bi Ewlenin:<\/h2>\n<ul>\n<li>Kanna ta&#8217; 4.5&#8243; tqila, skanalata u illustrata g\u0127al pre\u010bi\u017cjoni<\/li>\n<li>Sistema ta&#8217; Stabbilizzazzjoni tal-Kanna fl-Islajd<\/li>\n<li>Qafas tal-azzar CNC-machined<\/li>\n<li>Mekkani\u017cmu tat-Trigger SA\/DA b&#8217;Reset Qasir<\/li>\n<li>Kapa\u010bit\u00e0 ta&#8217; 16+1 tiri<\/li>\n<li>Trattament tal-Wi\u010b\u010b CERAKOTE fuq il-Qafas u l-Islajd<\/li>\n<\/ul>\n<h2>Ergonomija u Personalizzazzjoni:<\/h2>\n<ul>\n<li>Mankijiet tad-Duralumin DiamondCut<\/li>\n<li>Buttuna tar-Rilaxx tal-Magazine A\u0121\u0121ustabbli tad-Duralumin<\/li>\n<li>Sigurt\u00e0 Manwali tax-Xellug Esti\u017ca u Sigurt\u00e0 Manwali tal-Lemin \u010aatta<\/li>\n<li>Mira ta&#8217; Quddiem b&#8217;Fibra Ottika (1 mm)<\/li>\n<li>Mira ta&#8217; Wara A\u0121\u0121ustabbli g\u0127all-\u0120enb u l-G\u0127oli<\/li>\n<\/ul>\n<h2>Spe\u010bifikazzjonijiet:<\/h2>\n<ul>\n<li>Kalibru: 9\u00d719, 9\u00d721<\/li>\n<li>Tul totali: 208 mm \/ 8.2 pulzieri<\/li>\n<li>Tul tal-kanna: 114 mm \/ 4.5 pulzieri<\/li>\n<li>Pi\u017c (b&#8217;magazine vojt): 1280 g \/ 42.5 oz<\/li>\n<li>\u0120bid tat-trigger: 17,5 N (SA) \/ 45 N (DA)<\/li>\n<\/ul>\n<p>Il-KMR W-02 UMBRA hija ddisinjata g\u0127al tiratur kompetittiv jew dilettant. Toffri pre\u010bi\u017cjoni u kontroll.<\/p>\n<p>Kull KMR W-02 UMBRA ti\u0121i ma&#8217; 3 magazines, Kaxxa tal-Pistola KMR, Kit tat-Tindif, \u017bejt KMR, Manwal tal-Utent, u Karta tal-Garanzija.<\/p>\n<\/div>\n","protected":false},"excerpt":{"rendered":"<p>KMR W-02 UMBRA b&#8217;sa\u0127\u0127tu u pre\u010bi\u017c: Pistola kompatta ta&#8217; 9mm bi stabilizzazzjoni BRS.<\/p>\n","protected":false},"featured_media":69675,"template":"","meta":{"_acf_changed":false},"product_brand":[11500],"product_cat":[2177,2254],"product_tag":[],"class_list":{"0":"post-69674","1":"product","2":"type-product","3":"status-publish","4":"has-post-thumbnail","6":"product_brand-kmr-precision","7":"product_cat-pistol-mt","8":"product_cat-pistols-mt","10":"first","11":"instock","12":"taxable","13":"shipping-taxable","14":"product-type-simple"},"acf":[],"_links":{"self":[{"href":"https:\/\/staging.nbg.eu\/mt\/wp-json\/wp\/v2\/product\/69674","targetHints":{"allow":["GET"]}}],"collection":[{"href":"https:\/\/staging.nbg.eu\/mt\/wp-json\/wp\/v2\/product"}],"about":[{"href":"https:\/\/staging.nbg.eu\/mt\/wp-json\/wp\/v2\/types\/product"}],"wp:featuredmedia":[{"embeddable":true,"href":"https:\/\/staging.nbg.eu\/mt\/wp-json\/wp\/v2\/media\/69675"}],"wp:attachment":[{"href":"https:\/\/staging.nbg.eu\/mt\/wp-json\/wp\/v2\/media?parent=69674"}],"wp:term":[{"taxonomy":"product_brand","embeddable":true,"href":"https:\/\/staging.nbg.eu\/mt\/wp-json\/wp\/v2\/product_brand?post=69674"},{"taxonomy":"product_cat","embeddable":true,"href":"https:\/\/staging.nbg.eu\/mt\/wp-json\/wp\/v2\/product_cat?post=69674"},{"taxonomy":"product_tag","embeddable":true,"href":"https:\/\/staging.nbg.eu\/mt\/wp-json\/wp\/v2\/product_tag?post=69674"}],"curies":[{"name":"wp","href":"https:\/\/api.w.org\/{rel}","templated":true}]}}