{"id":68485,"date":"2023-11-29T10:10:20","date_gmt":"2024-09-20T12:30:05","guid":{"rendered":"https:\/\/staging.nbg.eu\/product\/geissele-super-duty-mod1-11-5-5-56mm-ddc\/"},"modified":"2024-09-27T10:07:30","modified_gmt":"2024-09-27T10:07:30","slug":"geissele-super-duty-115-556mm-ddc","status":"publish","type":"product","link":"https:\/\/staging.nbg.eu\/mt\/product\/geissele-super-duty-115-556mm-ddc\/","title":{"rendered":"Geissele Super Duty, 11.5&#8243;, 5.56MM-DDC"},"content":{"rendered":"<h2>Pistola Geissele Super Duty &#8211; 11.5&#8243; 5.56MM<\/h2>\n<p>Il-Geissele Super Duty hija pistola ta&#8217; 11.5&#8243; f&#8217;5.56 NATO li tg\u0127aqqad teknolo\u0121ija avvanzata ma&#8217; \u0127ila tal-manifattura.<\/p>\n<h2>Karatteristi\u010bi Ewlenin:<\/h2>\n<ul>\n<li>Kanna ta&#8217; 11.5&#8243; Cold Hammer Forged, Chrome-lined (dawran 1:7&#8243;)<\/li>\n<li>Mag\u0127mula fil-fa\u010bilit\u00e0 ta&#8217; Geissele f&#8217;North Wales, PA<\/li>\n<li>Sistema tal-gass ta&#8217; tul carbine b&#8217;Super Compact Gas Block<\/li>\n<li>Rail Modulari SMR MK16 ta&#8217; 10.5&#8243; b&#8217;kompatibbilt\u00e0 M-LOK<\/li>\n<li>Ri\u010bevitur t&#8217;isfel tal-aluminju 7075-T6 b&#8217;kit ta&#8217; partijiet Ultra Duty<\/li>\n<li>Sigurt\u00e0 Super Configurable ambidestru<\/li>\n<li>Molla ta&#8217; azzjoni Super-42 u buffer H3<\/li>\n<\/ul>\n<h2>Spe\u010bifikazzjonijiet:<\/h2>\n<ul>\n<li>Kalibru: 5.56 NATO<\/li>\n<li>Kanna: Geissele Cold Hammer Forged, Chrome-Lined, dawran 1\/7<\/li>\n<li>Ri\u010bevituri: Forged 7075-T6, Hardcoat anodizzat tip III<\/li>\n<li>Bolt Carrier: REBCG (Reliability Enhanced Bolt Carrier Group)<\/li>\n<li>Trigger: SSA-X b&#8217;Lightning Bow<\/li>\n<li>Apparat tal-bokka: Geissele Sparkout Flash Hider<\/li>\n<li>Charging Handle: Airborne<\/li>\n<li>Kulur: DDC (Desert Dirt Color)*<\/li>\n<\/ul>\n<p><em>*Nota: L-anodizzazzjoni DDC tista&#8217; tvarja fil-gradazzjoni<\/em><\/p>\n<p>Il-Pistola Geissele Super Duty hija arma kompatta u b&#8217;prestazzjoni g\u0127olja.<\/p>\n","protected":false},"excerpt":{"rendered":"<p>Geissele Super Duty: 11.5&#8243; 5.56MM, teknolo\u0121ija avvanzata, mibnija bi pre\u010bi\u017cjoni.<\/p>\n","protected":false},"featured_media":191256,"template":"","meta":{"_acf_changed":false},"product_brand":[11394],"product_cat":[871,642],"product_tag":[],"class_list":{"0":"post-68485","1":"product","2":"type-product","3":"status-publish","4":"has-post-thumbnail","6":"product_brand-geissele","7":"product_cat-licensed-mt","8":"product_cat-rifle-mt","10":"first","11":"instock","12":"taxable","13":"shipping-taxable","14":"product-type-simple"},"acf":[],"_links":{"self":[{"href":"https:\/\/staging.nbg.eu\/mt\/wp-json\/wp\/v2\/product\/68485","targetHints":{"allow":["GET"]}}],"collection":[{"href":"https:\/\/staging.nbg.eu\/mt\/wp-json\/wp\/v2\/product"}],"about":[{"href":"https:\/\/staging.nbg.eu\/mt\/wp-json\/wp\/v2\/types\/product"}],"wp:featuredmedia":[{"embeddable":true,"href":"https:\/\/staging.nbg.eu\/mt\/wp-json\/wp\/v2\/media\/191256"}],"wp:attachment":[{"href":"https:\/\/staging.nbg.eu\/mt\/wp-json\/wp\/v2\/media?parent=68485"}],"wp:term":[{"taxonomy":"product_brand","embeddable":true,"href":"https:\/\/staging.nbg.eu\/mt\/wp-json\/wp\/v2\/product_brand?post=68485"},{"taxonomy":"product_cat","embeddable":true,"href":"https:\/\/staging.nbg.eu\/mt\/wp-json\/wp\/v2\/product_cat?post=68485"},{"taxonomy":"product_tag","embeddable":true,"href":"https:\/\/staging.nbg.eu\/mt\/wp-json\/wp\/v2\/product_tag?post=68485"}],"curies":[{"name":"wp","href":"https:\/\/api.w.org\/{rel}","templated":true}]}}