{"id":68365,"date":"2023-12-10T10:23:45","date_gmt":"2023-12-10T10:23:45","guid":{"rendered":"https:\/\/staging.nbg.eu\/product\/alg-defense-el-jefe-16-5-56mm-black\/"},"modified":"2025-02-07T08:23:01","modified_gmt":"2025-02-07T08:23:01","slug":"alg-defense-el-jefe-16-556mm-iswed","status":"publish","type":"product","link":"https:\/\/staging.nbg.eu\/mt\/product\/alg-defense-el-jefe-16-556mm-iswed\/","title":{"rendered":"ALG Defense El Jefe, 16&#8243;, 5.56MM &#8211; Iswed"},"content":{"rendered":"<h2>ALG Defense El Jefe, 16&#8243;, 5.56MM &#8211; Iswed<\/h2>\n<p>Ir-rifle ALG Defense El Jefe huwa g\u0127a\u017cla g\u0127al sparaturi li jfittxu rifle ta&#8217; kwalit\u00e0 Mil-Spec bi prezz affordabbli. Din is-sistema ta&#8217; rifle kompluta ti\u0121i b&#8217;\u010binga u vi\u017cwali Warner &amp; Swasey red dot.<\/p>\n<h2>Karatteristi\u010bi Ewlenin:<\/h2>\n<ul>\n<li>Ri\u010bevituri tal-aluminju 7075, miksula u ma\u0127duma bis-CNC g\u0127al sa\u0127\u0127a u disinn \u0127afif<\/li>\n<li>Finitura anodizzata Mil-Spec Tip 3 f&#8217;iswed opak<\/li>\n<li>Handguard ALG V3X bi slots M-LOK g\u0127al g\u0127a\u017cliet ta&#8217; rbit versatili<\/li>\n<li>Stokk B5 Systems SOPMOD<\/li>\n<li>Molla tal-buffer tas-sistema Geissele Super 42 u buffer H1 g\u0127al \u010bikla\u0121\u0121 affidabbli<\/li>\n<li>Grupp tal-bolt carrier Mil-Spec b&#8217;kisi ta&#8217; kromju iebes g\u0127al durabilit\u00e0<\/li>\n<li>ALG Defense Advanced Combat Trigger (ACT)<\/li>\n<li>Kanna buttunata, miksija bil-kromju b&#8217;kamra 5.56 NATO<\/li>\n<li>Blokk tal-gass Geissele u tubu tal-gass esti\u017c ta&#8217; tul medju<\/li>\n<li>Tinkludi \u010binga web ta&#8217; karabina M4 Mil-Spec u swivels QD<\/li>\n<li>Vi\u017cwali Warner and Swasey 3 MOA red dot b&#8217;vi\u017cwali tal-\u0127adid ta&#8217; ri\u017cerva integrali<\/li>\n<\/ul>\n<p>El Jefe jg\u0127aqqad komponenti ta&#8217; kwalit\u00e0 g\u0127olja biex jipprovdi rifle affidabbli, pre\u010bi\u017c u durabbli adattat g\u0127all-isparar sportiv, infurzar tal-li\u0121i, u difi\u017ca tad-dar.<\/p>\n","protected":false},"excerpt":{"rendered":"<p>ALG Defense El Jefe: AR-15 ta&#8217; kwalit\u00e0 g\u0127olja ta&#8217; 5.56mm b&#8217;karatteristi\u010bi premium.<\/p>\n","protected":false},"featured_media":68366,"template":"","meta":{"_acf_changed":false},"product_brand":[11394],"product_cat":[642],"product_tag":[],"class_list":{"0":"post-68365","1":"product","2":"type-product","3":"status-publish","4":"has-post-thumbnail","6":"product_brand-geissele","7":"product_cat-rifle-mt","9":"first","10":"instock","11":"taxable","12":"shipping-taxable","13":"product-type-simple"},"acf":[],"_links":{"self":[{"href":"https:\/\/staging.nbg.eu\/mt\/wp-json\/wp\/v2\/product\/68365","targetHints":{"allow":["GET"]}}],"collection":[{"href":"https:\/\/staging.nbg.eu\/mt\/wp-json\/wp\/v2\/product"}],"about":[{"href":"https:\/\/staging.nbg.eu\/mt\/wp-json\/wp\/v2\/types\/product"}],"wp:featuredmedia":[{"embeddable":true,"href":"https:\/\/staging.nbg.eu\/mt\/wp-json\/wp\/v2\/media\/68366"}],"wp:attachment":[{"href":"https:\/\/staging.nbg.eu\/mt\/wp-json\/wp\/v2\/media?parent=68365"}],"wp:term":[{"taxonomy":"product_brand","embeddable":true,"href":"https:\/\/staging.nbg.eu\/mt\/wp-json\/wp\/v2\/product_brand?post=68365"},{"taxonomy":"product_cat","embeddable":true,"href":"https:\/\/staging.nbg.eu\/mt\/wp-json\/wp\/v2\/product_cat?post=68365"},{"taxonomy":"product_tag","embeddable":true,"href":"https:\/\/staging.nbg.eu\/mt\/wp-json\/wp\/v2\/product_tag?post=68365"}],"curies":[{"name":"wp","href":"https:\/\/api.w.org\/{rel}","templated":true}]}}