{"id":68170,"date":"2024-01-30T18:09:06","date_gmt":"2024-09-20T12:20:17","guid":{"rendered":"https:\/\/staging.nbg.eu\/product\/surefire-m640dft-pro\/"},"modified":"2024-09-20T12:21:14","modified_gmt":"2024-09-20T12:21:14","slug":"surefire-m640dft-pro","status":"publish","type":"product","link":"https:\/\/staging.nbg.eu\/mt\/product\/surefire-m640dft-pro\/","title":{"rendered":"SureFire M640DFT-PRO"},"content":{"rendered":"<div class=\"product-description\">\n<h2>SureFire M640DFT-PRO Turbo Scout Light Pro<\/h2>\n<p>L-M640DFT-PRO Turbo Scout Light Pro g\u0127andu dawn il-karatteristi\u010bi:<\/p>\n<ul>\n<li>100,000 candela intensit\u00e0 massima tar-ra\u0121\u0121 bil-batterija SF18650B inklu\u017ca<\/li>\n<li>Xejra tar-ra\u0121\u0121 turbo g\u0127all-identifikazzjoni ta&#8217; miri f&#8217;distanza kbira<\/li>\n<li>Munta\u0121\u0121 ta&#8217; profil baxx (kompatibbli ma&#8217; MIL-STD-1913 u M-LOK)<\/li>\n<li>Kapa\u010bit\u00e0 ta&#8217; karburant doppju: u\u017ca SF18650B rikarikabbli jew \u017cew\u0121 batteriji tal-litju 123A<\/li>\n<li>Durabbilt\u00e0 u g\u0127a\u017cliet ta&#8217; swi\u010b\u010bjar remot<\/li>\n<\/ul>\n<p>Mag\u0127mul minn aluminju \u0127afif tal-ajruspazju u anodizzat iebes skont l-ispe\u010bifikazzjonijiet militari, dan id-dawl tal-arma ssi\u0121illat b&#8217;O-ring joffri prestazzjoni u versatilit\u00e0 g\u0127al applikazzjonijiet ta&#8217; medda twila.<\/p>\n<\/div>\n","protected":false},"excerpt":{"rendered":"<p>Dawl tattiku ta&#8217; qawwa g\u0127olja b&#8217;ra\u0121\u0121 ta&#8217; 100,000 kandela g\u0127al u\u017cu ta&#8217; medda twila.<\/p>\n","protected":false},"featured_media":68171,"template":"","meta":{"_acf_changed":false},"product_brand":[11878],"product_cat":[1559,642],"product_tag":[],"class_list":{"0":"post-68170","1":"product","2":"type-product","3":"status-publish","4":"has-post-thumbnail","6":"product_brand-surefire","7":"product_cat-lights-mt","8":"product_cat-rifle-mt","10":"first","11":"instock","12":"taxable","13":"shipping-taxable","14":"purchasable","15":"product-type-variable","16":"wvs-archive-product-wrapper"},"acf":[],"_links":{"self":[{"href":"https:\/\/staging.nbg.eu\/mt\/wp-json\/wp\/v2\/product\/68170","targetHints":{"allow":["GET"]}}],"collection":[{"href":"https:\/\/staging.nbg.eu\/mt\/wp-json\/wp\/v2\/product"}],"about":[{"href":"https:\/\/staging.nbg.eu\/mt\/wp-json\/wp\/v2\/types\/product"}],"wp:featuredmedia":[{"embeddable":true,"href":"https:\/\/staging.nbg.eu\/mt\/wp-json\/wp\/v2\/media\/68171"}],"wp:attachment":[{"href":"https:\/\/staging.nbg.eu\/mt\/wp-json\/wp\/v2\/media?parent=68170"}],"wp:term":[{"taxonomy":"product_brand","embeddable":true,"href":"https:\/\/staging.nbg.eu\/mt\/wp-json\/wp\/v2\/product_brand?post=68170"},{"taxonomy":"product_cat","embeddable":true,"href":"https:\/\/staging.nbg.eu\/mt\/wp-json\/wp\/v2\/product_cat?post=68170"},{"taxonomy":"product_tag","embeddable":true,"href":"https:\/\/staging.nbg.eu\/mt\/wp-json\/wp\/v2\/product_tag?post=68170"}],"curies":[{"name":"wp","href":"https:\/\/api.w.org\/{rel}","templated":true}]}}