{"id":66257,"date":"2024-01-18T13:56:08","date_gmt":"2024-09-20T11:48:34","guid":{"rendered":"https:\/\/staging.nbg.eu\/product\/surefire-switch-assembly-z-xbc\/"},"modified":"2024-09-20T11:49:33","modified_gmt":"2024-09-20T11:49:33","slug":"surefire-switch-assembly-z-xbc","status":"publish","type":"product","link":"https:\/\/staging.nbg.eu\/mt\/product\/surefire-switch-assembly-z-xbc\/","title":{"rendered":"SureFire Switch Assembly Z-XBC"},"content":{"rendered":"<p>\nL-Assembla\u0121\u0121 ta&#8217; Swi\u010b\u010b SureFire Z-XBC huwa s-swi\u010b\u010b ta&#8217; sostituzzjoni tal-fabbrika g\u0127al-Lampi tal-Armi X300, X400, u XH30. Il-karatteristi\u010bi jinkludu:<\/p>\n<ul>\n<li>Swi\u010b\u010b ambidestru b&#8217;funzjoni momentanja u kostanti li tista&#8217; timbotta\/taqlab<\/li>\n<li>Kostruzzjoni ta&#8217; polimer re\u017cistenti<\/li>\n<li>Disponibbli fl-Iswed jew Kannella \u010bar<\/li>\n<\/ul>\n<p>Mhux kompatibbli mal-Lampa tal-Armi XH50G. A\u010b\u010berta ru\u0127ek li qed tu\u017ca s-swi\u010b\u010b it-tajjeb g\u0127al-Lampa tal-Armi SureFire tieg\u0127ek.<\/p>\n","protected":false},"excerpt":{"rendered":"<p>Swi\u010b\u010b ta&#8217; sostituzzjoni g\u0127al SureFire X300\/X400\/XH30 WeaponLights. B&#8217;\u017cew\u0121 modi.<\/p>\n","protected":false},"featured_media":66258,"template":"","meta":{"_acf_changed":false},"product_brand":[11878],"product_cat":[1558,1559,2177,1670],"product_tag":[],"class_list":{"0":"post-66257","1":"product","2":"type-product","3":"status-publish","4":"has-post-thumbnail","6":"product_brand-surefire","7":"product_cat-light-accessories-mt","8":"product_cat-lights-mt","9":"product_cat-pistol-mt","10":"product_cat-pistol-lights-mt","12":"first","13":"instock","14":"taxable","15":"shipping-taxable","16":"purchasable","17":"product-type-variable","18":"wvs-archive-product-wrapper"},"acf":[],"_links":{"self":[{"href":"https:\/\/staging.nbg.eu\/mt\/wp-json\/wp\/v2\/product\/66257","targetHints":{"allow":["GET"]}}],"collection":[{"href":"https:\/\/staging.nbg.eu\/mt\/wp-json\/wp\/v2\/product"}],"about":[{"href":"https:\/\/staging.nbg.eu\/mt\/wp-json\/wp\/v2\/types\/product"}],"wp:featuredmedia":[{"embeddable":true,"href":"https:\/\/staging.nbg.eu\/mt\/wp-json\/wp\/v2\/media\/66258"}],"wp:attachment":[{"href":"https:\/\/staging.nbg.eu\/mt\/wp-json\/wp\/v2\/media?parent=66257"}],"wp:term":[{"taxonomy":"product_brand","embeddable":true,"href":"https:\/\/staging.nbg.eu\/mt\/wp-json\/wp\/v2\/product_brand?post=66257"},{"taxonomy":"product_cat","embeddable":true,"href":"https:\/\/staging.nbg.eu\/mt\/wp-json\/wp\/v2\/product_cat?post=66257"},{"taxonomy":"product_tag","embeddable":true,"href":"https:\/\/staging.nbg.eu\/mt\/wp-json\/wp\/v2\/product_tag?post=66257"}],"curies":[{"name":"wp","href":"https:\/\/api.w.org\/{rel}","templated":true}]}}