{"id":66189,"date":"2024-01-19T18:03:48","date_gmt":"2024-01-19T18:03:48","guid":{"rendered":"https:\/\/staging.nbg.eu\/product\/surefire-sf18350\/"},"modified":"2024-09-20T11:47:41","modified_gmt":"2024-09-20T11:47:41","slug":"surefire-sf18350","status":"publish","type":"product","link":"https:\/\/staging.nbg.eu\/mt\/product\/surefire-sf18350\/","title":{"rendered":"SureFire SF18350"},"content":{"rendered":"<div class=\"product-description\">\n<h2>Batterija Rikarikabbli SureFire SF18350<\/h2>\n<p>Ippowera l-g\u0127odda tad-dawl Dual Fuel ta&#8217; 3 volts ta&#8217; SureFire bil-batterija rikarikabbli SF18350. Tinkludi:<\/p>\n<ul>\n<li>3.7 volts \/ kapa\u010bit\u00e0 ta&#8217; 1100 mAh<\/li>\n<li>I\u010b\u010bar\u0121jar MICRO-USB g\u0127al g\u0127a\u017cliet ta&#8217; ener\u0121ija versatili<\/li>\n<li>Disinn ta&#8217; 18350 protett b&#8217;joni tal-litju<\/li>\n<li>Kompatibbli ma&#8217; prodotti Dual Fuel ta&#8217; SureFire, im\u0127addma b&#8217;123A wa\u0127da<\/li>\n<\/ul>\n<p>Tinkludi kejbil MICRO-USB g\u0127al USB g\u0127al i\u010b\u010bar\u0121jar konvenjenti minn sorsi differenti. Mhux kompatibbli ma&#8217; prodotti li mhumiex Dual Fuel.<\/p>\n<\/div>\n","protected":false},"excerpt":{"rendered":"<p>Batterija rikarikabbli 18350: 3.7V, 1100mAh, \u010bar\u0121jar b&#8217;MICRO-USB.<\/p>\n","protected":false},"featured_media":66190,"template":"","meta":{"_acf_changed":false},"product_brand":[11878],"product_cat":[1609,1559],"product_tag":[],"class_list":{"0":"post-66189","1":"product","2":"type-product","3":"status-publish","4":"has-post-thumbnail","6":"product_brand-surefire","7":"product_cat-batteries-2-mt","8":"product_cat-lights-mt","10":"first","11":"instock","12":"taxable","13":"shipping-taxable","14":"purchasable","15":"product-type-simple"},"acf":[],"_links":{"self":[{"href":"https:\/\/staging.nbg.eu\/mt\/wp-json\/wp\/v2\/product\/66189","targetHints":{"allow":["GET"]}}],"collection":[{"href":"https:\/\/staging.nbg.eu\/mt\/wp-json\/wp\/v2\/product"}],"about":[{"href":"https:\/\/staging.nbg.eu\/mt\/wp-json\/wp\/v2\/types\/product"}],"wp:featuredmedia":[{"embeddable":true,"href":"https:\/\/staging.nbg.eu\/mt\/wp-json\/wp\/v2\/media\/66190"}],"wp:attachment":[{"href":"https:\/\/staging.nbg.eu\/mt\/wp-json\/wp\/v2\/media?parent=66189"}],"wp:term":[{"taxonomy":"product_brand","embeddable":true,"href":"https:\/\/staging.nbg.eu\/mt\/wp-json\/wp\/v2\/product_brand?post=66189"},{"taxonomy":"product_cat","embeddable":true,"href":"https:\/\/staging.nbg.eu\/mt\/wp-json\/wp\/v2\/product_cat?post=66189"},{"taxonomy":"product_tag","embeddable":true,"href":"https:\/\/staging.nbg.eu\/mt\/wp-json\/wp\/v2\/product_tag?post=66189"}],"curies":[{"name":"wp","href":"https:\/\/api.w.org\/{rel}","templated":true}]}}