{"id":66147,"date":"2024-01-19T18:29:10","date_gmt":"2024-09-20T11:44:59","guid":{"rendered":"https:\/\/staging.nbg.eu\/product\/surefire-sf18650-b\/"},"modified":"2024-09-20T11:45:51","modified_gmt":"2024-09-20T11:45:51","slug":"surefire-sf18650-b","status":"publish","type":"product","link":"https:\/\/staging.nbg.eu\/mt\/product\/surefire-sf18650-b\/","title":{"rendered":"SureFire SF18650-B"},"content":{"rendered":"<div class=\"product-description\">\n<h2>Batterija Rikarikabbli SureFire SF18650-B<\/h2>\n<p>Batterija rikarikabbli SF18650 li tag\u0127ti 3.6 volts u 3500 mAh g\u0127al \u0127in ta&#8217; u\u017cu itwal. G\u0127andha \u010bar\u0121er MICRO-USB g\u0127al kariku konvenjenti minn sorsi differenti. Kompatibbli ma&#8217; \u010berti prodotti SureFire, inklu\u017c is-serje FURY-DFT, EDC2-DFT, u M600DF. Tista&#8217; ti\u010b\u010bar\u0121ja permezz ta&#8217; USB jew \u010bar\u0121er estern ta&#8217; 18650 (mhux inklu\u017c). L-SF18650-B tista&#8217; tintu\u017ca f&#8217;diversi apparat.<\/p>\n<\/div>\n","protected":false},"excerpt":{"rendered":"<p>Batterija rikarikabbli ta&#8217; kapa\u010bit\u00e0 g\u0127olja ta&#8217; 3500mAh b&#8217;\u010bar\u0121jar MICRO-USB.<\/p>\n","protected":false},"featured_media":66148,"template":"","meta":{"_acf_changed":false},"product_brand":[11878],"product_cat":[1609,1640,1641,1559],"product_tag":[],"class_list":{"0":"post-66147","1":"product","2":"type-product","3":"status-publish","4":"has-post-thumbnail","6":"product_brand-surefire","7":"product_cat-batteries-2-mt","8":"product_cat-edc-mt","9":"product_cat-edc-lights-mt","10":"product_cat-lights-mt","12":"first","13":"instock","14":"taxable","15":"shipping-taxable","16":"purchasable","17":"product-type-simple"},"acf":[],"_links":{"self":[{"href":"https:\/\/staging.nbg.eu\/mt\/wp-json\/wp\/v2\/product\/66147","targetHints":{"allow":["GET"]}}],"collection":[{"href":"https:\/\/staging.nbg.eu\/mt\/wp-json\/wp\/v2\/product"}],"about":[{"href":"https:\/\/staging.nbg.eu\/mt\/wp-json\/wp\/v2\/types\/product"}],"wp:featuredmedia":[{"embeddable":true,"href":"https:\/\/staging.nbg.eu\/mt\/wp-json\/wp\/v2\/media\/66148"}],"wp:attachment":[{"href":"https:\/\/staging.nbg.eu\/mt\/wp-json\/wp\/v2\/media?parent=66147"}],"wp:term":[{"taxonomy":"product_brand","embeddable":true,"href":"https:\/\/staging.nbg.eu\/mt\/wp-json\/wp\/v2\/product_brand?post=66147"},{"taxonomy":"product_cat","embeddable":true,"href":"https:\/\/staging.nbg.eu\/mt\/wp-json\/wp\/v2\/product_cat?post=66147"},{"taxonomy":"product_tag","embeddable":true,"href":"https:\/\/staging.nbg.eu\/mt\/wp-json\/wp\/v2\/product_tag?post=66147"}],"curies":[{"name":"wp","href":"https:\/\/api.w.org\/{rel}","templated":true}]}}