{"id":66078,"date":"2024-01-21T16:19:01","date_gmt":"2024-09-20T11:39:36","guid":{"rendered":"https:\/\/staging.nbg.eu\/product\/surefire-edc1-dft\/"},"modified":"2024-09-20T11:40:36","modified_gmt":"2024-09-20T11:40:36","slug":"surefire-edc1-dft","status":"publish","type":"product","link":"https:\/\/staging.nbg.eu\/mt\/product\/surefire-edc1-dft\/","title":{"rendered":"SureFire EDC1-DFT"},"content":{"rendered":"<div class=\"product-description\">\n<h2>Tor\u010ba SureFire EDC1-DFT Turbo<\/h2>\n<p>It-tor\u010ba SureFire EDC1-DFT Turbo hija ddisinjata g\u0127all-u\u017cu ta&#8217; kuljum. Din it-tor\u010ba b&#8217;Dual Fuel toffri:<\/p>\n<ul>\n<li>Intensit\u00e0 ta&#8217; ra\u0121\u0121 ta&#8217; 95,000 kandela (bil-batterija SF18350 inklu\u017ca)<\/li>\n<li>Xejra ta&#8217; ra\u0121\u0121 Turbo g\u0127al illuminazzjoni kon\u010bentrata u fit-tul<\/li>\n<li>Teknolo\u0121ija Dual Fuel: u\u017ca batterija rikarikabbli SF18350 jew batterija tal-litju 123A wa\u0127da<\/li>\n<li>Korp tal-aluminju anodizzat Mil-Spec<\/li>\n<li>Klassifikazzjoni IPX7 kontra l-ilma<\/li>\n<\/ul>\n<p>Karatteristi\u010bi ewlenin:<\/p>\n<ul>\n<li>Output g\u0127oli: 650 lumens (b&#8217;batterija 18350)<\/li>\n<li>\u0126in tal-u\u017cu: 45 minuta fuq g\u0127oli (b&#8217;batterija 18350)<\/li>\n<li>Tul: 4.76 pulzieri (12.1 cm)<\/li>\n<li>Pi\u017c: 4.56 oz (128.3 g) bil-batterija 18350<\/li>\n<li>Klipp b&#8217;\u017cew\u0121 direzzjonijiet g\u0127al g\u0127a\u017cliet ta&#8217; \u0121arr versatili<\/li>\n<\/ul>\n<p>It-tor\u010ba tipprovdi vi\u017cibilit\u00e0 f&#8217;kull sitwazzjoni.<\/p>\n<\/div>\n","protected":false},"excerpt":{"rendered":"<p>Tor\u010ba kompatta EDC b&#8217;ra\u0121\u0121 ta&#8217; 95,000 kandela u \u017cew\u0121 g\u0127a\u017cliet ta&#8217; fjuwil.<\/p>\n","protected":false},"featured_media":66079,"template":"","meta":{"_acf_changed":false},"product_brand":[11878],"product_cat":[1640,1641,1559],"product_tag":[],"class_list":{"0":"post-66078","1":"product","2":"type-product","3":"status-publish","4":"has-post-thumbnail","6":"product_brand-surefire","7":"product_cat-edc-mt","8":"product_cat-edc-lights-mt","9":"product_cat-lights-mt","11":"first","12":"instock","13":"taxable","14":"shipping-taxable","15":"purchasable","16":"product-type-variable","17":"wvs-archive-product-wrapper"},"acf":[],"_links":{"self":[{"href":"https:\/\/staging.nbg.eu\/mt\/wp-json\/wp\/v2\/product\/66078","targetHints":{"allow":["GET"]}}],"collection":[{"href":"https:\/\/staging.nbg.eu\/mt\/wp-json\/wp\/v2\/product"}],"about":[{"href":"https:\/\/staging.nbg.eu\/mt\/wp-json\/wp\/v2\/types\/product"}],"wp:featuredmedia":[{"embeddable":true,"href":"https:\/\/staging.nbg.eu\/mt\/wp-json\/wp\/v2\/media\/66079"}],"wp:attachment":[{"href":"https:\/\/staging.nbg.eu\/mt\/wp-json\/wp\/v2\/media?parent=66078"}],"wp:term":[{"taxonomy":"product_brand","embeddable":true,"href":"https:\/\/staging.nbg.eu\/mt\/wp-json\/wp\/v2\/product_brand?post=66078"},{"taxonomy":"product_cat","embeddable":true,"href":"https:\/\/staging.nbg.eu\/mt\/wp-json\/wp\/v2\/product_cat?post=66078"},{"taxonomy":"product_tag","embeddable":true,"href":"https:\/\/staging.nbg.eu\/mt\/wp-json\/wp\/v2\/product_tag?post=66078"}],"curies":[{"name":"wp","href":"https:\/\/api.w.org\/{rel}","templated":true}]}}