{"id":65651,"date":"2024-01-21T17:47:21","date_gmt":"2024-09-20T11:32:04","guid":{"rendered":"https:\/\/staging.nbg.eu\/product\/surefire-sflfp123-batteries\/"},"modified":"2024-09-20T11:32:58","modified_gmt":"2024-09-20T11:32:58","slug":"surefire-sflfp123-batteriji","status":"publish","type":"product","link":"https:\/\/staging.nbg.eu\/mt\/product\/surefire-sflfp123-batteriji\/","title":{"rendered":"SureFire SFLFP123 Batteriji"},"content":{"rendered":"<div class=\"product-description\">\n<h2>Batteriji Rikarikabbli SureFire SFLFP123<\/h2>\n<p>Ippowreja l-apparat ta&#8217; illuminazzjoni LED tieg\u0127ek bil-batteriji rikarikabbli SureFire SFLFP123 Lithium Iron Phosphate (LiFePO4). Dawn i\u010b-\u010belluli ta&#8217; 3.2V g\u0127andhom kapa\u010bit\u00e0 ta&#8217; 450mAh u 1.44Wh ta&#8217; ener\u0121ija.<\/p>\n<ul>\n<li>\u010airkwit intern g\u0127al \u010bar\u0121jar sigur<\/li>\n<li>Protezzjoni kontra \u010bar\u0121 \u017cejjed, short-circuit, u polarit\u00e0 inversa<\/li>\n<li>\u010aar\u0121jar mg\u0127a\u0121\u0121el: 1.5 sa 3 sig\u0127at<\/li>\n<li>\u0126afif: 17-il gramm kull batterija<\/li>\n<li>Disponibbli b\u0127ala sett ta&#8217; batteriji biss jew kit komplut bi\u010b-\u010bar\u0121er<\/li>\n<\/ul>\n<p>Nota: Dawn il-batteriji huma ddisinjati esklussivament g\u0127al prodotti ta&#8217; illuminazzjoni LED u m&#8217;g\u0127andhomx jintu\u017caw ma&#8217; lampi inkandexxenti.<\/p>\n<\/div>\n","protected":false},"excerpt":{"rendered":"<p>SureFire SFLFP123: Batteriji rikarikabbli LiFePO4 ta&#8217; 3.2V g\u0127ad-dwal LED.<\/p>\n","protected":false},"featured_media":65652,"template":"","meta":{"_acf_changed":false},"product_brand":[11878],"product_cat":[1609,1559],"product_tag":[],"class_list":{"0":"post-65651","1":"product","2":"type-product","3":"status-publish","4":"has-post-thumbnail","6":"product_brand-surefire","7":"product_cat-batteries-2-mt","8":"product_cat-lights-mt","10":"first","11":"instock","12":"taxable","13":"shipping-taxable","14":"product-type-simple"},"acf":[],"_links":{"self":[{"href":"https:\/\/staging.nbg.eu\/mt\/wp-json\/wp\/v2\/product\/65651","targetHints":{"allow":["GET"]}}],"collection":[{"href":"https:\/\/staging.nbg.eu\/mt\/wp-json\/wp\/v2\/product"}],"about":[{"href":"https:\/\/staging.nbg.eu\/mt\/wp-json\/wp\/v2\/types\/product"}],"wp:featuredmedia":[{"embeddable":true,"href":"https:\/\/staging.nbg.eu\/mt\/wp-json\/wp\/v2\/media\/65652"}],"wp:attachment":[{"href":"https:\/\/staging.nbg.eu\/mt\/wp-json\/wp\/v2\/media?parent=65651"}],"wp:term":[{"taxonomy":"product_brand","embeddable":true,"href":"https:\/\/staging.nbg.eu\/mt\/wp-json\/wp\/v2\/product_brand?post=65651"},{"taxonomy":"product_cat","embeddable":true,"href":"https:\/\/staging.nbg.eu\/mt\/wp-json\/wp\/v2\/product_cat?post=65651"},{"taxonomy":"product_tag","embeddable":true,"href":"https:\/\/staging.nbg.eu\/mt\/wp-json\/wp\/v2\/product_tag?post=65651"}],"curies":[{"name":"wp","href":"https:\/\/api.w.org\/{rel}","templated":true}]}}