{"id":65345,"date":"2024-09-19T17:15:31","date_gmt":"2024-09-19T14:15:31","guid":{"rendered":"https:\/\/staging.nbg.eu\/?post_type=product&#038;p=65345"},"modified":"2025-10-20T12:25:39","modified_gmt":"2025-10-20T09:25:39","slug":"rh-owb-classics-holster","status":"publish","type":"product","link":"https:\/\/staging.nbg.eu\/mt\/product\/rh-owb-classics-holster\/","title":{"rendered":"RH OWB Classics Holster"},"content":{"rendered":"<div class=\"product-description\">\n<h2>Holster RH OWB Klassiku<\/h2>\n<p>Il-Holster RH OWB Klassiku huwa mag\u0127mul minn \u0121ilda u \u0127jata ta&#8217; kwalit\u00e0. Dan il-holster li jintlibes barra l-qalziet joffri:<\/p>\n<ul>\n<li>Kostruzzjoni b&#8217;sa\u0127\u0127itha g\u0127al u\u017cu fit-tul<\/li>\n<li>Qag\u0127da komda biex jintlibes il-\u0121urnata kollha<\/li>\n<li>\u017bamma sigura biex i\u017c\u017comm l-arma f&#8217;postha<\/li>\n<li>\u0120bid fa\u010bli u rapidu<\/li>\n<li>Disinn klassiku<\/li>\n<\/ul>\n<p>Disponibbli g\u0127al varjet\u00e0 ta&#8217; mudelli ta&#8217; pistoli popolari, il-Holster RH OWB Klassiku huwa adattat g\u0127all-\u0121arr mo\u0127bi, prattika fil-poligon, jew \u0121arr miftu\u0127. Dan il-holster huwa u\u017cat minn \u0127afna entu\u017cjasti tal-armi tan-nar.<\/p>\n<\/div>\n","protected":false},"excerpt":{"rendered":"<p>\u0126ostra OWB sigura u komda g\u0127all-armi tan-nar klassi\u010bi. Disinn li jdum.<\/p>\n","protected":false},"featured_media":65455,"template":"","meta":{"_acf_changed":false},"product_brand":[11637],"product_cat":[1025,1027,1400],"product_tag":[],"class_list":{"0":"post-65345","1":"product","2":"type-product","3":"status-publish","4":"has-post-thumbnail","6":"product_brand-rh-holsters","7":"product_cat-holster-mt","8":"product_cat-sport-holster-mt","9":"product_cat-tactical-holster-mt","10":"pa_belt-size-40mm-mt","11":"pa_light-streamlight-tlr-1","12":"pa_light-surefire-x300-ultra-a-mt","13":"pa_light-surefire-x300u","14":"pa_light-without-light-mt","15":"pa_model-1911-mt-2","16":"pa_model-beretta-92fs-mt","17":"pa_model-beretta-92x-mt","18":"pa_model-cz-75-b-mt","19":"pa_model-glock-17-mt","20":"pa_model-glock-19-17","21":"pa_model-glock-19-23-32-mt","22":"pa_model-glock-43x-mt","23":"pa_model-hk45-mt","24":"pa_model-sig-sauer-p226-bez-railu-mt","25":"pa_strong-hand-right-mt","27":"first","28":"instock","29":"taxable","30":"shipping-taxable","31":"purchasable","32":"product-type-variable","33":"wvs-archive-product-wrapper"},"acf":[],"_links":{"self":[{"href":"https:\/\/staging.nbg.eu\/mt\/wp-json\/wp\/v2\/product\/65345","targetHints":{"allow":["GET"]}}],"collection":[{"href":"https:\/\/staging.nbg.eu\/mt\/wp-json\/wp\/v2\/product"}],"about":[{"href":"https:\/\/staging.nbg.eu\/mt\/wp-json\/wp\/v2\/types\/product"}],"wp:featuredmedia":[{"embeddable":true,"href":"https:\/\/staging.nbg.eu\/mt\/wp-json\/wp\/v2\/media\/65455"}],"wp:attachment":[{"href":"https:\/\/staging.nbg.eu\/mt\/wp-json\/wp\/v2\/media?parent=65345"}],"wp:term":[{"taxonomy":"product_brand","embeddable":true,"href":"https:\/\/staging.nbg.eu\/mt\/wp-json\/wp\/v2\/product_brand?post=65345"},{"taxonomy":"product_cat","embeddable":true,"href":"https:\/\/staging.nbg.eu\/mt\/wp-json\/wp\/v2\/product_cat?post=65345"},{"taxonomy":"product_tag","embeddable":true,"href":"https:\/\/staging.nbg.eu\/mt\/wp-json\/wp\/v2\/product_tag?post=65345"}],"curies":[{"name":"wp","href":"https:\/\/api.w.org\/{rel}","templated":true}]}}