{"id":63306,"date":"2024-01-23T19:46:33","date_gmt":"2024-09-16T13:04:44","guid":{"rendered":"https:\/\/staging.nbg.eu\/product\/iosso-gunbrite\/"},"modified":"2024-09-16T13:05:39","modified_gmt":"2024-09-16T13:05:39","slug":"iosso-gunbrite","status":"publish","type":"product","link":"https:\/\/staging.nbg.eu\/mt\/product\/iosso-gunbrite\/","title":{"rendered":"Iosso GunBrite"},"content":{"rendered":"<p>\nIosso GunBrite: Soluzzjoni g\u0127at-tindif tal-armi<\/p>\n<ul>\n<li>Sigur g\u0127all-irfinar kollu tal-armi<\/li>\n<li>Ine\u0127\u0127i l-\u0127mie\u0121, is-sadid, it-tappir, u t-tibdil fil-kulur<\/li>\n<li>Inaddaf i\u010b-\u010brieki persistenti ta\u010b-\u010bilindru<\/li>\n<li>I\u0127alli kisja protettiva, mhux \u017cejtnija<\/li>\n<li>Jirre\u017cisti l-marki tas-swaba&#8217; u l-umdit\u00e0<\/li>\n<\/ul>\n<p>\u017bomm l-armi tieg\u0127ek nodfa bl-Iosso GunBrite<\/p>\n","protected":false},"excerpt":{"rendered":"<p>Iosso GunBrite: Tnaddaf, tillustrar, u tipprote\u0121i l-armi tan-nar b&#8217;mod sigur.<\/p>\n","protected":false},"featured_media":102607,"template":"","meta":{"_acf_changed":false},"product_brand":[11473],"product_cat":[1901,1434],"product_tag":[],"class_list":{"0":"post-63306","1":"product","2":"type-product","3":"status-publish","4":"has-post-thumbnail","6":"product_brand-iosso","7":"product_cat-cleaners-mt","8":"product_cat-maintenance-mt","10":"first","11":"instock","12":"taxable","13":"shipping-taxable","14":"purchasable","15":"product-type-variable","16":"wvs-archive-product-wrapper"},"acf":[],"_links":{"self":[{"href":"https:\/\/staging.nbg.eu\/mt\/wp-json\/wp\/v2\/product\/63306","targetHints":{"allow":["GET"]}}],"collection":[{"href":"https:\/\/staging.nbg.eu\/mt\/wp-json\/wp\/v2\/product"}],"about":[{"href":"https:\/\/staging.nbg.eu\/mt\/wp-json\/wp\/v2\/types\/product"}],"wp:featuredmedia":[{"embeddable":true,"href":"https:\/\/staging.nbg.eu\/mt\/wp-json\/wp\/v2\/media\/102607"}],"wp:attachment":[{"href":"https:\/\/staging.nbg.eu\/mt\/wp-json\/wp\/v2\/media?parent=63306"}],"wp:term":[{"taxonomy":"product_brand","embeddable":true,"href":"https:\/\/staging.nbg.eu\/mt\/wp-json\/wp\/v2\/product_brand?post=63306"},{"taxonomy":"product_cat","embeddable":true,"href":"https:\/\/staging.nbg.eu\/mt\/wp-json\/wp\/v2\/product_cat?post=63306"},{"taxonomy":"product_tag","embeddable":true,"href":"https:\/\/staging.nbg.eu\/mt\/wp-json\/wp\/v2\/product_tag?post=63306"}],"curies":[{"name":"wp","href":"https:\/\/api.w.org\/{rel}","templated":true}]}}