{"id":63169,"date":"2024-01-24T09:44:05","date_gmt":"2024-09-16T13:00:47","guid":{"rendered":"https:\/\/staging.nbg.eu\/product\/iosso-triple-action-oil-solution\/"},"modified":"2024-09-16T13:01:44","modified_gmt":"2024-09-16T13:01:44","slug":"iosso-soluzzjoni-taz-zejt-btripla-azzjoni","status":"publish","type":"product","link":"https:\/\/staging.nbg.eu\/mt\/product\/iosso-soluzzjoni-taz-zejt-btripla-azzjoni\/","title":{"rendered":"Iosso Soluzzjoni ta\u017c-\u017bejt b&#8217;Tripla Azzjoni"},"content":{"rendered":"<p>\nSoluzzjoni ta&#8217; \u017bejt Iosso b&#8217;Azzjoni Tripla: Naddaf, illubrika, u ipprote\u0121i l-armi tan-nar tieg\u0127ek b&#8217;din il-formula bijodegradabbli bba\u017cata fuq il-pjanti. Tippenetra biex t\u0127oll it-trab, il-karbonju, u l-plastik. Lubrikant g\u0127all-partijiet u inibitur tal-korru\u017cjoni. Ta\u0127dem f&#8217;temperaturi estremi sa -74F(-65C). Tajba g\u0127all-ambjent u effettiva g\u0127at-tindif tal-kanna u l-manutenzjoni tal-armi.<\/p>\n","protected":false},"excerpt":{"rendered":"<p>\u017bejt li ma jag\u0127milx \u0127sara lill-ambjent inaddaf, jillubrika, u jipprote\u0121i l-armi tan-nar b&#8217;mod effettiv.<\/p>\n","protected":false},"featured_media":107618,"template":"","meta":{"_acf_changed":false},"product_brand":[11473],"product_cat":[1901,1922,1434],"product_tag":[],"class_list":{"0":"post-63169","1":"product","2":"type-product","3":"status-publish","4":"has-post-thumbnail","6":"product_brand-iosso","7":"product_cat-cleaners-mt","8":"product_cat-lubricants-mt","9":"product_cat-maintenance-mt","11":"first","12":"instock","13":"taxable","14":"shipping-taxable","15":"purchasable","16":"product-type-variable","17":"wvs-archive-product-wrapper"},"acf":[],"_links":{"self":[{"href":"https:\/\/staging.nbg.eu\/mt\/wp-json\/wp\/v2\/product\/63169","targetHints":{"allow":["GET"]}}],"collection":[{"href":"https:\/\/staging.nbg.eu\/mt\/wp-json\/wp\/v2\/product"}],"about":[{"href":"https:\/\/staging.nbg.eu\/mt\/wp-json\/wp\/v2\/types\/product"}],"wp:featuredmedia":[{"embeddable":true,"href":"https:\/\/staging.nbg.eu\/mt\/wp-json\/wp\/v2\/media\/107618"}],"wp:attachment":[{"href":"https:\/\/staging.nbg.eu\/mt\/wp-json\/wp\/v2\/media?parent=63169"}],"wp:term":[{"taxonomy":"product_brand","embeddable":true,"href":"https:\/\/staging.nbg.eu\/mt\/wp-json\/wp\/v2\/product_brand?post=63169"},{"taxonomy":"product_cat","embeddable":true,"href":"https:\/\/staging.nbg.eu\/mt\/wp-json\/wp\/v2\/product_cat?post=63169"},{"taxonomy":"product_tag","embeddable":true,"href":"https:\/\/staging.nbg.eu\/mt\/wp-json\/wp\/v2\/product_tag?post=63169"}],"curies":[{"name":"wp","href":"https:\/\/api.w.org\/{rel}","templated":true}]}}