{"id":63101,"date":"2024-01-24T18:43:40","date_gmt":"2024-09-16T12:56:10","guid":{"rendered":"https:\/\/staging.nbg.eu\/product\/iosso-ar-bolt-carrier-key-tube-brush\/"},"modified":"2024-09-16T12:57:02","modified_gmt":"2024-09-16T12:57:02","slug":"iosso-xkupa-tat-tubu-tal-bolt-carrier-key-ar","status":"publish","type":"product","link":"https:\/\/staging.nbg.eu\/mt\/product\/iosso-xkupa-tat-tubu-tal-bolt-carrier-key-ar\/","title":{"rendered":"Iosso Xkupa tat-Tubu tal-Bolt Carrier Key AR"},"content":{"rendered":"<p>\nXkupilja tat-Tubu tal-Bolt Carrier Key tal-Iosso AR: Tqabbil pre\u010bi\u017c, tne\u0127\u0127i l-akkumulazzjoni tal-karbonju. U\u017ca bi\u017c-\u017cejt Iosso. Ma t\u0127alli l-ebda residwu ta&#8217; tnietex. Tajba g\u0127all-manutenzjoni tal-AR.<\/p>\n","protected":false},"excerpt":{"rendered":"<p>Xkupilja tat-Tubu ta\u010b-\u010aavetta tal-\u0120arriera tal-Bolt Iosso AR: Naddaf l-akkumulu tal-karbonju b&#8217;mod effi\u010bjenti.<\/p>\n","protected":false},"featured_media":102288,"template":"","meta":{"_acf_changed":false},"product_brand":[11473],"product_cat":[1433,1434],"product_tag":[],"class_list":{"0":"post-63101","1":"product","2":"type-product","3":"status-publish","4":"has-post-thumbnail","6":"product_brand-iosso","7":"product_cat-brushes-mt","8":"product_cat-maintenance-mt","10":"first","11":"instock","12":"taxable","13":"shipping-taxable","14":"purchasable","15":"product-type-simple"},"acf":[],"_links":{"self":[{"href":"https:\/\/staging.nbg.eu\/mt\/wp-json\/wp\/v2\/product\/63101","targetHints":{"allow":["GET"]}}],"collection":[{"href":"https:\/\/staging.nbg.eu\/mt\/wp-json\/wp\/v2\/product"}],"about":[{"href":"https:\/\/staging.nbg.eu\/mt\/wp-json\/wp\/v2\/types\/product"}],"wp:featuredmedia":[{"embeddable":true,"href":"https:\/\/staging.nbg.eu\/mt\/wp-json\/wp\/v2\/media\/102288"}],"wp:attachment":[{"href":"https:\/\/staging.nbg.eu\/mt\/wp-json\/wp\/v2\/media?parent=63101"}],"wp:term":[{"taxonomy":"product_brand","embeddable":true,"href":"https:\/\/staging.nbg.eu\/mt\/wp-json\/wp\/v2\/product_brand?post=63101"},{"taxonomy":"product_cat","embeddable":true,"href":"https:\/\/staging.nbg.eu\/mt\/wp-json\/wp\/v2\/product_cat?post=63101"},{"taxonomy":"product_tag","embeddable":true,"href":"https:\/\/staging.nbg.eu\/mt\/wp-json\/wp\/v2\/product_tag?post=63101"}],"curies":[{"name":"wp","href":"https:\/\/api.w.org\/{rel}","templated":true}]}}