{"id":63059,"date":"2024-01-24T18:50:37","date_gmt":"2024-01-24T18:50:37","guid":{"rendered":"https:\/\/staging.nbg.eu\/product\/iosso-cleaning-brush-2-sided-2-pk\/"},"modified":"2024-09-16T12:54:30","modified_gmt":"2024-09-16T12:54:30","slug":"iosso-xkupa-tat-tindif-b2-nahat-pakkett-ta-2","status":"publish","type":"product","link":"https:\/\/staging.nbg.eu\/mt\/product\/iosso-xkupa-tat-tindif-b2-nahat-pakkett-ta-2\/","title":{"rendered":"Iosso Xkupa tat-Tindif b&#8217;2 Nahat &#8211; Pakkett ta&#8217; 2"},"content":{"rendered":"<p>\nIl-Iosso Cleaning Brush 2 Sided &#8211; 2\/pk g\u0127andu xag\u0127ar tan-nylon re\u017cistenti g\u0127at-tindif. Kull pakkett fih \u017cew\u0121 xkupilji b&#8217;na\u0127a wiesg\u0127a u twila u na\u0127a dejqa. Jista&#8217; jintu\u017ca ma&#8217; Iosso Triple Action Oil, Bore Cleaner, jew Metal Polish. Tajjeb g\u0127at-tne\u0127\u0127ija ta&#8217; depo\u017citi tal-karbonju u residwi tal-porvli fl-armi tan-nar jew f&#8217;applikazzjonijiet industrijali.<\/p>\n","protected":false},"excerpt":{"rendered":"<p>Xkupilja tan-nylon b&#8217;\u017cew\u0121 na\u0127at g\u0127al tindif versatili. Pakkett ta&#8217; 2.<\/p>\n","protected":false},"featured_media":63060,"template":"","meta":{"_acf_changed":false},"product_brand":[11473],"product_cat":[1433,1434],"product_tag":[],"class_list":{"0":"post-63059","1":"product","2":"type-product","3":"status-publish","4":"has-post-thumbnail","6":"product_brand-iosso","7":"product_cat-brushes-mt","8":"product_cat-maintenance-mt","10":"first","11":"instock","12":"taxable","13":"shipping-taxable","14":"purchasable","15":"product-type-simple"},"acf":[],"_links":{"self":[{"href":"https:\/\/staging.nbg.eu\/mt\/wp-json\/wp\/v2\/product\/63059","targetHints":{"allow":["GET"]}}],"collection":[{"href":"https:\/\/staging.nbg.eu\/mt\/wp-json\/wp\/v2\/product"}],"about":[{"href":"https:\/\/staging.nbg.eu\/mt\/wp-json\/wp\/v2\/types\/product"}],"wp:featuredmedia":[{"embeddable":true,"href":"https:\/\/staging.nbg.eu\/mt\/wp-json\/wp\/v2\/media\/63060"}],"wp:attachment":[{"href":"https:\/\/staging.nbg.eu\/mt\/wp-json\/wp\/v2\/media?parent=63059"}],"wp:term":[{"taxonomy":"product_brand","embeddable":true,"href":"https:\/\/staging.nbg.eu\/mt\/wp-json\/wp\/v2\/product_brand?post=63059"},{"taxonomy":"product_cat","embeddable":true,"href":"https:\/\/staging.nbg.eu\/mt\/wp-json\/wp\/v2\/product_cat?post=63059"},{"taxonomy":"product_tag","embeddable":true,"href":"https:\/\/staging.nbg.eu\/mt\/wp-json\/wp\/v2\/product_tag?post=63059"}],"curies":[{"name":"wp","href":"https:\/\/api.w.org\/{rel}","templated":true}]}}