{"id":62457,"date":"2024-02-13T20:10:34","date_gmt":"2024-09-16T11:53:51","guid":{"rendered":"https:\/\/staging.nbg.eu\/product\/geissele-chf-chrome-lined-barrel-5-56-13-9\/"},"modified":"2024-09-16T11:54:51","modified_gmt":"2024-09-16T11:54:51","slug":"geissele-chf-kanna-blinja-tal-chrome-556-139","status":"publish","type":"product","link":"https:\/\/staging.nbg.eu\/mt\/product\/geissele-chf-kanna-blinja-tal-chrome-556-139\/","title":{"rendered":"Geissele CHF, Kanna b&#8217;Linja tal-Chrome, 5.56 &#8211; 13.9&#8243;"},"content":{"rendered":"<div class=\"product-description\">\n<h2>Kanna Geissele CHF miksija bil-kromju &#8211; 5.56<\/h2>\n<p>Il-kanna Geissele CHF miksija bil-kromju f&#8217;5.56 NATO hija mag\u0127mula f&#8217;North Wales, PA. Din il-kanna tg\u0127aqqad teknolo\u0121ija avvanzata ma&#8217; seng\u0127a ta&#8217; kwalit\u00e0 g\u0127olja.<\/p>\n<ul>\n<li>Imfor\u0121jata bil-martell kiesa\u0127 (CHF) g\u0127al sa\u0127\u0127a u durabilit\u00e0 mtejba<\/li>\n<li>Miksija bil-kromju g\u0127al re\u017cistenza a\u0127jar g\u0127all-korru\u017cjoni u tindif e\u0127fef<\/li>\n<li>Ittestjata bi pressjoni g\u0127olja (HPT) u spezzjonata b&#8217;parti\u010belli manjeti\u010bi (MPI) g\u0127all-assigurazzjoni tal-kwalit\u00e0<\/li>\n<li>Adattata g\u0127al armi tad-dmir, armi tal-kompetizzjoni, u u\u017ci o\u0127ra<\/li>\n<li>Ma\u0127duma bi pre\u010bi\u017cjoni bl-u\u017cu ta&#8217; materjali ta&#8217; kwalit\u00e0 g\u0127olja g\u0127al konsistenza u pre\u010bi\u017cjoni<\/li>\n<\/ul>\n<p>Ag\u0127\u017cel Geissele g\u0127al prestazzjoni f&#8217;kull sitwazzjoni.<\/p>\n<\/div>\n","protected":false},"excerpt":{"rendered":"<p>Kanna ta&#8217; 5.56 immutata bi pre\u010bi\u017cjoni. Ittestjata HPT\/MPI g\u0127all-affidabbilt\u00e0.<\/p>\n","protected":false},"featured_media":62458,"template":"","meta":{"_acf_changed":false},"product_brand":[11394],"product_cat":[2132,642,643],"product_tag":[],"class_list":{"0":"post-62457","1":"product","2":"type-product","3":"status-publish","4":"has-post-thumbnail","6":"product_brand-geissele","7":"product_cat-barrels-mt","8":"product_cat-rifle-mt","9":"product_cat-rifle-parts-mt","11":"first","12":"instock","13":"taxable","14":"shipping-taxable","15":"product-type-simple"},"acf":[],"_links":{"self":[{"href":"https:\/\/staging.nbg.eu\/mt\/wp-json\/wp\/v2\/product\/62457","targetHints":{"allow":["GET"]}}],"collection":[{"href":"https:\/\/staging.nbg.eu\/mt\/wp-json\/wp\/v2\/product"}],"about":[{"href":"https:\/\/staging.nbg.eu\/mt\/wp-json\/wp\/v2\/types\/product"}],"wp:featuredmedia":[{"embeddable":true,"href":"https:\/\/staging.nbg.eu\/mt\/wp-json\/wp\/v2\/media\/62458"}],"wp:attachment":[{"href":"https:\/\/staging.nbg.eu\/mt\/wp-json\/wp\/v2\/media?parent=62457"}],"wp:term":[{"taxonomy":"product_brand","embeddable":true,"href":"https:\/\/staging.nbg.eu\/mt\/wp-json\/wp\/v2\/product_brand?post=62457"},{"taxonomy":"product_cat","embeddable":true,"href":"https:\/\/staging.nbg.eu\/mt\/wp-json\/wp\/v2\/product_cat?post=62457"},{"taxonomy":"product_tag","embeddable":true,"href":"https:\/\/staging.nbg.eu\/mt\/wp-json\/wp\/v2\/product_tag?post=62457"}],"curies":[{"name":"wp","href":"https:\/\/api.w.org\/{rel}","templated":true}]}}