{"id":62383,"date":"2024-02-14T06:58:29","date_gmt":"2024-09-16T11:50:06","guid":{"rendered":"https:\/\/staging.nbg.eu\/product\/geissele-super-mcx-ssa-m4-curved-trigger\/"},"modified":"2024-09-16T11:50:59","modified_gmt":"2024-09-16T11:50:59","slug":"geissele-super-mcx-ssa-m4-curved-trigger","status":"publish","type":"product","link":"https:\/\/staging.nbg.eu\/mt\/product\/geissele-super-mcx-ssa-m4-curved-trigger\/","title":{"rendered":"Geissele Super MCX SSA &#8211; M4 Curved Trigger"},"content":{"rendered":"<div class=\"product-description\">\n<h2>Geissele Super MCX SSA &#8211; Grillu M4 Milwi<\/h2>\n<p>Il-Geissele Super MCX SSA huwa grillu b&#8217;\u017cew\u0121 stadji. Ibba\u017cat fuq il-grillu tal-karabina M4 i\u010b\u010bertifikat mis-CRANE Safety, dan il-grillu mhux a\u0121\u0121ustabbli ta&#8217; madwar 4.5lb joffri:<\/p>\n<ul>\n<li>Kontroll pre\u010bi\u017c u e\u017catt tal-grillu<\/li>\n<li>\u0126afif bi\u017c\u017cejjed g\u0127al applikazzjonijiet ta&#8217; pre\u010bi\u017cjoni<\/li>\n<li>Adattat g\u0127al sitwazzjonijiet impenjattivi b\u0127al CQB<\/li>\n<li>Tajjeb g\u0127all-ka\u010b\u010ba, infurzar tal-li\u0121i, u u\u017cu militari<\/li>\n<\/ul>\n<p>Is-Super MCX SSA jikkombina prestazzjoni, affidabilit\u00e0, sigurt\u00e0, u versatilit\u00e0, li jag\u0127mlu grillu adattat g\u0127all-arma tan-nar tieg\u0127ek.<\/p>\n<\/div>\n","protected":false},"excerpt":{"rendered":"<p>Grillatur bi stadju doppju ta&#8217; prestazzjoni g\u0127olja g\u0127al pre\u010bi\u017cjoni u CQB. Forza ta&#8217; \u0121bid ta&#8217; 4.5 libriet.<\/p>\n","protected":false},"featured_media":62384,"template":"","meta":{"_acf_changed":false},"product_brand":[11394],"product_cat":[642,643,2111],"product_tag":[],"class_list":{"0":"post-62383","1":"product","2":"type-product","3":"status-publish","4":"has-post-thumbnail","6":"product_brand-geissele","7":"product_cat-rifle-mt","8":"product_cat-rifle-parts-mt","9":"product_cat-triggers-mt","11":"first","12":"instock","13":"taxable","14":"shipping-taxable","15":"product-type-simple"},"acf":[],"_links":{"self":[{"href":"https:\/\/staging.nbg.eu\/mt\/wp-json\/wp\/v2\/product\/62383","targetHints":{"allow":["GET"]}}],"collection":[{"href":"https:\/\/staging.nbg.eu\/mt\/wp-json\/wp\/v2\/product"}],"about":[{"href":"https:\/\/staging.nbg.eu\/mt\/wp-json\/wp\/v2\/types\/product"}],"wp:featuredmedia":[{"embeddable":true,"href":"https:\/\/staging.nbg.eu\/mt\/wp-json\/wp\/v2\/media\/62384"}],"wp:attachment":[{"href":"https:\/\/staging.nbg.eu\/mt\/wp-json\/wp\/v2\/media?parent=62383"}],"wp:term":[{"taxonomy":"product_brand","embeddable":true,"href":"https:\/\/staging.nbg.eu\/mt\/wp-json\/wp\/v2\/product_brand?post=62383"},{"taxonomy":"product_cat","embeddable":true,"href":"https:\/\/staging.nbg.eu\/mt\/wp-json\/wp\/v2\/product_cat?post=62383"},{"taxonomy":"product_tag","embeddable":true,"href":"https:\/\/staging.nbg.eu\/mt\/wp-json\/wp\/v2\/product_tag?post=62383"}],"curies":[{"name":"wp","href":"https:\/\/api.w.org\/{rel}","templated":true}]}}