{"id":62338,"date":"2024-02-14T07:09:17","date_gmt":"2024-09-16T11:47:30","guid":{"rendered":"https:\/\/staging.nbg.eu\/product\/geissele-super-semi-automatic-ssa-trigger\/"},"modified":"2024-09-16T11:48:23","modified_gmt":"2024-09-16T11:48:23","slug":"geissele-super-semi-automatic-ssa-trigger","status":"publish","type":"product","link":"https:\/\/staging.nbg.eu\/mt\/product\/geissele-super-semi-automatic-ssa-trigger\/","title":{"rendered":"Geissele Super Semi-Automatic (SSA\u00ae) Trigger"},"content":{"rendered":"<h2>Grillatur Geissele Super Semi-Awtomatiku (SSA\u00ae)<\/h2>\n<p>Il-grillatur Geissele SSA\u00ae huwa adattament semi-awtomatiku tal-grillatur Super Select-Fire. Dan il-grillatur ta&#8217; \u017cew\u0121 stadji mhux a\u0121\u0121ustabbli joffri:<\/p>\n<ul>\n<li>Pre\u010bi\u017cjoni g\u0127al sparar e\u017catt<\/li>\n<li>Versatilit\u00e0 g\u0127al \u0121lied f&#8217;spazji mag\u0127luqa<\/li>\n<li>\u010aertifikazzjoni tas-sigurt\u00e0 mi\u010b-\u010aentru ta&#8217; Gwerra Navali tal-Wi\u010b\u010b Crane<\/li>\n<li>Adattat g\u0127all-Infurzar tal-Li\u0121i u ambjenti dinami\u010bi<\/li>\n<\/ul>\n<p>Id-disinn tal-SSA\u00ae jipprovdi mess \u0127afif g\u0127al pre\u010bi\u017cjoni fuq distanzi twal filwaqt li j\u017comm il-flessibilit\u00e0 me\u0127tie\u0121a g\u0127al sitwazzjonijiet ta&#8217; sparar rapidu. Kemm jekk qed tu\u017ca karabin fuq distanzi medji jew qed topera f&#8217;xenarji ta&#8217; stress g\u0127oli, il-grillatur Geissele SSA\u00ae jag\u0127ti prestazzjoni konsistenti u affidabbli.<\/p>\n<p>Dan is-sistema ta&#8217; grillatur \u0121ie ppruvat f&#8217;sitwazzjonijiet ta&#8217; \u0121lied.<\/p>\n","protected":false},"excerpt":{"rendered":"<p>Grillu bi stadji doppji ta&#8217; pre\u010bi\u017cjoni g\u0127al sparar versatili u pre\u010bi\u017c.<\/p>\n","protected":false},"featured_media":62258,"template":"","meta":{"_acf_changed":false},"product_brand":[11394],"product_cat":[642,643,2111],"product_tag":[],"class_list":{"0":"post-62338","1":"product","2":"type-product","3":"status-publish","4":"has-post-thumbnail","6":"product_brand-geissele","7":"product_cat-rifle-mt","8":"product_cat-rifle-parts-mt","9":"product_cat-triggers-mt","11":"first","12":"instock","13":"taxable","14":"shipping-taxable","15":"product-type-simple"},"acf":[],"_links":{"self":[{"href":"https:\/\/staging.nbg.eu\/mt\/wp-json\/wp\/v2\/product\/62338","targetHints":{"allow":["GET"]}}],"collection":[{"href":"https:\/\/staging.nbg.eu\/mt\/wp-json\/wp\/v2\/product"}],"about":[{"href":"https:\/\/staging.nbg.eu\/mt\/wp-json\/wp\/v2\/types\/product"}],"wp:featuredmedia":[{"embeddable":true,"href":"https:\/\/staging.nbg.eu\/mt\/wp-json\/wp\/v2\/media\/62258"}],"wp:attachment":[{"href":"https:\/\/staging.nbg.eu\/mt\/wp-json\/wp\/v2\/media?parent=62338"}],"wp:term":[{"taxonomy":"product_brand","embeddable":true,"href":"https:\/\/staging.nbg.eu\/mt\/wp-json\/wp\/v2\/product_brand?post=62338"},{"taxonomy":"product_cat","embeddable":true,"href":"https:\/\/staging.nbg.eu\/mt\/wp-json\/wp\/v2\/product_cat?post=62338"},{"taxonomy":"product_tag","embeddable":true,"href":"https:\/\/staging.nbg.eu\/mt\/wp-json\/wp\/v2\/product_tag?post=62338"}],"curies":[{"name":"wp","href":"https:\/\/api.w.org\/{rel}","templated":true}]}}