{"id":62115,"date":"2024-02-14T07:32:28","date_gmt":"2024-09-16T11:41:38","guid":{"rendered":"https:\/\/staging.nbg.eu\/product\/geissele-ssa-x-trigger-with-lightning-bow\/"},"modified":"2024-09-16T11:42:31","modified_gmt":"2024-09-16T11:42:31","slug":"geissele-ssa-x-trigger-bil-lightning-bow","status":"publish","type":"product","link":"https:\/\/staging.nbg.eu\/mt\/product\/geissele-ssa-x-trigger-bil-lightning-bow\/","title":{"rendered":"Geissele SSA X Trigger bil-Lightning Bow\u00ae"},"content":{"rendered":"<div class=\"product-description\">\n<h2>Geissele SSA X Trigger b&#8217;Lightning Bow\u00ae<\/h2>\n<p>L-SSA-X bit-teknolo\u0121ija Lightning Bow\u00ae jikkombina:<\/p>\n<ul>\n<li>Profil semi-kurv b&#8217;\u0121isem wiesa&#8217;<\/li>\n<li>Karatteristi\u010bi ta&#8217; triggers AR kurvi standard u disinji flat-bow<\/li>\n<li>Kisi Nanoweapon g\u0127al re\u017cistenza g\u0127all-u\u017cu u l-korru\u017cjoni<\/li>\n<li>Operazzjoni bla xkiel b&#8217;lubrikazzjoni minima<\/li>\n<\/ul>\n<p>B\u0127all-SSA, dan it-trigger ikklassifikat g\u0127ad-dmir joffri:<\/p>\n<ul>\n<li>Pre\u010bi\u017cjoni g\u0127al sparar pre\u010bi\u017c fuq distanzi twal<\/li>\n<li>Tolleranza g\u0127al sitwazzjonijiet ta&#8217; \u0121lied f&#8217;distanzi qosra (CQB)<\/li>\n<\/ul>\n<p>Il-Geissele SSA X Trigger itejjeb il-prestazzjoni tal-AR tieg\u0127ek.<\/p>\n<\/div>\n","protected":false},"excerpt":{"rendered":"<p>Trigger tal-AR im\u0127addem bi pre\u010bi\u017cjoni bi qaws ibridu g\u0127al kontroll u durabbilt\u00e0 superjuri.<\/p>\n","protected":false},"featured_media":62116,"template":"","meta":{"_acf_changed":false},"product_brand":[11394],"product_cat":[642,643,2111],"product_tag":[],"class_list":{"0":"post-62115","1":"product","2":"type-product","3":"status-publish","4":"has-post-thumbnail","6":"product_brand-geissele","7":"product_cat-rifle-mt","8":"product_cat-rifle-parts-mt","9":"product_cat-triggers-mt","11":"first","12":"instock","13":"taxable","14":"shipping-taxable","15":"product-type-simple"},"acf":[],"_links":{"self":[{"href":"https:\/\/staging.nbg.eu\/mt\/wp-json\/wp\/v2\/product\/62115","targetHints":{"allow":["GET"]}}],"collection":[{"href":"https:\/\/staging.nbg.eu\/mt\/wp-json\/wp\/v2\/product"}],"about":[{"href":"https:\/\/staging.nbg.eu\/mt\/wp-json\/wp\/v2\/types\/product"}],"wp:featuredmedia":[{"embeddable":true,"href":"https:\/\/staging.nbg.eu\/mt\/wp-json\/wp\/v2\/media\/62116"}],"wp:attachment":[{"href":"https:\/\/staging.nbg.eu\/mt\/wp-json\/wp\/v2\/media?parent=62115"}],"wp:term":[{"taxonomy":"product_brand","embeddable":true,"href":"https:\/\/staging.nbg.eu\/mt\/wp-json\/wp\/v2\/product_brand?post=62115"},{"taxonomy":"product_cat","embeddable":true,"href":"https:\/\/staging.nbg.eu\/mt\/wp-json\/wp\/v2\/product_cat?post=62115"},{"taxonomy":"product_tag","embeddable":true,"href":"https:\/\/staging.nbg.eu\/mt\/wp-json\/wp\/v2\/product_tag?post=62115"}],"curies":[{"name":"wp","href":"https:\/\/api.w.org\/{rel}","templated":true}]}}