{"id":61988,"date":"2024-02-14T11:11:36","date_gmt":"2024-09-16T11:22:20","guid":{"rendered":"https:\/\/staging.nbg.eu\/product\/geissele-super-dynamic-enhanced-sd-e-trigger\/"},"modified":"2024-09-16T11:23:14","modified_gmt":"2024-09-16T11:23:14","slug":"geissele-super-dynamic-enhanced-sd-e-trigger","status":"publish","type":"product","link":"https:\/\/staging.nbg.eu\/mt\/product\/geissele-super-dynamic-enhanced-sd-e-trigger\/","title":{"rendered":"Geissele Super Dynamic Enhanced (SD-E) Trigger"},"content":{"rendered":"<div class=\"product-description\">\n<h2>Geissele Super Dynamic Enhanced (SD-E) Trigger<\/h2>\n<p>Il-Geissele SD-E Trigger huwa trigger ta&#8217; \u017cew\u0121 stadji b&#8217;dawn il-karatteristi\u010bi:<\/p>\n<ul>\n<li>Disinn ta&#8217; ark \u010batt<\/li>\n<li>Mekkani\u017cmu g\u0127al kontroll a\u0127jar<\/li>\n<li>Pre\u010bi\u017cjoni mtejba tal-arma<\/li>\n<li>Affidabbilt\u00e0 ppruvata fil-\u0121lied<\/li>\n<\/ul>\n<p>L-SD-E huwa l-ver\u017cjoni b&#8217;ark \u010batt tal-SSA-E. Id-disinn tieg\u0127u jipprovdi:<\/p>\n<ul>\n<li>Ksur \u010bar<\/li>\n<li>Pi\u017c konsistenti tal-\u0121bid<\/li>\n<li>Tiri ta&#8217; segwitu aktar velo\u010bi<\/li>\n<\/ul>\n<p>Il-Geissele SD-E Trigger jista&#8217; ji\u0121i installat fl-arma tieg\u0127ek.<\/p>\n<\/div>\n","protected":false},"excerpt":{"rendered":"<p>Trigger pre\u010bi\u017c b&#8217;forma \u010batta ta&#8217; \u017cew\u0121 stadji g\u0127al kontroll u pre\u010bi\u017cjoni mtejba.<\/p>\n","protected":false},"featured_media":61989,"template":"","meta":{"_acf_changed":false},"product_brand":[11394],"product_cat":[642,643,2111],"product_tag":[],"class_list":{"0":"post-61988","1":"product","2":"type-product","3":"status-publish","4":"has-post-thumbnail","6":"product_brand-geissele","7":"product_cat-rifle-mt","8":"product_cat-rifle-parts-mt","9":"product_cat-triggers-mt","11":"first","12":"instock","13":"taxable","14":"shipping-taxable","15":"product-type-simple"},"acf":[],"_links":{"self":[{"href":"https:\/\/staging.nbg.eu\/mt\/wp-json\/wp\/v2\/product\/61988","targetHints":{"allow":["GET"]}}],"collection":[{"href":"https:\/\/staging.nbg.eu\/mt\/wp-json\/wp\/v2\/product"}],"about":[{"href":"https:\/\/staging.nbg.eu\/mt\/wp-json\/wp\/v2\/types\/product"}],"wp:featuredmedia":[{"embeddable":true,"href":"https:\/\/staging.nbg.eu\/mt\/wp-json\/wp\/v2\/media\/61989"}],"wp:attachment":[{"href":"https:\/\/staging.nbg.eu\/mt\/wp-json\/wp\/v2\/media?parent=61988"}],"wp:term":[{"taxonomy":"product_brand","embeddable":true,"href":"https:\/\/staging.nbg.eu\/mt\/wp-json\/wp\/v2\/product_brand?post=61988"},{"taxonomy":"product_cat","embeddable":true,"href":"https:\/\/staging.nbg.eu\/mt\/wp-json\/wp\/v2\/product_cat?post=61988"},{"taxonomy":"product_tag","embeddable":true,"href":"https:\/\/staging.nbg.eu\/mt\/wp-json\/wp\/v2\/product_tag?post=61988"}],"curies":[{"name":"wp","href":"https:\/\/api.w.org\/{rel}","templated":true}]}}