{"id":61864,"date":"2024-02-14T19:46:21","date_gmt":"2024-09-16T11:14:25","guid":{"rendered":"https:\/\/staging.nbg.eu\/product\/geissele-hk-mr-556-trigger\/"},"modified":"2024-09-16T11:15:18","modified_gmt":"2024-09-16T11:15:18","slug":"geissele-hk-mr-556-trigger","status":"publish","type":"product","link":"https:\/\/staging.nbg.eu\/mt\/product\/geissele-hk-mr-556-trigger\/","title":{"rendered":"Geissele HK MR 556 Trigger"},"content":{"rendered":"<h2>Geissele HK MR 556 Grillu<\/h2>\n<p>Dan il-grillu Geissele HK MR 556 huwa g\u0127all-HK 556 jew HK 416 semi-awtomatiku. Huwa simili g\u0127all-grillu SSA tag\u0127na u joffri:<\/p>\n<ul>\n<li>Pre\u010bi\u017cjoni mtejba<\/li>\n<li>\u0120bid aktar fa\u010bli<\/li>\n<li>Tiri sussegwenti aktar mg\u0127a\u0121\u0121la<\/li>\n<li>Kompatibbli ma&#8217; HK 556 u HK 416 semi-awtomatiku<\/li>\n<\/ul>\n<p>Dan il-grillu huwa mag\u0127mul minn Geissele.<\/p>\n","protected":false},"excerpt":{"rendered":"<p>Xkattatur ta&#8217; pre\u010bi\u017cjoni g\u0127all-HK MR 556\/416. Prestazzjoni simili g\u0127al SSA g\u0127al aktar pre\u010bi\u017cjoni.<\/p>\n","protected":false},"featured_media":61865,"template":"","meta":{"_acf_changed":false},"product_brand":[11394],"product_cat":[642,643,2111],"product_tag":[],"class_list":{"0":"post-61864","1":"product","2":"type-product","3":"status-publish","4":"has-post-thumbnail","6":"product_brand-geissele","7":"product_cat-rifle-mt","8":"product_cat-rifle-parts-mt","9":"product_cat-triggers-mt","11":"first","12":"instock","13":"taxable","14":"shipping-taxable","15":"product-type-simple"},"acf":[],"_links":{"self":[{"href":"https:\/\/staging.nbg.eu\/mt\/wp-json\/wp\/v2\/product\/61864","targetHints":{"allow":["GET"]}}],"collection":[{"href":"https:\/\/staging.nbg.eu\/mt\/wp-json\/wp\/v2\/product"}],"about":[{"href":"https:\/\/staging.nbg.eu\/mt\/wp-json\/wp\/v2\/types\/product"}],"wp:featuredmedia":[{"embeddable":true,"href":"https:\/\/staging.nbg.eu\/mt\/wp-json\/wp\/v2\/media\/61865"}],"wp:attachment":[{"href":"https:\/\/staging.nbg.eu\/mt\/wp-json\/wp\/v2\/media?parent=61864"}],"wp:term":[{"taxonomy":"product_brand","embeddable":true,"href":"https:\/\/staging.nbg.eu\/mt\/wp-json\/wp\/v2\/product_brand?post=61864"},{"taxonomy":"product_cat","embeddable":true,"href":"https:\/\/staging.nbg.eu\/mt\/wp-json\/wp\/v2\/product_cat?post=61864"},{"taxonomy":"product_tag","embeddable":true,"href":"https:\/\/staging.nbg.eu\/mt\/wp-json\/wp\/v2\/product_tag?post=61864"}],"curies":[{"name":"wp","href":"https:\/\/api.w.org\/{rel}","templated":true}]}}