{"id":61802,"date":"2024-02-14T19:52:46","date_gmt":"2024-09-16T11:12:33","guid":{"rendered":"https:\/\/staging.nbg.eu\/product\/geissele-hk-mr-762-trigger\/"},"modified":"2024-09-16T11:13:27","modified_gmt":"2024-09-16T11:13:27","slug":"geissele-hk-mr-762-trigger","status":"publish","type":"product","link":"https:\/\/staging.nbg.eu\/mt\/product\/geissele-hk-mr-762-trigger\/","title":{"rendered":"Geissele HK MR 762 Trigger"},"content":{"rendered":"<div class=\"product-description\">\n<h2>Geissele HK MR 762 Grillu<\/h2>\n<p>Dan il-grillu huwa g\u0127all-HK 762 jew HK 417 semi-awtomatiku. Il-Geissele HK MR 762 grillu huwa simili g\u0127all-grillu SSA tag\u0127na u joffri:<\/p>\n<ul>\n<li>\u0120bid lixx<\/li>\n<li>Pre\u010bi\u017cjoni mtejba<\/li>\n<li>Kompatibbilt\u00e0 ma&#8217; mudelli HK 762 u HK 417<\/li>\n<li>Kostruzzjoni re\u017cistenti<\/li>\n<\/ul>\n<p>Dan il-grillu ju\u017ca t-teknolo\u0121ija ta&#8217; Geissele.<\/p>\n<\/div>\n","protected":false},"excerpt":{"rendered":"<p>Skattatur ta&#8217; pre\u010bi\u017cjoni tat-tip SSA g\u0127al xkubetti HK 762 u HK 417 semi-awtomati\u010bi.<\/p>\n","protected":false},"featured_media":61803,"template":"","meta":{"_acf_changed":false},"product_brand":[11394],"product_cat":[642,643,2111],"product_tag":[],"class_list":{"0":"post-61802","1":"product","2":"type-product","3":"status-publish","4":"has-post-thumbnail","6":"product_brand-geissele","7":"product_cat-rifle-mt","8":"product_cat-rifle-parts-mt","9":"product_cat-triggers-mt","11":"first","12":"instock","13":"taxable","14":"shipping-taxable","15":"product-type-simple"},"acf":[],"_links":{"self":[{"href":"https:\/\/staging.nbg.eu\/mt\/wp-json\/wp\/v2\/product\/61802","targetHints":{"allow":["GET"]}}],"collection":[{"href":"https:\/\/staging.nbg.eu\/mt\/wp-json\/wp\/v2\/product"}],"about":[{"href":"https:\/\/staging.nbg.eu\/mt\/wp-json\/wp\/v2\/types\/product"}],"wp:featuredmedia":[{"embeddable":true,"href":"https:\/\/staging.nbg.eu\/mt\/wp-json\/wp\/v2\/media\/61803"}],"wp:attachment":[{"href":"https:\/\/staging.nbg.eu\/mt\/wp-json\/wp\/v2\/media?parent=61802"}],"wp:term":[{"taxonomy":"product_brand","embeddable":true,"href":"https:\/\/staging.nbg.eu\/mt\/wp-json\/wp\/v2\/product_brand?post=61802"},{"taxonomy":"product_cat","embeddable":true,"href":"https:\/\/staging.nbg.eu\/mt\/wp-json\/wp\/v2\/product_cat?post=61802"},{"taxonomy":"product_tag","embeddable":true,"href":"https:\/\/staging.nbg.eu\/mt\/wp-json\/wp\/v2\/product_tag?post=61802"}],"curies":[{"name":"wp","href":"https:\/\/api.w.org\/{rel}","templated":true}]}}