{"id":61356,"date":"2024-02-14T20:22:23","date_gmt":"2024-09-16T10:48:31","guid":{"rendered":"https:\/\/staging.nbg.eu\/product\/geissele-15-super-modular-rail-mk16-m-lok\/"},"modified":"2024-09-16T10:49:28","modified_gmt":"2024-09-16T10:49:28","slug":"geissele-15-super-modular-rail-mk16-m-lok","status":"publish","type":"product","link":"https:\/\/staging.nbg.eu\/mt\/product\/geissele-15-super-modular-rail-mk16-m-lok\/","title":{"rendered":"Geissele 15&#8243; Super Modular Rail MK16 M-LOK\u00ae"},"content":{"rendered":"<h2 style=\"text-align: center\"><strong>15\u2033 Super Modular Rail MK16 M-LOK\u00ae<\/strong><\/h2>\n<p>Il-Geissele Super Modular Rail MK16 huwa mmuntat fuq l-AR-15 upper tieg\u0127ek bl-u\u017cu tal-ver\u017cjoni a\u0121\u0121ornata tad-disinn tal-Geissele Barrel Nut. Il-MK16 huwa fa\u010bli biex tinstallah u \u017c\u017commu, u joffri ri\u0121idit\u00e0 superjuri. Tabs kontra r-rotazzjoni u viti tas-sett ji\u017cguraw li r-rail tieg\u0127ek ma jdurx. <b>Rail M1913 picatinny fuq nett u slots M-LOK\u2122<\/b> fuq kull kwadrant ji\u017cguraw personalizzazzjoni massima g\u0127all-a\u010b\u010bessorji kollha tieg\u0127ek. Il-Geissele SMR MK16 huwa mmanifatturat bi pre\u010bi\u017cjoni bl-u\u017cu ta&#8217; <b>Aluminju tas-Serje 7000<\/b> u huwa ffinit b&#8217;anodizzazzjoni tat-Tip 3 Hardcoat.<\/p>\n<p>Is-Super Modular Rail 13.5&#8243; (SMR) MK16 M-LOK\u00ae, NSN# 1005-01-672-4794 (13.5&#8243;), <b>\u0121ie adottat minn USASOC g\u0127all-programm URG-I (Upper Receiver Group Improved)<\/b>.<\/p>\n<h2 style=\"text-align: center\"><strong>SPE\u010aIFIKAZZJONIJIET<\/strong><\/h2>\n<hr \/>\n<table border=\"1\">\n<tbody>\n<tr>\n<td><strong>G\u0126OLI: <\/strong><\/td>\n<td> 2.39&#8243;<\/td>\n<\/tr>\n<tr>\n<td><strong>KULUR: <\/strong><\/td>\n<td> Iswed, DDC, Gri\u017c, ODG<\/td>\n<\/tr>\n<tr>\n<td><strong>MATERJAL: <\/strong><\/td>\n<td> Aluminju tas-Serje 7000<\/td>\n<\/tr>\n<tr>\n<td><strong>FINITURA: <\/strong><\/td>\n<td> Anodizzazzjoni tat-Tip 3 Hardcoat<\/td>\n<\/tr>\n<tr>\n<td><strong>TULIJIET DISPONIBBLI: <\/strong><\/td>\n<td> 9.3&#8243;, 10.5&#8243;, 13.5&#8243;<\/td>\n<\/tr>\n<tr>\n<td><strong>DIJAMETRU INTERN: <\/strong><\/td>\n<td> 1.26&#8243;<\/td>\n<\/tr>\n<tr>\n<td><strong>DIJAMETRU ESTERN (DAQ*): <\/strong><\/td>\n<td> 1.59&#8243;<\/td>\n<\/tr>\n<tr>\n<td><strong>PI\u017b TAL-SMR MK16 9.3&#8243;: <\/strong><\/td>\n<td> 10.1oz (11.74oz bil-barrel nut)<\/td>\n<\/tr>\n<tr>\n<td><strong>PI\u017b TAL-SMR MK16 10.5&#8243;: <\/strong><\/td>\n<td> 11oz (12.6oz bil-barrel nut)<\/td>\n<\/tr>\n<tr>\n<td><strong>PI\u017b TAL-SMR MK16 13.5&#8243;: <\/strong><\/td>\n<td> 13.4oz (14.9oz bil-barrel nut)<\/td>\n<\/tr>\n<\/tbody>\n<\/table>\n<p><em>*DAQ &#8211; Distanza Minn Na\u0127a g\u0127al O\u0127ra tal-Kwadranti<\/em><\/p>\n","protected":false},"excerpt":{"rendered":"<p><strong>Prestazzjoni Bla Paragun G\u0127all-Isparaturi L-Aktar E\u017ci\u0121enti<\/strong><\/p>\n","protected":false},"featured_media":61357,"template":"","meta":{"_acf_changed":false},"product_brand":[11394],"product_cat":[730,642,643],"product_tag":[],"class_list":{"0":"post-61356","1":"product","2":"type-product","3":"status-publish","4":"has-post-thumbnail","6":"product_brand-geissele","7":"product_cat-rails-mt","8":"product_cat-rifle-mt","9":"product_cat-rifle-parts-mt","11":"first","12":"instock","13":"taxable","14":"shipping-taxable","15":"product-type-variable","16":"wvs-archive-product-wrapper"},"acf":[],"_links":{"self":[{"href":"https:\/\/staging.nbg.eu\/mt\/wp-json\/wp\/v2\/product\/61356","targetHints":{"allow":["GET"]}}],"collection":[{"href":"https:\/\/staging.nbg.eu\/mt\/wp-json\/wp\/v2\/product"}],"about":[{"href":"https:\/\/staging.nbg.eu\/mt\/wp-json\/wp\/v2\/types\/product"}],"wp:featuredmedia":[{"embeddable":true,"href":"https:\/\/staging.nbg.eu\/mt\/wp-json\/wp\/v2\/media\/61357"}],"wp:attachment":[{"href":"https:\/\/staging.nbg.eu\/mt\/wp-json\/wp\/v2\/media?parent=61356"}],"wp:term":[{"taxonomy":"product_brand","embeddable":true,"href":"https:\/\/staging.nbg.eu\/mt\/wp-json\/wp\/v2\/product_brand?post=61356"},{"taxonomy":"product_cat","embeddable":true,"href":"https:\/\/staging.nbg.eu\/mt\/wp-json\/wp\/v2\/product_cat?post=61356"},{"taxonomy":"product_tag","embeddable":true,"href":"https:\/\/staging.nbg.eu\/mt\/wp-json\/wp\/v2\/product_tag?post=61356"}],"curies":[{"name":"wp","href":"https:\/\/api.w.org\/{rel}","templated":true}]}}