{"id":61102,"date":"2024-02-14T20:33:29","date_gmt":"2024-09-16T10:40:23","guid":{"rendered":"https:\/\/staging.nbg.eu\/product\/geissele-16-super-modular-rail-mk18-m-lok\/"},"modified":"2024-09-16T10:41:23","modified_gmt":"2024-09-16T10:41:23","slug":"geissele-16-super-modular-rail-mk18-m-lok","status":"publish","type":"product","link":"https:\/\/staging.nbg.eu\/mt\/product\/geissele-16-super-modular-rail-mk18-m-lok\/","title":{"rendered":"Geissele 16&#8243; Super Modular Rail MK18 M-LOK\u00ae"},"content":{"rendered":"<h2 style=\"text-align: center\"><b>Rota Modulari Super ta&#8217; 16&#8243; MK18 M-LOK\u00ae<\/b><\/h2>\n<p>Il-MK18 huwa l-aktar ri\u010benti fil-linja ta&#8217; rotot modulari super Geissele u huwa mag\u0127mul spe\u010bifikament biex jintegra mas-Sistema ta&#8217; Rilaxx Rapidu Arca-Swiss. Din il-protezzjoni tal-idejn hija bba\u017cata fuq ir-Rota Modulari Super MK16 M-LOK, b&#8217;dijametru \u017cg\u0127ir u g\u0127oli \u0121enerali. Il-ba\u017ci \u010batta tal-MK18 g\u0127andha forma wiesg\u0127a ta&#8217; 35mm &#8220;stil Arca&#8221; b&#8217;dovetail ta&#8217; 45 grad, li tippermetti munta\u0121\u0121 malajr fuq ba\u017ci ta&#8217; munta\u0121\u0121 Arca-Swiss Quick Release. Il-MK18 g\u0127andu nut tal-kanna proprjetarju ta&#8217; Geissele twil 2.25&#8243;. Ir-rota twila 16&#8243; MK18 hija mag\u0127mula b&#8217;pre\u010bi\u017cjoni 3D bl-u\u017cu ta&#8217; Aluminju tas-Serje 7000.<\/p>\n<p>Bl-u\u017cu tat-teknolo\u0121ija M-LOK ta&#8217; Magpul fil-kwadrati ewlenin 3 (xellug, lemin u isfel), kif ukoll il-45 ta&#8217; fuq, il-MK18 joffri modularit\u00e0 u kapa\u010bit\u00e0 ta&#8217; personalizzazzjoni. Ir-rota modulari super MK18 hija lesta b&#8217;Anodizzazzjoni Hardcoat Tip 3 disponibbli f&#8217;Iswed jew finitura DDC ta&#8217; Geissele.<\/p>\n<p>Ir-Rota Modulari Super MK18 ta&#8217; Geissele hija kompatibbli ma&#8217; rixtel ta&#8217; xkubetta AR15 ta&#8217; kwalit\u00e0 militari.<\/p>\n<h2 style=\"text-align: center\"><strong>SPE\u010aIFIKAZZJONIJIET<\/strong><\/h2>\n<hr \/>\n<table border=\"1\">\n<tbody>\n<tr>\n<td><strong>G\u0126OLI: <\/strong><\/td>\n<td> 2.08<\/td>\n<\/tr>\n<tr>\n<td><strong>KULUR: <\/strong><\/td>\n<td> DDC \/ Iswed<\/td>\n<\/tr>\n<tr>\n<td><strong>MATERJAL: <\/strong><\/td>\n<td> Aluminju tas-Serje 7000<\/td>\n<\/tr>\n<tr>\n<td><strong>FINITURA: <\/strong><\/td>\n<td> Anodizzazzjoni Hardcoat Tip 3<\/td>\n<\/tr>\n<tr>\n<td><strong>TUL: <\/strong><\/td>\n<td> 16.5&#8243;<\/td>\n<\/tr>\n<tr>\n<td><strong>DIJAMETRU INTERN: <\/strong><\/td>\n<td> 1.26&#8243;<\/td>\n<\/tr>\n<tr>\n<td><strong>DIJAMETRU ESTERN (DAQ*): <\/strong><\/td>\n<td> 1.59&#8243;<\/td>\n<\/tr>\n<tr>\n<td><strong>PI\u017b TAL-SMR MK18: <\/strong><\/td>\n<td> 17oz (18.4oz mal-nut tal-kanna)<\/td>\n<\/tr>\n<\/tbody>\n<\/table>\n<p>&nbsp;<\/p>\n<p><em>*DAQ &#8211; Distanza Bejn il-Kwadrati<\/em><\/p>\n","protected":false},"excerpt":{"rendered":"<p><strong>Mag\u0127mul biex Jikkollega mas-Sistema ta&#8217; Rilaxx Mg\u0127a\u0121\u0121el Arca-Swiss<\/strong><\/p>\n","protected":false},"featured_media":61103,"template":"","meta":{"_acf_changed":false},"product_brand":[11394],"product_cat":[730,642,643],"product_tag":[],"class_list":{"0":"post-61102","1":"product","2":"type-product","3":"status-publish","4":"has-post-thumbnail","6":"product_brand-geissele","7":"product_cat-rails-mt","8":"product_cat-rifle-mt","9":"product_cat-rifle-parts-mt","11":"first","12":"outofstock","13":"taxable","14":"shipping-taxable","15":"product-type-variable","16":"wvs-archive-product-wrapper"},"acf":[],"_links":{"self":[{"href":"https:\/\/staging.nbg.eu\/mt\/wp-json\/wp\/v2\/product\/61102","targetHints":{"allow":["GET"]}}],"collection":[{"href":"https:\/\/staging.nbg.eu\/mt\/wp-json\/wp\/v2\/product"}],"about":[{"href":"https:\/\/staging.nbg.eu\/mt\/wp-json\/wp\/v2\/types\/product"}],"wp:featuredmedia":[{"embeddable":true,"href":"https:\/\/staging.nbg.eu\/mt\/wp-json\/wp\/v2\/media\/61103"}],"wp:attachment":[{"href":"https:\/\/staging.nbg.eu\/mt\/wp-json\/wp\/v2\/media?parent=61102"}],"wp:term":[{"taxonomy":"product_brand","embeddable":true,"href":"https:\/\/staging.nbg.eu\/mt\/wp-json\/wp\/v2\/product_brand?post=61102"},{"taxonomy":"product_cat","embeddable":true,"href":"https:\/\/staging.nbg.eu\/mt\/wp-json\/wp\/v2\/product_cat?post=61102"},{"taxonomy":"product_tag","embeddable":true,"href":"https:\/\/staging.nbg.eu\/mt\/wp-json\/wp\/v2\/product_tag?post=61102"}],"curies":[{"name":"wp","href":"https:\/\/api.w.org\/{rel}","templated":true}]}}