{"id":60842,"date":"2024-02-14T20:38:31","date_gmt":"2024-09-16T10:32:14","guid":{"rendered":"https:\/\/staging.nbg.eu\/product\/alg-defense-emr-v3x-15-handguard-black\/"},"modified":"2024-09-16T10:33:07","modified_gmt":"2024-09-16T10:33:07","slug":"alg-defense-emr-v3x-15-handguard-iswed","status":"publish","type":"product","link":"https:\/\/staging.nbg.eu\/mt\/product\/alg-defense-emr-v3x-15-handguard-iswed\/","title":{"rendered":"ALG Defense EMR V3X 15&#8243; Handguard &#8211; Iswed"},"content":{"rendered":"<p>Il-ALG Defense EMR V3X 15&#8243; Handguard fl-Iswed joffri sistema ta&#8217; appo\u0121\u0121 M-LOK. Jista&#8217; jwa\u0127\u0127al a\u010b\u010bessorji f&#8217;po\u017cizzjonijiet ta&#8217; 2, 4, 6, 8, u 10. G\u0127andu rail M1913 picatinny tul kollu fil-po\u017cizzjoni ta&#8217; 12 biex jitwa\u0127\u0127lu miri, lasers, dwal, u otti\u010bi o\u0127ra. Jista&#8217; jintu\u017ca biex tarma l-arma skont il-b\u017connijiet tieg\u0127ek.<\/p>\n","protected":false},"excerpt":{"rendered":"<p>Po\u0121\u0121aman M-LOK versatili ta&#8217; 15&#8243; b&#8217;rota Picatinny tul s\u0127i\u0127a.<\/p>\n","protected":false},"featured_media":60843,"template":"","meta":{"_acf_changed":false},"product_brand":[11394],"product_cat":[730,642,643],"product_tag":[],"class_list":{"0":"post-60842","1":"product","2":"type-product","3":"status-publish","4":"has-post-thumbnail","6":"product_brand-geissele","7":"product_cat-rails-mt","8":"product_cat-rifle-mt","9":"product_cat-rifle-parts-mt","11":"first","12":"instock","13":"taxable","14":"shipping-taxable","15":"product-type-simple"},"acf":[],"_links":{"self":[{"href":"https:\/\/staging.nbg.eu\/mt\/wp-json\/wp\/v2\/product\/60842","targetHints":{"allow":["GET"]}}],"collection":[{"href":"https:\/\/staging.nbg.eu\/mt\/wp-json\/wp\/v2\/product"}],"about":[{"href":"https:\/\/staging.nbg.eu\/mt\/wp-json\/wp\/v2\/types\/product"}],"wp:featuredmedia":[{"embeddable":true,"href":"https:\/\/staging.nbg.eu\/mt\/wp-json\/wp\/v2\/media\/60843"}],"wp:attachment":[{"href":"https:\/\/staging.nbg.eu\/mt\/wp-json\/wp\/v2\/media?parent=60842"}],"wp:term":[{"taxonomy":"product_brand","embeddable":true,"href":"https:\/\/staging.nbg.eu\/mt\/wp-json\/wp\/v2\/product_brand?post=60842"},{"taxonomy":"product_cat","embeddable":true,"href":"https:\/\/staging.nbg.eu\/mt\/wp-json\/wp\/v2\/product_cat?post=60842"},{"taxonomy":"product_tag","embeddable":true,"href":"https:\/\/staging.nbg.eu\/mt\/wp-json\/wp\/v2\/product_tag?post=60842"}],"curies":[{"name":"wp","href":"https:\/\/api.w.org\/{rel}","templated":true}]}}